{"id":4126,"date":"2022-01-21T13:19:32","date_gmt":"2022-01-21T13:19:32","guid":{"rendered":"https:\/\/polsoft.pl\/microsoft-surface\/produkt\/modern-usb-c-headset-commercial-black\/"},"modified":"2026-01-23T12:47:30","modified_gmt":"2026-01-23T11:47:30","slug":"modern-usb-c-headset-commercial-black","status":"publish","type":"product","link":"https:\/\/www.polsoft.pl\/microsoft-surface\/produkt\/modern-usb-c-headset-commercial-black\/","title":{"rendered":"Modern USB-C Headset Commercial Black"},"content":{"rendered":"<p style=\"text-align: justify;\">Microsoft <span style=\"text-decoration: underline;\"><strong><a style=\"color: #2271b1;\" href=\"https:\/\/www.microsoft.com\/pl-pl\/d\/zestaw-s%C5%82uchawkowy-microsoft-modern-usb-headset\/8z19kmzqsz2g\/7D3R\" rel=\"nofollow\">Modern USB Headset<\/a><\/strong><\/span> I6P-00006 to nowoczesny zestaw s\u0142uchawkowy, kt\u00f3ry pozwoli skoncentrowa\u0107 si\u0119 na tym co wa\u017cne. Stworzony z my\u015bl\u0105 o ca\u0142odniowym u\u017cytkowaniu. Zapewniaj\u0105 wysok\u0105 jako\u015b\u0107 d\u017awi\u0119ku i rozm\u00f3w. Intuicyjna obs\u0142uga s\u0142uchawek up\u0142ynni prac\u0119, a elegancki wygl\u0105d idealnie wkomponuje si\u0119 w ka\u017cde stanowisko.<\/p>\n<p style=\"text-align: justify;\">Przemy\u015blana konstrukcja zestawu s\u0142uchawkowego pozwoli na wygodn\u0105 prac\u0119 bez uczucia dyskomfortu. Technologia redukcji szum\u00f3w wbudowana w mikrofonie sprawia, \u017ce rozmowa przebiega czysto i wyra\u017anie. Nauszniki s\u0105 lekkie i mi\u0119kkie, co zapewnia wysokiej klasy ergonomi\u0119. Regulowany pa\u0142\u0105k pozwoli Ci na dobranie najwygodniejszej konfiguracji. Mo\u017cesz r\u00f3wnie je pod\u0142\u0105czy\u0107, korzystaj\u0105c z kabla USB-C.<\/p>\n<p style=\"text-align: justify;\">Intuicyjnie steruj i korzystaj z wbudowanych funkcji dzi\u0119ki przyciskom rozmieszczonym w bardzo przemy\u015blany spos\u00f3b. Masz do dyspozycji dwie opcje wyciszenia mikrofonu \u2013 przyciskiem lub bezpo\u015brednim uniesieniem mikrofonu. Kontrolka LED umieszczona na mikrofonie informuje o statusach: wyciszeniu, uzyskaniu po\u0142\u0105czenia czy przychodz\u0105cym po\u0142\u0105czeniu. Ponadto zestaw s\u0142uchawkowy Microsoft Modern USB Headset I6P-00006 jest w pe\u0142ni kompatybilny z aplikacj\u0105 Microsoft Teams.<\/p>\n<p>Microsoft Modern USB Headset jest tak\u017ce dost\u0119pny w konfiguracji USB-A, kt\u00f3r\u0105 znajdziesz pod <span style=\"text-decoration: underline;\"><strong><a style=\"color: #2271b1;\" href=\"https:\/\/polsoft.pl\/microsoft-surface\/produkt\/modern-usb-headset-commercial-black\/\">tym<\/a><\/strong><\/span> adresem.<\/p>\n<table>\n<tbody>\n<tr>\n<td width=\"170\">Producent:<\/td>\n<td width=\"434\">Microsoft<\/td>\n<\/tr>\n<tr>\n<td width=\"170\">Numer katalogowy:<\/td>\n<td width=\"434\">I6P-00006<\/td>\n<\/tr>\n<tr>\n<td width=\"170\">Wymiary (mm):<\/td>\n<td width=\"434\">173 x 167 x 60 (d\u0142. x sz. x g\u0142.)<\/td>\n<\/tr>\n<tr>\n<td width=\"170\">Waga:<\/td>\n<td width=\"434\">142 g<\/td>\n<\/tr>\n<tr>\n<td width=\"170\">Kolor:<\/td>\n<td width=\"434\">czarny (black)<\/td>\n<\/tr>\n<tr>\n<td width=\"170\">Sterowanie:<\/td>\n<td width=\"434\">przycisk Microsoft Teams<br \/>\nprzycisk wyciszania<br \/>\nprzycisk odebrania\/zako\u0144czania po\u0142\u0105cze\u0144<br \/>\nprzycisk regulacji g\u0142o\u015bno\u015bci<\/td>\n<\/tr>\n<tr>\n<td width=\"170\">Po\u0142\u0105czenie:<\/td>\n<td width=\"434\">kabel USB-C<\/td>\n<\/tr>\n<tr>\n<td width=\"170\">Kodeki audio:<\/td>\n<td width=\"434\">PCM<\/td>\n<\/tr>\n<tr>\n<td width=\"170\">Kompatybilny z:<\/td>\n<td width=\"434\">Windows 11 Home<br \/>\nWindows 11 Pro<br \/>\nWindows 10<br \/>\nWindows 8.1<br \/>\nWindows 8<br \/>\nMac OS 11.0<br \/>\nMac Os 10.15<\/td>\n<\/tr>\n<tr>\n<td width=\"170\">W zestawie:<\/td>\n<td width=\"434\">zestaw s\u0142uchawkowy Microsoft Modern USB Headset<br \/>\nskr\u00f3cona instrukcja obs\u0142ugi<br \/>\ndokumenty dotycz\u0105ce gwarancji i bezpiecze\u0144stwa<\/td>\n<\/tr>\n<tr>\n<td width=\"170\">Gwarancja:<\/td>\n<td width=\"434\">roczny okres gwarancji<\/td>\n<\/tr>\n<\/tbody>\n<\/table>\n","protected":false},"excerpt":{"rendered":"<p>Microsoft Modern USB Headset I6P-00006 to nowoczesny zestaw s\u0142uchawkowy, kt\u00f3ry pozwoli skoncentrowa\u0107 si\u0119 na tym co wa\u017cne. Stworzony z my\u015bl\u0105 o ca\u0142odniowym u\u017cytkowaniu. Zapewniaj\u0105 wysok\u0105 jako\u015b\u0107 d\u017awi\u0119ku i rozm\u00f3w. Intuicyjna obs\u0142uga s\u0142uchawek up\u0142ynni prac\u0119, a elegancki wygl\u0105d idealnie wkomponuje si\u0119 w ka\u017cde stanowisko. Przemy\u015blana konstrukcja zestawu s\u0142uchawkowego pozwoli na wygodn\u0105 prac\u0119 bez uczucia dyskomfortu. Technologia [&hellip;]<\/p>\n","protected":false},"featured_media":4833,"template":"","meta":{"site-sidebar-layout":"default","site-content-layout":"default","ast-site-content-layout":"default","site-content-style":"default","site-sidebar-style":"default","ast-global-header-display":"","ast-banner-title-visibility":"","ast-main-header-display":"","ast-hfb-above-header-display":"","ast-hfb-below-header-display":"","ast-hfb-mobile-header-display":"","site-post-title":"","ast-breadcrumbs-content":"","ast-featured-img":"","footer-sml-layout":"","ast-disable-related-posts":"","theme-transparent-header-meta":"default","adv-header-id-meta":"","stick-header-meta":"","header-above-stick-meta":"","header-main-stick-meta":"","header-below-stick-meta":"","astra-migrate-meta-layouts":"default","ast-page-background-enabled":"default","ast-page-background-meta":{"desktop":{"background-color":"","background-image":"","background-repeat":"repeat","background-position":"center center","background-size":"auto","background-attachment":"scroll","background-type":"","background-media":"","overlay-type":"","overlay-color":"","overlay-opacity":"","overlay-gradient":""},"tablet":{"background-color":"","background-image":"","background-repeat":"repeat","background-position":"center center","background-size":"auto","background-attachment":"scroll","background-type":"","background-media":"","overlay-type":"","overlay-color":"","overlay-opacity":"","overlay-gradient":""},"mobile":{"background-color":"","background-image":"","background-repeat":"repeat","background-position":"center center","background-size":"auto","background-attachment":"scroll","background-type":"","background-media":"","overlay-type":"","overlay-color":"","overlay-opacity":"","overlay-gradient":""}},"ast-content-background-meta":{"desktop":{"background-color":"var(--ast-global-color-5)","background-image":"","background-repeat":"repeat","background-position":"center center","background-size":"auto","background-attachment":"scroll","background-type":"","background-media":"","overlay-type":"","overlay-color":"","overlay-opacity":"","overlay-gradient":""},"tablet":{"background-color":"var(--ast-global-color-5)","background-image":"","background-repeat":"repeat","background-position":"center center","background-size":"auto","background-attachment":"scroll","background-type":"","background-media":"","overlay-type":"","overlay-color":"","overlay-opacity":"","overlay-gradient":""},"mobile":{"background-color":"var(--ast-global-color-5)","background-image":"","background-repeat":"repeat","background-position":"center center","background-size":"auto","background-attachment":"scroll","background-type":"","background-media":"","overlay-type":"","overlay-color":"","overlay-opacity":"","overlay-gradient":""}},"_links_to":"","_links_to_target":""},"product_brand":[],"product_cat":[90],"product_tag":[],"class_list":{"0":"post-4126","1":"product","2":"type-product","3":"status-publish","4":"has-post-thumbnail","6":"product_cat-akcesoria-microsoft-surface","7":"desktop-align-left","8":"tablet-align-left","9":"mobile-align-left","11":"first","12":"instock","13":"taxable","14":"shipping-taxable","15":"purchasable","16":"product-type-simple"},"yoast_head":"<!-- This site is optimized with the Yoast SEO plugin v26.7 - https:\/\/yoast.com\/wordpress\/plugins\/seo\/ -->\n<title>Microsoft Modern USB Headset I6P-00006 - Sklep Microsoft Surface<\/title>\n<meta name=\"description\" content=\"Microsoft Modern USB Headset I6P-00006 - czarny - Sklep rozwi\u0105za\u0144 Microsoft Surface firmy Polsoft Engineering.\" \/>\n<meta name=\"robots\" content=\"index, follow, max-snippet:-1, max-image-preview:large, max-video-preview:-1\" \/>\n<link rel=\"canonical\" href=\"https:\/\/polsoft.pl\/microsoft-surface\/produkt\/modern-usb-c-headset-commercial-black\/\" \/>\n<meta property=\"og:locale\" content=\"pl_PL\" \/>\n<meta property=\"og:type\" content=\"article\" \/>\n<meta property=\"og:title\" content=\"Microsoft Modern USB Headset I6P-00006 - Sklep Microsoft Surface\" \/>\n<meta property=\"og:description\" content=\"Microsoft Modern USB Headset I6P-00006 - czarny - Sklep rozwi\u0105za\u0144 Microsoft Surface firmy Polsoft Engineering.\" \/>\n<meta property=\"og:url\" content=\"https:\/\/polsoft.pl\/microsoft-surface\/produkt\/modern-usb-c-headset-commercial-black\/\" \/>\n<meta property=\"og:site_name\" content=\"Sklep rozwi\u0105za\u0144 Microsoft Surface\" \/>\n<meta property=\"article:modified_time\" content=\"2026-01-23T11:47:30+00:00\" \/>\n<meta property=\"og:image\" content=\"https:\/\/polsoft.pl\/microsoft-surface\/wp-content\/uploads\/2022\/06\/zestaw-sluchawkowy-microsoft-modern-usb-c-headset-czarny-I6P-00006-1.jpg\" \/>\n\t<meta property=\"og:image:width\" content=\"800\" \/>\n\t<meta property=\"og:image:height\" content=\"800\" \/>\n\t<meta property=\"og:image:type\" content=\"image\/jpeg\" \/>\n<meta name=\"twitter:card\" content=\"summary_large_image\" \/>\n<meta name=\"twitter:label1\" content=\"Szacowany czas czytania\" \/>\n\t<meta name=\"twitter:data1\" content=\"2 minuty\" \/>\n<script type=\"application\/ld+json\" class=\"yoast-schema-graph\">{\"@context\":\"https:\/\/schema.org\",\"@graph\":[{\"@type\":\"WebPage\",\"@id\":\"https:\/\/polsoft.pl\/microsoft-surface\/produkt\/modern-usb-c-headset-commercial-black\/\",\"url\":\"https:\/\/polsoft.pl\/microsoft-surface\/produkt\/modern-usb-c-headset-commercial-black\/\",\"name\":\"Microsoft Modern USB Headset I6P-00006 - Sklep Microsoft Surface\",\"isPartOf\":{\"@id\":\"https:\/\/polsoft.pl\/microsoft-surface\/#website\"},\"primaryImageOfPage\":{\"@id\":\"https:\/\/polsoft.pl\/microsoft-surface\/produkt\/modern-usb-c-headset-commercial-black\/#primaryimage\"},\"image\":{\"@id\":\"https:\/\/polsoft.pl\/microsoft-surface\/produkt\/modern-usb-c-headset-commercial-black\/#primaryimage\"},\"thumbnailUrl\":\"https:\/\/www.polsoft.pl\/microsoft-surface\/wp-content\/uploads\/2022\/06\/zestaw-sluchawkowy-microsoft-modern-usb-c-headset-czarny-I6P-00006-1.jpg\",\"datePublished\":\"2022-01-21T13:19:32+00:00\",\"dateModified\":\"2026-01-23T11:47:30+00:00\",\"description\":\"Microsoft Modern USB Headset I6P-00006 - czarny - Sklep rozwi\u0105za\u0144 Microsoft Surface firmy Polsoft Engineering.\",\"breadcrumb\":{\"@id\":\"https:\/\/polsoft.pl\/microsoft-surface\/produkt\/modern-usb-c-headset-commercial-black\/#breadcrumb\"},\"inLanguage\":\"pl-PL\",\"potentialAction\":[{\"@type\":\"ReadAction\",\"target\":[\"https:\/\/polsoft.pl\/microsoft-surface\/produkt\/modern-usb-c-headset-commercial-black\/\"]}]},{\"@type\":\"ImageObject\",\"inLanguage\":\"pl-PL\",\"@id\":\"https:\/\/polsoft.pl\/microsoft-surface\/produkt\/modern-usb-c-headset-commercial-black\/#primaryimage\",\"url\":\"https:\/\/www.polsoft.pl\/microsoft-surface\/wp-content\/uploads\/2022\/06\/zestaw-sluchawkowy-microsoft-modern-usb-c-headset-czarny-I6P-00006-1.jpg\",\"contentUrl\":\"https:\/\/www.polsoft.pl\/microsoft-surface\/wp-content\/uploads\/2022\/06\/zestaw-sluchawkowy-microsoft-modern-usb-c-headset-czarny-I6P-00006-1.jpg\",\"width\":800,\"height\":800,\"caption\":\"Zdj\u0119cie przewodowego zestawu s\u0142uchawkowego Microsoft Modern USB-C Headset - I6P-00006\"},{\"@type\":\"BreadcrumbList\",\"@id\":\"https:\/\/polsoft.pl\/microsoft-surface\/produkt\/modern-usb-c-headset-commercial-black\/#breadcrumb\",\"itemListElement\":[{\"@type\":\"ListItem\",\"position\":1,\"name\":\"Strona g\u0142\u00f3wna\",\"item\":\"https:\/\/polsoft.pl\/microsoft-surface\/\"},{\"@type\":\"ListItem\",\"position\":2,\"name\":\"Sklep\",\"item\":\"https:\/\/polsoft.pl\/microsoft-surface\/sklep\/\"},{\"@type\":\"ListItem\",\"position\":3,\"name\":\"Modern USB-C Headset Commercial Black\"}]},{\"@type\":\"WebSite\",\"@id\":\"https:\/\/polsoft.pl\/microsoft-surface\/#website\",\"url\":\"https:\/\/polsoft.pl\/microsoft-surface\/\",\"name\":\"Sklep Microsoft Surface\",\"description\":\"Sklep Microsoft Surface\",\"publisher\":{\"@id\":\"https:\/\/polsoft.pl\/microsoft-surface\/#organization\"},\"potentialAction\":[{\"@type\":\"SearchAction\",\"target\":{\"@type\":\"EntryPoint\",\"urlTemplate\":\"https:\/\/polsoft.pl\/microsoft-surface\/?s={search_term_string}\"},\"query-input\":{\"@type\":\"PropertyValueSpecification\",\"valueRequired\":true,\"valueName\":\"search_term_string\"}}],\"inLanguage\":\"pl-PL\"},{\"@type\":\"Organization\",\"@id\":\"https:\/\/polsoft.pl\/microsoft-surface\/#organization\",\"name\":\"Polsoft Engineering Sp. z o.o.\",\"url\":\"https:\/\/polsoft.pl\/microsoft-surface\/\",\"logo\":{\"@type\":\"ImageObject\",\"inLanguage\":\"pl-PL\",\"@id\":\"https:\/\/polsoft.pl\/microsoft-surface\/#\/schema\/logo\/image\/\",\"url\":\"https:\/\/www.polsoft.pl\/microsoft-surface\/wp-content\/uploads\/2020\/10\/microsoft_partner_logo_black_polsoft.png\",\"contentUrl\":\"https:\/\/www.polsoft.pl\/microsoft-surface\/wp-content\/uploads\/2020\/10\/microsoft_partner_logo_black_polsoft.png\",\"width\":613,\"height\":158,\"caption\":\"Polsoft Engineering Sp. z o.o.\"},\"image\":{\"@id\":\"https:\/\/polsoft.pl\/microsoft-surface\/#\/schema\/logo\/image\/\"}}]}<\/script>\n<!-- \/ Yoast SEO plugin. -->","yoast_head_json":{"title":"Microsoft Modern USB Headset I6P-00006 - Sklep Microsoft Surface","description":"Microsoft Modern USB Headset I6P-00006 - czarny - Sklep rozwi\u0105za\u0144 Microsoft Surface firmy Polsoft Engineering.","robots":{"index":"index","follow":"follow","max-snippet":"max-snippet:-1","max-image-preview":"max-image-preview:large","max-video-preview":"max-video-preview:-1"},"canonical":"https:\/\/polsoft.pl\/microsoft-surface\/produkt\/modern-usb-c-headset-commercial-black\/","og_locale":"pl_PL","og_type":"article","og_title":"Microsoft Modern USB Headset I6P-00006 - Sklep Microsoft Surface","og_description":"Microsoft Modern USB Headset I6P-00006 - czarny - Sklep rozwi\u0105za\u0144 Microsoft Surface firmy Polsoft Engineering.","og_url":"https:\/\/polsoft.pl\/microsoft-surface\/produkt\/modern-usb-c-headset-commercial-black\/","og_site_name":"Sklep rozwi\u0105za\u0144 Microsoft Surface","article_modified_time":"2026-01-23T11:47:30+00:00","og_image":[{"width":800,"height":800,"url":"https:\/\/polsoft.pl\/microsoft-surface\/wp-content\/uploads\/2022\/06\/zestaw-sluchawkowy-microsoft-modern-usb-c-headset-czarny-I6P-00006-1.jpg","type":"image\/jpeg"}],"twitter_card":"summary_large_image","twitter_misc":{"Szacowany czas czytania":"2 minuty"},"schema":{"@context":"https:\/\/schema.org","@graph":[{"@type":"WebPage","@id":"https:\/\/polsoft.pl\/microsoft-surface\/produkt\/modern-usb-c-headset-commercial-black\/","url":"https:\/\/polsoft.pl\/microsoft-surface\/produkt\/modern-usb-c-headset-commercial-black\/","name":"Microsoft Modern USB Headset I6P-00006 - Sklep Microsoft Surface","isPartOf":{"@id":"https:\/\/polsoft.pl\/microsoft-surface\/#website"},"primaryImageOfPage":{"@id":"https:\/\/polsoft.pl\/microsoft-surface\/produkt\/modern-usb-c-headset-commercial-black\/#primaryimage"},"image":{"@id":"https:\/\/polsoft.pl\/microsoft-surface\/produkt\/modern-usb-c-headset-commercial-black\/#primaryimage"},"thumbnailUrl":"https:\/\/www.polsoft.pl\/microsoft-surface\/wp-content\/uploads\/2022\/06\/zestaw-sluchawkowy-microsoft-modern-usb-c-headset-czarny-I6P-00006-1.jpg","datePublished":"2022-01-21T13:19:32+00:00","dateModified":"2026-01-23T11:47:30+00:00","description":"Microsoft Modern USB Headset I6P-00006 - czarny - Sklep rozwi\u0105za\u0144 Microsoft Surface firmy Polsoft Engineering.","breadcrumb":{"@id":"https:\/\/polsoft.pl\/microsoft-surface\/produkt\/modern-usb-c-headset-commercial-black\/#breadcrumb"},"inLanguage":"pl-PL","potentialAction":[{"@type":"ReadAction","target":["https:\/\/polsoft.pl\/microsoft-surface\/produkt\/modern-usb-c-headset-commercial-black\/"]}]},{"@type":"ImageObject","inLanguage":"pl-PL","@id":"https:\/\/polsoft.pl\/microsoft-surface\/produkt\/modern-usb-c-headset-commercial-black\/#primaryimage","url":"https:\/\/www.polsoft.pl\/microsoft-surface\/wp-content\/uploads\/2022\/06\/zestaw-sluchawkowy-microsoft-modern-usb-c-headset-czarny-I6P-00006-1.jpg","contentUrl":"https:\/\/www.polsoft.pl\/microsoft-surface\/wp-content\/uploads\/2022\/06\/zestaw-sluchawkowy-microsoft-modern-usb-c-headset-czarny-I6P-00006-1.jpg","width":800,"height":800,"caption":"Zdj\u0119cie przewodowego zestawu s\u0142uchawkowego Microsoft Modern USB-C Headset - I6P-00006"},{"@type":"BreadcrumbList","@id":"https:\/\/polsoft.pl\/microsoft-surface\/produkt\/modern-usb-c-headset-commercial-black\/#breadcrumb","itemListElement":[{"@type":"ListItem","position":1,"name":"Strona g\u0142\u00f3wna","item":"https:\/\/polsoft.pl\/microsoft-surface\/"},{"@type":"ListItem","position":2,"name":"Sklep","item":"https:\/\/polsoft.pl\/microsoft-surface\/sklep\/"},{"@type":"ListItem","position":3,"name":"Modern USB-C Headset Commercial Black"}]},{"@type":"WebSite","@id":"https:\/\/polsoft.pl\/microsoft-surface\/#website","url":"https:\/\/polsoft.pl\/microsoft-surface\/","name":"Sklep Microsoft Surface","description":"Sklep Microsoft Surface","publisher":{"@id":"https:\/\/polsoft.pl\/microsoft-surface\/#organization"},"potentialAction":[{"@type":"SearchAction","target":{"@type":"EntryPoint","urlTemplate":"https:\/\/polsoft.pl\/microsoft-surface\/?s={search_term_string}"},"query-input":{"@type":"PropertyValueSpecification","valueRequired":true,"valueName":"search_term_string"}}],"inLanguage":"pl-PL"},{"@type":"Organization","@id":"https:\/\/polsoft.pl\/microsoft-surface\/#organization","name":"Polsoft Engineering Sp. z o.o.","url":"https:\/\/polsoft.pl\/microsoft-surface\/","logo":{"@type":"ImageObject","inLanguage":"pl-PL","@id":"https:\/\/polsoft.pl\/microsoft-surface\/#\/schema\/logo\/image\/","url":"https:\/\/www.polsoft.pl\/microsoft-surface\/wp-content\/uploads\/2020\/10\/microsoft_partner_logo_black_polsoft.png","contentUrl":"https:\/\/www.polsoft.pl\/microsoft-surface\/wp-content\/uploads\/2020\/10\/microsoft_partner_logo_black_polsoft.png","width":613,"height":158,"caption":"Polsoft Engineering Sp. z o.o."},"image":{"@id":"https:\/\/polsoft.pl\/microsoft-surface\/#\/schema\/logo\/image\/"}}]}},"_links":{"self":[{"href":"https:\/\/www.polsoft.pl\/microsoft-surface\/wp-json\/wp\/v2\/product\/4126","targetHints":{"allow":["GET"]}}],"collection":[{"href":"https:\/\/www.polsoft.pl\/microsoft-surface\/wp-json\/wp\/v2\/product"}],"about":[{"href":"https:\/\/www.polsoft.pl\/microsoft-surface\/wp-json\/wp\/v2\/types\/product"}],"version-history":[{"count":3,"href":"https:\/\/www.polsoft.pl\/microsoft-surface\/wp-json\/wp\/v2\/product\/4126\/revisions"}],"predecessor-version":[{"id":4883,"href":"https:\/\/www.polsoft.pl\/microsoft-surface\/wp-json\/wp\/v2\/product\/4126\/revisions\/4883"}],"wp:featuredmedia":[{"embeddable":true,"href":"https:\/\/www.polsoft.pl\/microsoft-surface\/wp-json\/wp\/v2\/media\/4833"}],"wp:attachment":[{"href":"https:\/\/www.polsoft.pl\/microsoft-surface\/wp-json\/wp\/v2\/media?parent=4126"}],"wp:term":[{"taxonomy":"product_brand","embeddable":true,"href":"https:\/\/www.polsoft.pl\/microsoft-surface\/wp-json\/wp\/v2\/product_brand?post=4126"},{"taxonomy":"product_cat","embeddable":true,"href":"https:\/\/www.polsoft.pl\/microsoft-surface\/wp-json\/wp\/v2\/product_cat?post=4126"},{"taxonomy":"product_tag","embeddable":true,"href":"https:\/\/www.polsoft.pl\/microsoft-surface\/wp-json\/wp\/v2\/product_tag?post=4126"}],"curies":[{"name":"wp","href":"https:\/\/api.w.org\/{rel}","templated":true}]}}