{"id":4174,"date":"2022-05-18T12:16:04","date_gmt":"2022-05-18T12:16:04","guid":{"rendered":"https:\/\/polsoft.pl\/microsoft-surface\/produkt\/tablet-microsoft-surface-pro-8-wi-fi-platinium-8pm-00018-i3-1115g4-8gb-128gb-13-w10p\/"},"modified":"2025-07-15T13:56:54","modified_gmt":"2025-07-15T11:56:54","slug":"tablet-microsoft-surface-pro-8-wi-fi-platinium-8pm-00018-i3-1115g4-8gb-128gb-13-w10p","status":"publish","type":"product","link":"https:\/\/www.polsoft.pl\/microsoft-surface\/produkt\/tablet-microsoft-surface-pro-8-wi-fi-platinium-8pm-00018-i3-1115g4-8gb-128gb-13-w10p\/","title":{"rendered":"Tablet Microsoft Surface Pro 8 Wi-Fi Platinium 8PM-00018\/i3-1115G4\/8GB\/128GB\/13&#8243;\/W10P"},"content":{"rendered":"<p style=\"text-align: justify;\">Microsoft Surface Pro 8 8PM-00018 jest najnowsz\u0105 ods\u0142on\u0105 flagowej serii Pro. Zaprojektowany by korzysta\u0107 z po\u0142\u0105czenia wydajno\u015bci laptopa z elastyczno\u015bci\u0105 tabletu. Tablet oparto na platformie Intel\u00ae Evo\u2122, dzi\u0119ki czemu nie ma przed sob\u0105 zada\u0144 niemo\u017cliwych do wykonania. Oparty na najnowszych procesorach Intel\u00ae Core\u2122 i obs\u0142ug\u0105 szybkiej pami\u0119ci operacyjnej o maksymalnej pojemno\u015bci 32GB, zapewnia znaczny wzrost wydajno\u015bci i efektywno\u015bci Twojej pracy. Jego smuk\u0142a i lekka obudowa w parze z d\u0142ug\u0105 prac\u0105 na baterii sprawia, \u017ce b\u0119dzie m\u00f3g\u0142 towarzyszy\u0107 wsz\u0119dzie tam, gdzie go potrzebujesz nie b\u0119d\u0105c przy tym ci\u0119\u017carem.<\/p>\n<h2>Wysoka wydajno\u015b\u0107<\/h2>\n<p style=\"text-align: justify;\">Wykonuj zadania w mgnieniu oka, dzi\u0119ki energooszcz\u0119dnemu i wydajnemu procesorowi Intel\u00ae Core\u2122 i3-1115G4 11. generacji z rodziny Tiger Lake. Ciesz si\u0119 rewelacyjn\u0105 p\u0142ynno\u015bci\u0105 obrazu za co odpowiada karta graficzna Intel\u00ae UHD Graphics. Twoje dane przechowasz na dyskach SSD o pojemno\u015bci 128 GB. Szybk\u0105 i p\u0142ynn\u0105 obs\u0142ug\u0119 program\u00f3w zapewnia 8 GB pami\u0119ci RAM LPDDR4. Tablet 2w1 mo\u017ce pracowa\u0107 nawet 16 godzin bez konieczno\u015bci \u0142adowania.<\/p>\n<h2>Rewelacyjny obraz<\/h2>\n<p style=\"text-align: justify;\">Podziwiaj znakomity obraz na dotykowym, 13\u201d ekranie z technologi\u0105 PixelSense\u2122 Flow, kt\u00f3ry zapewnia doskona\u0142e odzwierciedlenie kolor\u00f3w. Ekran charakteryzuje si\u0119 tak\u017ce wsp\u00f3\u0142czynnikiem proporcji 3:2, u\u0142atwiaj\u0105cy przegl\u0105danie dokument\u00f3w, arkuszy kalkulacyjnych i innych program\u00f3w biurowych. Jednocze\u015bnie otwiera nowe mo\u017cliwo\u015bci korzystania z aplikacji Microsoft 365. Poczuj t\u0105 wyj\u0105tkowo\u015b\u0107, t\u0105 niebywa\u0142\u0105 p\u0142ynno\u015b\u0107 animacji, jak\u0105 gwarantuje bez ramkowy wy\u015bwietlacz z cz\u0119stotliwo\u015bci\u0105 120 Hz.<\/p>\n<h2>Elastyczny<\/h2>\n<p style=\"text-align: justify;\">Ustaw go tak, jak chcesz i wygodnie pracuj lub relaksuj si\u0119 za pomoc\u0105 rewelacyjnej podstawki Kickstand. Umo\u017cliwia ona ustawienie urz\u0105dzenia w dowolnej pozycji. Bez wysi\u0142ku mo\u017cesz j\u0105 regulowa\u0107 w zakresie niemal\u017ce 180 stopni. Dodatkowo b\u0142yskawicznie manewruj mi\u0119dzy trybami w tablecie. Z pod\u0142\u0105czon\u0105 klawiatur\u0105 Microsoft Surface Pro Signature Keyboard uzyskujesz tryb laptopa, a po jej od\u0142\u0105czeniu tryb tabletu. Pod\u015bwietlana klawiatura ze szklanym touchpadem sprawia, \u017ce np.: odpisywanie na e-maile staje si\u0119 ultra wygodne i przyjemne.<\/p>\n<h2>Odkrywaj siebie<\/h2>\n<p style=\"text-align: justify;\">Sparuj urz\u0105dzenie z pi\u00f3rem Surface Slim Pen 2 (sprzedawany oddzielnie) i uwolnij sw\u00f3j potencja\u0142. Swobodnie pisz, rysuj, manewruj na ekranie. Pi\u00f3ro daje naturalne wra\u017cenie pisania na papierze z du\u017c\u0105 dok\u0142adno\u015bci\u0105. Ponadto, nie musisz przeszukiwa\u0107 miejsca pracy w celu znalezienia pi\u00f3ra, poniewa\u017c masz je zawsze pod r\u0119k\u0105 i jest ono gotowe do u\u017cycia. To zas\u0142uga wbudowanego schowka z funkcj\u0105 \u0142adowania pi\u00f3ra w klawiaturze Surface Pro Signature.<\/p>\n<h2>Zabezpieczenia klasy korporacyjnej<\/h2>\n<p style=\"text-align: justify;\">Pracuj bezpiecznie wykorzystuj\u0105c sprz\u0119towe TPM czy innowacyjn\u0105 metod\u0119 uwierzytelniania za pomoc\u0105 rozpoznawania twarzy \u2013 Windows Hello. Wszystko to, doskonale zintegrowane z systemem Windows 10 Pro oraz pakietem Microsoft Office 365, co pozwala wydajnie pracowa\u0107 ka\u017cdego dnia.<\/p>\n<h2>Szeroki horyzont mo\u017cliwo\u015bci<\/h2>\n<p style=\"text-align: justify;\">Niech konferencje online przebiegaj\u0105 p\u0142ynnie i bez zak\u0142\u00f3ce\u0144, dzi\u0119ki najnowszemu standardowi Wi-Fi 6. Technologia Bluetooth 5.1 pozwoli bez zak\u0142\u00f3ce\u0144 pod\u0142\u0105czy\u0107 wszelkie urz\u0105dzenia peryferyjne, np.: mysz, klawiatura, s\u0142uchawki. Microsoft Surface Pro 8 8PM-00018 wyposa\u017cono w szereg multimedi\u00f3w takich jak: przedni\u0105 kamer\u0119 5 MP, tyln\u0105 kamer\u0119 10 MP, mikrofony studyjne i g\u0142o\u015bniki z technologi\u0105 Dolby Atmos\u00ae. Ponadto korzystaj ze wszystkich dobrodziejstw dw\u00f3ch ultraszybkich port\u00f3w Thunderbolt\u2122 4. Dzi\u0119ki nim poszerzysz mo\u017cliwo\u015bci tabletu pod\u0142\u0105czaj\u0105c do niego dodatkowy wy\u015bwietlacz, dysk czy nawet zewn\u0119trzn\u0105 kart\u0119 graficzn\u0105.<\/p>\n<p style=\"text-align: justify;\">Masz pytania? <a style=\"color: #2271b1;\" href=\"https:\/\/polsoft.pl\/microsoft-surface\/kontakt\/\"><span style=\"text-decoration: underline;\"><strong>Skontaktuj<\/strong><\/span><\/a> si\u0119 z nami!<\/p>\n<table width=\"785\">\n<tbody>\n<tr>\n<td width=\"201\">Procesor<\/td>\n<td width=\"584\"><a style=\"color: #2271b1;\" href=\"https:\/\/ark.intel.com\/content\/www\/pl\/pl\/ark\/products\/208652\/intel-core-i31115g4-processor-6m-cache-up-to-4-10-ghz.html\"><span style=\"text-decoration: underline;\"><strong>Intel\u00ae Core\u2122 i3-1115G4<\/strong><\/span><\/a>, 2-rdzeniowy 11. generacji<\/td>\n<\/tr>\n<tr>\n<td>Wy\u015bwietlacz<\/td>\n<td width=\"584\">ekran:<br \/>\n13&#8243; PixelSense\u2122 Flow<br \/>\ncz\u0119stotliwo\u015b\u0107 od\u015bwie\u017cania:<br \/>\ndo 120 Hz<br \/>\nrozdzielczo\u015b\u0107:<br \/>\n2880 \u00d7 1920 (267 PPI)<br \/>\nwsp\u00f3\u0142czynnik proporcji:<br \/>\n3:2<br \/>\ndotyk:<br \/>\nmulti-touch z obs\u0142ug\u0105 10 punkt\u00f3w dotykowych<\/td>\n<\/tr>\n<tr>\n<td>Karta graficzna<\/td>\n<td width=\"584\">Intel\u00ae UHD Graphics<\/td>\n<\/tr>\n<tr>\n<td>Pami\u0119\u0107<\/td>\n<td>8 GB RAM LPDDR4x<\/td>\n<\/tr>\n<tr>\n<td>Przestrze\u0144 dyskowa<\/td>\n<td>SSD 128 GB<\/td>\n<\/tr>\n<tr>\n<td>\u0141\u0105czno\u015b\u0107 bezprzewodowa<\/td>\n<td width=\"584\">Wi-Fi 6: zgodne ze standardem IEEE 802.11ax<br \/>\nmodu\u0142 Bluetooth\u00ae Wireless 5.1<\/td>\n<\/tr>\n<tr>\n<td>Z\u0142\u0105cza<\/td>\n<td width=\"584\">2 x USB-C<sup>\u00ae<\/sup>\u00a0z USB 4.0\/Thunderbolt\u2122 4<br \/>\ngniazdo s\u0142uchawkowe 3.5 mm<br \/>\n1 x port Surface Connect<br \/>\nport klawiatury Surface Type Cover<br \/>\n<span style=\"font-family: inherit; font-size: inherit;\">kompatybilne z pokr\u0119t\u0142em Surface Dial off-screen interaction<\/span><\/td>\n<\/tr>\n<tr>\n<td>Sensory<\/td>\n<td width=\"584\">akcelenometr<br \/>\n\u017cyroskop<br \/>\nczujnik pola magnetycznego<br \/>\nczujnik nat\u0119\u017cenia \u015bwiat\u0142a<\/td>\n<\/tr>\n<tr>\n<td>Zabezpieczenia<\/td>\n<td width=\"584\">Firmware TPM<br \/>\nWindows Hello &#8211; rozpoznawanie twarzy do odblokowania urz\u0105dzenia<\/td>\n<\/tr>\n<tr>\n<td>Czas pracy na baterii<\/td>\n<td>16 godzin przy pracy biurowej<\/td>\n<\/tr>\n<tr>\n<td>Multimedia<\/td>\n<td width=\"584\">przednia kamera do uwierzytelnienia twarzy \u2013 Windows Hello<br \/>\n5.0MP \u2013 przednia kamera \u2013 nagrywanie film\u00f3w w Full HD 1080p<br \/>\n10MP \u2013 tylny aparat z autofokusem \u2013 nagrywanie film\u00f3w Full HD 1080p i 4K<br \/>\n2 mikrofony dalekiego zasi\u0119gu<br \/>\ng\u0142o\u015bniki stereo 2W Dolby Atmos\u00ae<\/td>\n<\/tr>\n<tr>\n<td>Oprogramowanie<\/td>\n<td width=\"584\">Windows 10 Pro<br \/>\nza\u0142adowane aplikacje Microsoft 365<br \/>\nmiesi\u0119czna wersja pr\u00f3bna Microsoft Office 365<\/td>\n<\/tr>\n<tr>\n<td>Obudowa<\/td>\n<td width=\"584\">obudowa pokryta aluminium anodowanego typu Signature<br \/>\nkolor Platinium (platynowy)<br \/>\nprzyciski regulacji g\u0142o\u015bno\u015bci oraz zasilania<\/td>\n<\/tr>\n<tr>\n<td>Wymiary (mm)<\/td>\n<td>287 x 208 x 9.3 (sz. x g\u0142. x wys.)<\/td>\n<\/tr>\n<tr>\n<td width=\"201\">Waga<br \/>\n(bez klawiatury)<\/td>\n<td width=\"584\">891 g<\/td>\n<\/tr>\n<tr>\n<td>Zawarto\u015b\u0107 zestawu<\/td>\n<td width=\"584\">Surface Pro 8<br \/>\nzasilacz<br \/>\nskr\u00f3cona instrukcja obs\u0142ugi<br \/>\ndokumenty dotycz\u0105ce gwarancji i bezpiecze\u0144stwa<\/td>\n<\/tr>\n<tr>\n<td>Gwarancja<\/td>\n<td width=\"584\">roczny okres gwarancji<\/td>\n<\/tr>\n<\/tbody>\n<\/table>\n","protected":false},"excerpt":{"rendered":"<p>Microsoft Surface Pro 8 8PM-00018 jest najnowsz\u0105 ods\u0142on\u0105 flagowej serii Pro. Zaprojektowany by korzysta\u0107 z po\u0142\u0105czenia wydajno\u015bci laptopa z elastyczno\u015bci\u0105 tabletu. Tablet oparto na platformie Intel\u00ae Evo\u2122, dzi\u0119ki czemu nie ma przed sob\u0105 zada\u0144 niemo\u017cliwych do wykonania. Oparty na najnowszych procesorach Intel\u00ae Core\u2122 i obs\u0142ug\u0105 szybkiej pami\u0119ci operacyjnej o maksymalnej pojemno\u015bci 32GB, zapewnia znaczny wzrost [&hellip;]<\/p>\n","protected":false},"featured_media":4366,"template":"","meta":{"site-sidebar-layout":"default","site-content-layout":"default","ast-site-content-layout":"default","site-content-style":"default","site-sidebar-style":"default","ast-global-header-display":"","ast-banner-title-visibility":"","ast-main-header-display":"","ast-hfb-above-header-display":"","ast-hfb-below-header-display":"","ast-hfb-mobile-header-display":"","site-post-title":"","ast-breadcrumbs-content":"","ast-featured-img":"","footer-sml-layout":"","ast-disable-related-posts":"","theme-transparent-header-meta":"default","adv-header-id-meta":"","stick-header-meta":"","header-above-stick-meta":"","header-main-stick-meta":"","header-below-stick-meta":"","astra-migrate-meta-layouts":"default","ast-page-background-enabled":"default","ast-page-background-meta":{"desktop":{"background-color":"","background-image":"","background-repeat":"repeat","background-position":"center center","background-size":"auto","background-attachment":"scroll","background-type":"","background-media":"","overlay-type":"","overlay-color":"","overlay-opacity":"","overlay-gradient":""},"tablet":{"background-color":"","background-image":"","background-repeat":"repeat","background-position":"center center","background-size":"auto","background-attachment":"scroll","background-type":"","background-media":"","overlay-type":"","overlay-color":"","overlay-opacity":"","overlay-gradient":""},"mobile":{"background-color":"","background-image":"","background-repeat":"repeat","background-position":"center center","background-size":"auto","background-attachment":"scroll","background-type":"","background-media":"","overlay-type":"","overlay-color":"","overlay-opacity":"","overlay-gradient":""}},"ast-content-background-meta":{"desktop":{"background-color":"var(--ast-global-color-5)","background-image":"","background-repeat":"repeat","background-position":"center center","background-size":"auto","background-attachment":"scroll","background-type":"","background-media":"","overlay-type":"","overlay-color":"","overlay-opacity":"","overlay-gradient":""},"tablet":{"background-color":"var(--ast-global-color-5)","background-image":"","background-repeat":"repeat","background-position":"center center","background-size":"auto","background-attachment":"scroll","background-type":"","background-media":"","overlay-type":"","overlay-color":"","overlay-opacity":"","overlay-gradient":""},"mobile":{"background-color":"var(--ast-global-color-5)","background-image":"","background-repeat":"repeat","background-position":"center center","background-size":"auto","background-attachment":"scroll","background-type":"","background-media":"","overlay-type":"","overlay-color":"","overlay-opacity":"","overlay-gradient":""}},"_links_to":"","_links_to_target":""},"product_brand":[],"product_cat":[],"product_tag":[],"class_list":{"0":"post-4174","1":"product","2":"type-product","3":"status-publish","4":"has-post-thumbnail","6":"pa_dodatkowe-komponenty-wi-fi","7":"pa_matryca-48","8":"pa_model-procesora-i3-1115g4","9":"pa_pamiec-ram-8gb","10":"pa_pojemnosc-dysku-128gb","11":"pa_producent-procesora-intel","12":"pa_w-zestawie-urzadzenie-zasilacz","13":"desktop-align-left","14":"tablet-align-left","15":"mobile-align-left","17":"first","18":"outofstock","19":"taxable","20":"shipping-taxable","21":"purchasable","22":"product-type-simple"},"yoast_head":"<!-- This site is optimized with the Yoast SEO plugin v26.7 - https:\/\/yoast.com\/wordpress\/plugins\/seo\/ -->\n<title>Microsoft Surface Pro 8 8PM-00018 - Sklep Microsoft Surface<\/title>\n<meta name=\"description\" content=\"Microsoft Surface Pro 8 8PM-00018 - i3-1115G4\/8GB\/128GB\/13&quot;\/W10P Sklep rozwi\u0105za\u0144 Microsoft Surface firmy Polsoft Engineering.\" \/>\n<meta name=\"robots\" content=\"index, follow, max-snippet:-1, max-image-preview:large, max-video-preview:-1\" \/>\n<link rel=\"canonical\" href=\"https:\/\/polsoft.pl\/microsoft-surface\/produkt\/tablet-microsoft-surface-pro-8-wi-fi-platinium-8pm-00018-i3-1115g4-8gb-128gb-13-w10p\/\" \/>\n<meta property=\"og:locale\" content=\"pl_PL\" \/>\n<meta property=\"og:type\" content=\"article\" \/>\n<meta property=\"og:title\" content=\"Microsoft Surface Pro 8 8PM-00018 - Sklep Microsoft Surface\" \/>\n<meta property=\"og:description\" content=\"Microsoft Surface Pro 8 8PM-00018 - i3-1115G4\/8GB\/128GB\/13&quot;\/W10P Sklep rozwi\u0105za\u0144 Microsoft Surface firmy Polsoft Engineering.\" \/>\n<meta property=\"og:url\" content=\"https:\/\/polsoft.pl\/microsoft-surface\/produkt\/tablet-microsoft-surface-pro-8-wi-fi-platinium-8pm-00018-i3-1115g4-8gb-128gb-13-w10p\/\" \/>\n<meta property=\"og:site_name\" content=\"Sklep rozwi\u0105za\u0144 Microsoft Surface\" \/>\n<meta property=\"article:modified_time\" content=\"2025-07-15T11:56:54+00:00\" \/>\n<meta property=\"og:image\" content=\"https:\/\/polsoft.pl\/microsoft-surface\/wp-content\/uploads\/2022\/05\/Zdjecie-wyrozniajace-Tablet-Microsoft-Surface-Pro-8-Platinum-8PM-00018.jpg\" \/>\n\t<meta property=\"og:image:width\" content=\"800\" \/>\n\t<meta property=\"og:image:height\" content=\"800\" \/>\n\t<meta property=\"og:image:type\" content=\"image\/jpeg\" \/>\n<meta name=\"twitter:card\" content=\"summary_large_image\" \/>\n<meta name=\"twitter:label1\" content=\"Szacowany czas czytania\" \/>\n\t<meta name=\"twitter:data1\" content=\"4 minuty\" \/>\n<script type=\"application\/ld+json\" class=\"yoast-schema-graph\">{\"@context\":\"https:\/\/schema.org\",\"@graph\":[{\"@type\":\"WebPage\",\"@id\":\"https:\/\/polsoft.pl\/microsoft-surface\/produkt\/tablet-microsoft-surface-pro-8-wi-fi-platinium-8pm-00018-i3-1115g4-8gb-128gb-13-w10p\/\",\"url\":\"https:\/\/polsoft.pl\/microsoft-surface\/produkt\/tablet-microsoft-surface-pro-8-wi-fi-platinium-8pm-00018-i3-1115g4-8gb-128gb-13-w10p\/\",\"name\":\"Microsoft Surface Pro 8 8PM-00018 - Sklep Microsoft Surface\",\"isPartOf\":{\"@id\":\"https:\/\/polsoft.pl\/microsoft-surface\/#website\"},\"primaryImageOfPage\":{\"@id\":\"https:\/\/polsoft.pl\/microsoft-surface\/produkt\/tablet-microsoft-surface-pro-8-wi-fi-platinium-8pm-00018-i3-1115g4-8gb-128gb-13-w10p\/#primaryimage\"},\"image\":{\"@id\":\"https:\/\/polsoft.pl\/microsoft-surface\/produkt\/tablet-microsoft-surface-pro-8-wi-fi-platinium-8pm-00018-i3-1115g4-8gb-128gb-13-w10p\/#primaryimage\"},\"thumbnailUrl\":\"https:\/\/www.polsoft.pl\/microsoft-surface\/wp-content\/uploads\/2022\/05\/Zdjecie-wyrozniajace-Tablet-Microsoft-Surface-Pro-8-Platinum-8PM-00018.jpg\",\"datePublished\":\"2022-05-18T12:16:04+00:00\",\"dateModified\":\"2025-07-15T11:56:54+00:00\",\"description\":\"Microsoft Surface Pro 8 8PM-00018 - i3-1115G4\/8GB\/128GB\/13\\\"\/W10P Sklep rozwi\u0105za\u0144 Microsoft Surface firmy Polsoft Engineering.\",\"breadcrumb\":{\"@id\":\"https:\/\/polsoft.pl\/microsoft-surface\/produkt\/tablet-microsoft-surface-pro-8-wi-fi-platinium-8pm-00018-i3-1115g4-8gb-128gb-13-w10p\/#breadcrumb\"},\"inLanguage\":\"pl-PL\",\"potentialAction\":[{\"@type\":\"ReadAction\",\"target\":[\"https:\/\/polsoft.pl\/microsoft-surface\/produkt\/tablet-microsoft-surface-pro-8-wi-fi-platinium-8pm-00018-i3-1115g4-8gb-128gb-13-w10p\/\"]}]},{\"@type\":\"ImageObject\",\"inLanguage\":\"pl-PL\",\"@id\":\"https:\/\/polsoft.pl\/microsoft-surface\/produkt\/tablet-microsoft-surface-pro-8-wi-fi-platinium-8pm-00018-i3-1115g4-8gb-128gb-13-w10p\/#primaryimage\",\"url\":\"https:\/\/www.polsoft.pl\/microsoft-surface\/wp-content\/uploads\/2022\/05\/Zdjecie-wyrozniajace-Tablet-Microsoft-Surface-Pro-8-Platinum-8PM-00018.jpg\",\"contentUrl\":\"https:\/\/www.polsoft.pl\/microsoft-surface\/wp-content\/uploads\/2022\/05\/Zdjecie-wyrozniajace-Tablet-Microsoft-Surface-Pro-8-Platinum-8PM-00018.jpg\",\"width\":800,\"height\":800,\"caption\":\"Zdj\u0119cie wyr\u00f3\u017cniaj\u0105ce produktu Microsoft Surface Pro 8.\"},{\"@type\":\"BreadcrumbList\",\"@id\":\"https:\/\/polsoft.pl\/microsoft-surface\/produkt\/tablet-microsoft-surface-pro-8-wi-fi-platinium-8pm-00018-i3-1115g4-8gb-128gb-13-w10p\/#breadcrumb\",\"itemListElement\":[{\"@type\":\"ListItem\",\"position\":1,\"name\":\"Strona g\u0142\u00f3wna\",\"item\":\"https:\/\/polsoft.pl\/microsoft-surface\/\"},{\"@type\":\"ListItem\",\"position\":2,\"name\":\"Sklep\",\"item\":\"https:\/\/polsoft.pl\/microsoft-surface\/sklep\/\"},{\"@type\":\"ListItem\",\"position\":3,\"name\":\"Tablet Microsoft Surface Pro 8 Wi-Fi Platinium 8PM-00018\/i3-1115G4\/8GB\/128GB\/13&#8243;\/W10P\"}]},{\"@type\":\"WebSite\",\"@id\":\"https:\/\/polsoft.pl\/microsoft-surface\/#website\",\"url\":\"https:\/\/polsoft.pl\/microsoft-surface\/\",\"name\":\"Sklep Microsoft Surface\",\"description\":\"Sklep Microsoft Surface\",\"publisher\":{\"@id\":\"https:\/\/polsoft.pl\/microsoft-surface\/#organization\"},\"potentialAction\":[{\"@type\":\"SearchAction\",\"target\":{\"@type\":\"EntryPoint\",\"urlTemplate\":\"https:\/\/polsoft.pl\/microsoft-surface\/?s={search_term_string}\"},\"query-input\":{\"@type\":\"PropertyValueSpecification\",\"valueRequired\":true,\"valueName\":\"search_term_string\"}}],\"inLanguage\":\"pl-PL\"},{\"@type\":\"Organization\",\"@id\":\"https:\/\/polsoft.pl\/microsoft-surface\/#organization\",\"name\":\"Polsoft Engineering Sp. z o.o.\",\"url\":\"https:\/\/polsoft.pl\/microsoft-surface\/\",\"logo\":{\"@type\":\"ImageObject\",\"inLanguage\":\"pl-PL\",\"@id\":\"https:\/\/polsoft.pl\/microsoft-surface\/#\/schema\/logo\/image\/\",\"url\":\"https:\/\/www.polsoft.pl\/microsoft-surface\/wp-content\/uploads\/2020\/10\/microsoft_partner_logo_black_polsoft.png\",\"contentUrl\":\"https:\/\/www.polsoft.pl\/microsoft-surface\/wp-content\/uploads\/2020\/10\/microsoft_partner_logo_black_polsoft.png\",\"width\":613,\"height\":158,\"caption\":\"Polsoft Engineering Sp. z o.o.\"},\"image\":{\"@id\":\"https:\/\/polsoft.pl\/microsoft-surface\/#\/schema\/logo\/image\/\"}}]}<\/script>\n<!-- \/ Yoast SEO plugin. -->","yoast_head_json":{"title":"Microsoft Surface Pro 8 8PM-00018 - Sklep Microsoft Surface","description":"Microsoft Surface Pro 8 8PM-00018 - i3-1115G4\/8GB\/128GB\/13\"\/W10P Sklep rozwi\u0105za\u0144 Microsoft Surface firmy Polsoft Engineering.","robots":{"index":"index","follow":"follow","max-snippet":"max-snippet:-1","max-image-preview":"max-image-preview:large","max-video-preview":"max-video-preview:-1"},"canonical":"https:\/\/polsoft.pl\/microsoft-surface\/produkt\/tablet-microsoft-surface-pro-8-wi-fi-platinium-8pm-00018-i3-1115g4-8gb-128gb-13-w10p\/","og_locale":"pl_PL","og_type":"article","og_title":"Microsoft Surface Pro 8 8PM-00018 - Sklep Microsoft Surface","og_description":"Microsoft Surface Pro 8 8PM-00018 - i3-1115G4\/8GB\/128GB\/13\"\/W10P Sklep rozwi\u0105za\u0144 Microsoft Surface firmy Polsoft Engineering.","og_url":"https:\/\/polsoft.pl\/microsoft-surface\/produkt\/tablet-microsoft-surface-pro-8-wi-fi-platinium-8pm-00018-i3-1115g4-8gb-128gb-13-w10p\/","og_site_name":"Sklep rozwi\u0105za\u0144 Microsoft Surface","article_modified_time":"2025-07-15T11:56:54+00:00","og_image":[{"width":800,"height":800,"url":"https:\/\/polsoft.pl\/microsoft-surface\/wp-content\/uploads\/2022\/05\/Zdjecie-wyrozniajace-Tablet-Microsoft-Surface-Pro-8-Platinum-8PM-00018.jpg","type":"image\/jpeg"}],"twitter_card":"summary_large_image","twitter_misc":{"Szacowany czas czytania":"4 minuty"},"schema":{"@context":"https:\/\/schema.org","@graph":[{"@type":"WebPage","@id":"https:\/\/polsoft.pl\/microsoft-surface\/produkt\/tablet-microsoft-surface-pro-8-wi-fi-platinium-8pm-00018-i3-1115g4-8gb-128gb-13-w10p\/","url":"https:\/\/polsoft.pl\/microsoft-surface\/produkt\/tablet-microsoft-surface-pro-8-wi-fi-platinium-8pm-00018-i3-1115g4-8gb-128gb-13-w10p\/","name":"Microsoft Surface Pro 8 8PM-00018 - Sklep Microsoft Surface","isPartOf":{"@id":"https:\/\/polsoft.pl\/microsoft-surface\/#website"},"primaryImageOfPage":{"@id":"https:\/\/polsoft.pl\/microsoft-surface\/produkt\/tablet-microsoft-surface-pro-8-wi-fi-platinium-8pm-00018-i3-1115g4-8gb-128gb-13-w10p\/#primaryimage"},"image":{"@id":"https:\/\/polsoft.pl\/microsoft-surface\/produkt\/tablet-microsoft-surface-pro-8-wi-fi-platinium-8pm-00018-i3-1115g4-8gb-128gb-13-w10p\/#primaryimage"},"thumbnailUrl":"https:\/\/www.polsoft.pl\/microsoft-surface\/wp-content\/uploads\/2022\/05\/Zdjecie-wyrozniajace-Tablet-Microsoft-Surface-Pro-8-Platinum-8PM-00018.jpg","datePublished":"2022-05-18T12:16:04+00:00","dateModified":"2025-07-15T11:56:54+00:00","description":"Microsoft Surface Pro 8 8PM-00018 - i3-1115G4\/8GB\/128GB\/13\"\/W10P Sklep rozwi\u0105za\u0144 Microsoft Surface firmy Polsoft Engineering.","breadcrumb":{"@id":"https:\/\/polsoft.pl\/microsoft-surface\/produkt\/tablet-microsoft-surface-pro-8-wi-fi-platinium-8pm-00018-i3-1115g4-8gb-128gb-13-w10p\/#breadcrumb"},"inLanguage":"pl-PL","potentialAction":[{"@type":"ReadAction","target":["https:\/\/polsoft.pl\/microsoft-surface\/produkt\/tablet-microsoft-surface-pro-8-wi-fi-platinium-8pm-00018-i3-1115g4-8gb-128gb-13-w10p\/"]}]},{"@type":"ImageObject","inLanguage":"pl-PL","@id":"https:\/\/polsoft.pl\/microsoft-surface\/produkt\/tablet-microsoft-surface-pro-8-wi-fi-platinium-8pm-00018-i3-1115g4-8gb-128gb-13-w10p\/#primaryimage","url":"https:\/\/www.polsoft.pl\/microsoft-surface\/wp-content\/uploads\/2022\/05\/Zdjecie-wyrozniajace-Tablet-Microsoft-Surface-Pro-8-Platinum-8PM-00018.jpg","contentUrl":"https:\/\/www.polsoft.pl\/microsoft-surface\/wp-content\/uploads\/2022\/05\/Zdjecie-wyrozniajace-Tablet-Microsoft-Surface-Pro-8-Platinum-8PM-00018.jpg","width":800,"height":800,"caption":"Zdj\u0119cie wyr\u00f3\u017cniaj\u0105ce produktu Microsoft Surface Pro 8."},{"@type":"BreadcrumbList","@id":"https:\/\/polsoft.pl\/microsoft-surface\/produkt\/tablet-microsoft-surface-pro-8-wi-fi-platinium-8pm-00018-i3-1115g4-8gb-128gb-13-w10p\/#breadcrumb","itemListElement":[{"@type":"ListItem","position":1,"name":"Strona g\u0142\u00f3wna","item":"https:\/\/polsoft.pl\/microsoft-surface\/"},{"@type":"ListItem","position":2,"name":"Sklep","item":"https:\/\/polsoft.pl\/microsoft-surface\/sklep\/"},{"@type":"ListItem","position":3,"name":"Tablet Microsoft Surface Pro 8 Wi-Fi Platinium 8PM-00018\/i3-1115G4\/8GB\/128GB\/13&#8243;\/W10P"}]},{"@type":"WebSite","@id":"https:\/\/polsoft.pl\/microsoft-surface\/#website","url":"https:\/\/polsoft.pl\/microsoft-surface\/","name":"Sklep Microsoft Surface","description":"Sklep Microsoft Surface","publisher":{"@id":"https:\/\/polsoft.pl\/microsoft-surface\/#organization"},"potentialAction":[{"@type":"SearchAction","target":{"@type":"EntryPoint","urlTemplate":"https:\/\/polsoft.pl\/microsoft-surface\/?s={search_term_string}"},"query-input":{"@type":"PropertyValueSpecification","valueRequired":true,"valueName":"search_term_string"}}],"inLanguage":"pl-PL"},{"@type":"Organization","@id":"https:\/\/polsoft.pl\/microsoft-surface\/#organization","name":"Polsoft Engineering Sp. z o.o.","url":"https:\/\/polsoft.pl\/microsoft-surface\/","logo":{"@type":"ImageObject","inLanguage":"pl-PL","@id":"https:\/\/polsoft.pl\/microsoft-surface\/#\/schema\/logo\/image\/","url":"https:\/\/www.polsoft.pl\/microsoft-surface\/wp-content\/uploads\/2020\/10\/microsoft_partner_logo_black_polsoft.png","contentUrl":"https:\/\/www.polsoft.pl\/microsoft-surface\/wp-content\/uploads\/2020\/10\/microsoft_partner_logo_black_polsoft.png","width":613,"height":158,"caption":"Polsoft Engineering Sp. z o.o."},"image":{"@id":"https:\/\/polsoft.pl\/microsoft-surface\/#\/schema\/logo\/image\/"}}]}},"_links":{"self":[{"href":"https:\/\/www.polsoft.pl\/microsoft-surface\/wp-json\/wp\/v2\/product\/4174","targetHints":{"allow":["GET"]}}],"collection":[{"href":"https:\/\/www.polsoft.pl\/microsoft-surface\/wp-json\/wp\/v2\/product"}],"about":[{"href":"https:\/\/www.polsoft.pl\/microsoft-surface\/wp-json\/wp\/v2\/types\/product"}],"version-history":[{"count":7,"href":"https:\/\/www.polsoft.pl\/microsoft-surface\/wp-json\/wp\/v2\/product\/4174\/revisions"}],"predecessor-version":[{"id":4612,"href":"https:\/\/www.polsoft.pl\/microsoft-surface\/wp-json\/wp\/v2\/product\/4174\/revisions\/4612"}],"wp:featuredmedia":[{"embeddable":true,"href":"https:\/\/www.polsoft.pl\/microsoft-surface\/wp-json\/wp\/v2\/media\/4366"}],"wp:attachment":[{"href":"https:\/\/www.polsoft.pl\/microsoft-surface\/wp-json\/wp\/v2\/media?parent=4174"}],"wp:term":[{"taxonomy":"product_brand","embeddable":true,"href":"https:\/\/www.polsoft.pl\/microsoft-surface\/wp-json\/wp\/v2\/product_brand?post=4174"},{"taxonomy":"product_cat","embeddable":true,"href":"https:\/\/www.polsoft.pl\/microsoft-surface\/wp-json\/wp\/v2\/product_cat?post=4174"},{"taxonomy":"product_tag","embeddable":true,"href":"https:\/\/www.polsoft.pl\/microsoft-surface\/wp-json\/wp\/v2\/product_tag?post=4174"}],"curies":[{"name":"wp","href":"https:\/\/api.w.org\/{rel}","templated":true}]}}