{"id":5016,"date":"2023-05-05T13:12:23","date_gmt":"2023-05-05T11:12:23","guid":{"rendered":"https:\/\/polsoft.pl\/microsoft-surface\/produkt\/laptop-microsoft-surface-pro-9-platinum-qiy-00004-i7-1265u16gb-512gb-13-w11p\/"},"modified":"2025-07-15T13:56:43","modified_gmt":"2025-07-15T11:56:43","slug":"tablet-microsoft-surface-pro-9-platinum-qiy-00004-i7-1265u16gb-512gb-13-w11p","status":"publish","type":"product","link":"https:\/\/www.polsoft.pl\/microsoft-surface\/produkt\/tablet-microsoft-surface-pro-9-platinum-qiy-00004-i7-1265u16gb-512gb-13-w11p\/","title":{"rendered":"Tablet Microsoft Surface Pro 9 Platinum QIY-00004\/i7-1265U\/16GB\/512GB\/13&#8243;\/W11P"},"content":{"rendered":"<p>Elastyczno\u015b\u0107 tabletu, czy wydajno\u015b\u0107 laptopa? Najnowszy Microsoft Surface Pro 9 QIY-00004, \u0142\u0105cz\u0105cy obie te cechy w jedno, ultraprzeno\u015bne urz\u0105dzenie, dzi\u0119ki czemu nie musisz wybiera\u0107. Nast\u0119pca Microsoft Surface Pro 8 posiada nowy, szybszy procesor przy zachowaniu niemal identycznych rozmiar\u00f3w i wa\u017c\u0105c znacznie mniej ni\u017c poprzednik. W po\u0142\u0105czeniu z wysoka \u017cywotno\u015bci\u0105 baterii, oraz smuk\u0142\u0105 obudow\u0105 tablet ten pozwala na d\u0142ug\u0105 i wygodn\u0105 prac\u0119 gdzie tylko chcesz, bez \u017cadnych kompromis\u00f3w.<\/p>\n<p>Za wysok\u0105 wydajno\u015b\u0107 Microsoft Surface Pro 9 QIY-00004 odpowiada najnowszy procesor Intel\u00ae Core\u2122 i7-1265U 12. generacji. Wygod\u0119 i responsywno\u015b\u0107 pracy z systemem Microsoft Windows 11 zapewnia 16 GB niskonapi\u0119ciowej pami\u0119ci LPDDR5. Przestrze\u0144 dyskow\u0105 stanowi ultraszybki dysk NVMe o pojemno\u015bci 512 GB. Ponadto Microsoft Surface pro 9 QIY-00004 umo\u017cliwia u\u017cytkownikowi samodzieln\u0105 wymian\u0119 dysku twardego. Pojemna bateria pozwala na korzystanie z urz\u0105dzenia nawet przez 15,5h przy typowym obci\u0105\u017ceniu.<\/p>\n<p>Zauwa\u017c wi\u0119cej, dzi\u0119ki niemal bezkraw\u0119dziowemu, 13-calowemu ekranowi dotykowemu PixelSense\u2122 o rozdzielczo\u015bci 2880 x 1920 (267 PPI), profilem koloru sRGB i Vivid, oraz ciesz si\u0119 p\u0142ynno\u015bci\u0105 obrazu dzi\u0119ki wysokiej cz\u0119stotliwo\u015bci od\u015bwie\u017cania do 120Hz. Wy\u015bwietlacz chroniony jest wytrzyma\u0142ym szk\u0142em hartowanym Gorilla\u00ae Glass 5, zabezpieczaj\u0105cym ekran przed przypadkowym uszkodzeniem.<\/p>\n<p>Idealny k\u0105t widzenia zapewnia wbudowana, regulowana podp\u00f3rka z szerokim zakresem regulacji, co w po\u0142\u0105czeniu z klawiatur\u0105 Microsoft Signature do Surface Pro umo\u017cliwia korzystanie z urz\u0105dzenia jak ze standardowego laptopa. Po sparowaniu tabletu z pi\u00f3rem Microsoft Surface Slim Pen 2 uzyskasz jeszcze wi\u0119ksz\u0105 precyzj\u0119 ni\u017c za pomoc\u0105 myszy, czy dotyku, co pozwala na dok\u0142adne rysowanie i pisanie, zupe\u0142nie jak na papierze.<\/p>\n<p>Bezpiecze\u0144stwa danych u\u017cytkownika strze\u017ce znany na ca\u0142ym \u015bwiecie uk\u0142ad TPM 2.0, oraz autorski system Microsoft Windows Hello, pozwalaj\u0105cy na uwierzytelnianie u\u017cytkownika za pomoc\u0105 skanu twarzy. Microsoft Surface Pro 9 QIY-00004 pracuje pod kontrol\u0105 najnowszego i najbezpieczniejszego systemu operacyjnego Windows 11 Pro.<\/p>\n<p>Microsoft Surface Pro 9 QIY-00004 umo\u017cliwia szybkie i stabilne po\u0142\u0105czenie internetowe dzi\u0119ki technologii Wi-Fi 6E. Wszystkie urz\u0105dzenia peryferyjne po\u0142\u0105czysz korzystaj\u0105c z szybkiego Bluetooth\u00ae 5.1. Tablet posiada 2 kamery: przedni\u0105 z mo\u017cliwo\u015bci\u0105 rejestrowania wideo Full HD 1080p, oraz tyln\u0105 o rozdzielczo\u015bci 10 MP z autofokusem i mo\u017cliwo\u015bci\u0105 nagrywania wideo Full HD 1080p i 4K. Doskona\u0142y d\u017awi\u0119k zapewniaj\u0105 stereofoniczne g\u0142o\u015bniki o mocy 2W z systemem Dolby\u00ae Atmos\u00ae. Zyskaj jeszcze wi\u0119cej mo\u017cliwo\u015bci pod\u0142\u0105czaj\u0105c dodatkowe urz\u0105dzenia do szybkich port\u00f3w USB-C\u00ae z USB 4.0\/Thunderbolt\u2122 4.<\/p>\n<p style=\"text-align: justify;\">Masz pytania? <a style=\"color: #2271b1;\" href=\"https:\/\/polsoft.pl\/microsoft-surface\/kontakt\/\"><span style=\"text-decoration: underline;\"><strong>Skontaktuj<\/strong><\/span><\/a> si\u0119 z nami!<\/p>\n<table style=\"height: 1228px;\" width=\"792\">\n<tbody>\n<tr>\n<td width=\"201\">Procesor<\/td>\n<td width=\"584\"><a style=\"color: #2271b1;\" href=\"https:\/\/ark.intel.com\/content\/www\/pl\/pl\/ark\/products\/226258\/intel-core-i71265u-processor-12m-cache-up-to-4-80-ghz.html\"><span style=\"text-decoration: underline;\"><strong>Intel\u00ae Core\u2122 i7-1265U<\/strong><\/span><\/a>, 10-rdzeniowy 12. generacji<\/td>\n<\/tr>\n<tr>\n<td>Wy\u015bwietlacz<\/td>\n<td width=\"584\">Ekran: 13&#8243; PixelSense\u2122 Flow<br \/>\nRozdzielczo\u015b\u0107: 2880 x 1920 (267 PPI)<br \/>\nWsp\u00f3\u0142czynnik proporcji: 3:2<br \/>\nDotyk: Multi-touch z obs\u0142ug\u0105 10 punkt\u00f3w dotykowych<br \/>\nGorilla\u00ae Glass 5<\/td>\n<\/tr>\n<tr>\n<td>Karta graficzna<\/td>\n<td width=\"584\">Intel\u00ae Iris\u00ae Xe Graphics<\/td>\n<\/tr>\n<tr>\n<td>Pami\u0119\u0107<\/td>\n<td>16 GB RAM LPDDR5<\/td>\n<\/tr>\n<tr>\n<td>Przestrze\u0144 dyskowa<\/td>\n<td>SSD: 512 GB<\/td>\n<\/tr>\n<tr>\n<td>\u0141\u0105czno\u015b\u0107 bezprzewodowa<\/td>\n<td width=\"584\">Wi-Fi 6E: zgodne ze standardem IEEE 802.11ax<br \/>\nModu\u0142 Bluetooth\u00ae Wireless 5.1<\/td>\n<\/tr>\n<tr>\n<td>Z\u0142\u0105cza<\/td>\n<td width=\"584\">2 x USB-C\u00ae 4.0\/Thunderbolt\u2122 4<br \/>\n1 x Port Surface Connect<br \/>\n1 x port klawiatury Surface Type Cover<\/td>\n<\/tr>\n<tr>\n<td>Sensory<\/td>\n<td width=\"584\">Akcelerometr<br \/>\n\u017byroskop<br \/>\nCzujnik pola magnetycznego<br \/>\nCzujnik kolor\u00f3w otoczenia<\/td>\n<\/tr>\n<tr>\n<td>Zabezpieczenia<\/td>\n<td width=\"584\">Firmware TPM 2.0<br \/>\nWindows Hello &#8211; rozpoznawanie twarzy do odblokowania urz\u0105dzenia<\/td>\n<\/tr>\n<tr>\n<td>Czas pracy na baterii<\/td>\n<td>Do 15,5 godzin przy pracy biurowej<\/td>\n<\/tr>\n<tr>\n<td>Multimedia<\/td>\n<td width=\"584\">Przednia kamera do uwierzytelnienia twarzy \u2013 Windows Hello<br \/>\n5MP \u2013 przednia kamera \u2013 nagrywanie film\u00f3w w Full HD 1080p<br \/>\n10MP \u2013 tylny aparat z autofokusem \u2013 nagrywanie film\u00f3w Full HD 1080p i 4K<br \/>\n2W G\u0142o\u015bniki stereofoniczne z systemem Dolby\u00ae Atmos\u00ae<br \/>\nPodw\u00f3jne mikrofony studyjne o du\u017cym zasi\u0119gu zbierania<\/td>\n<\/tr>\n<tr>\n<td>Oprogramowanie<\/td>\n<td width=\"584\">Windows 11 Pro<br \/>\nZa\u0142adowane aplikacje Microsoft 365<br \/>\nMiesi\u0119czna wersja pr\u00f3bna Microsoft 365<\/td>\n<\/tr>\n<tr>\n<td>Obudowa<\/td>\n<td width=\"584\">Aluminiowa obudowa<br \/>\nKolor: Platinum (platynowy)<br \/>\nPrzyciski regulacji g\u0142o\u015bno\u015bci oraz zasilania<\/td>\n<\/tr>\n<tr>\n<td>Wymiary (mm)<\/td>\n<td>287 x 209 x 9,3<\/td>\n<\/tr>\n<tr>\n<td width=\"201\">Waga<\/td>\n<td width=\"584\">879 g<\/td>\n<\/tr>\n<tr>\n<td>Zawarto\u015b\u0107 zestawu<\/td>\n<td width=\"584\">Surface Pro 9<br \/>\nZasilacz<br \/>\nDokumenty dotycz\u0105ce gwarancji i bezpiecze\u0144stwa<\/td>\n<\/tr>\n<tr>\n<td>Gwarancja<\/td>\n<td width=\"584\">Roczny okres gwarancji<\/td>\n<\/tr>\n<\/tbody>\n<\/table>\n","protected":false},"excerpt":{"rendered":"<p>Elastyczno\u015b\u0107 tabletu, czy wydajno\u015b\u0107 laptopa? Najnowszy Microsoft Surface Pro 9 QIY-00004, \u0142\u0105cz\u0105cy obie te cechy w jedno, ultraprzeno\u015bne urz\u0105dzenie, dzi\u0119ki czemu nie musisz wybiera\u0107. Nast\u0119pca Microsoft Surface Pro 8 posiada nowy, szybszy procesor przy zachowaniu niemal identycznych rozmiar\u00f3w i wa\u017c\u0105c znacznie mniej ni\u017c poprzednik. W po\u0142\u0105czeniu z wysoka \u017cywotno\u015bci\u0105 baterii, oraz smuk\u0142\u0105 obudow\u0105 tablet ten [&hellip;]<\/p>\n","protected":false},"featured_media":5479,"template":"","meta":{"site-sidebar-layout":"default","site-content-layout":"default","ast-site-content-layout":"default","site-content-style":"default","site-sidebar-style":"default","ast-global-header-display":"","ast-banner-title-visibility":"","ast-main-header-display":"","ast-hfb-above-header-display":"","ast-hfb-below-header-display":"","ast-hfb-mobile-header-display":"","site-post-title":"","ast-breadcrumbs-content":"","ast-featured-img":"","footer-sml-layout":"","ast-disable-related-posts":"","theme-transparent-header-meta":"default","adv-header-id-meta":"","stick-header-meta":"","header-above-stick-meta":"","header-main-stick-meta":"","header-below-stick-meta":"","astra-migrate-meta-layouts":"default","ast-page-background-enabled":"default","ast-page-background-meta":{"desktop":{"background-color":"","background-image":"","background-repeat":"repeat","background-position":"center center","background-size":"auto","background-attachment":"scroll","background-type":"","background-media":"","overlay-type":"","overlay-color":"","overlay-opacity":"","overlay-gradient":""},"tablet":{"background-color":"","background-image":"","background-repeat":"repeat","background-position":"center center","background-size":"auto","background-attachment":"scroll","background-type":"","background-media":"","overlay-type":"","overlay-color":"","overlay-opacity":"","overlay-gradient":""},"mobile":{"background-color":"","background-image":"","background-repeat":"repeat","background-position":"center center","background-size":"auto","background-attachment":"scroll","background-type":"","background-media":"","overlay-type":"","overlay-color":"","overlay-opacity":"","overlay-gradient":""}},"ast-content-background-meta":{"desktop":{"background-color":"var(--ast-global-color-5)","background-image":"","background-repeat":"repeat","background-position":"center center","background-size":"auto","background-attachment":"scroll","background-type":"","background-media":"","overlay-type":"","overlay-color":"","overlay-opacity":"","overlay-gradient":""},"tablet":{"background-color":"var(--ast-global-color-5)","background-image":"","background-repeat":"repeat","background-position":"center center","background-size":"auto","background-attachment":"scroll","background-type":"","background-media":"","overlay-type":"","overlay-color":"","overlay-opacity":"","overlay-gradient":""},"mobile":{"background-color":"var(--ast-global-color-5)","background-image":"","background-repeat":"repeat","background-position":"center center","background-size":"auto","background-attachment":"scroll","background-type":"","background-media":"","overlay-type":"","overlay-color":"","overlay-opacity":"","overlay-gradient":""}},"_links_to":"","_links_to_target":""},"product_brand":[],"product_cat":[],"product_tag":[],"class_list":{"0":"post-5016","1":"product","2":"type-product","3":"status-publish","4":"has-post-thumbnail","6":"pa_dodatkowe-komponenty-wifi","7":"pa_matryca-48","8":"pa_model-procesora-i7-1265u","9":"pa_pamiec-ram-16gb","10":"pa_pojemnosc-dysku-512gb","11":"pa_producent-procesora-intel","12":"pa_w-zestawie-urzadzenie-zasilacz","13":"desktop-align-left","14":"tablet-align-left","15":"mobile-align-left","17":"first","18":"instock","19":"sale","20":"taxable","21":"shipping-taxable","22":"purchasable","23":"product-type-simple"},"yoast_head":"<!-- This site is optimized with the Yoast SEO plugin v26.7 - https:\/\/yoast.com\/wordpress\/plugins\/seo\/ -->\n<title>Tablet Microsoft Surface Pro 9 Platinum QIY-00004\/i7-1265U\/16GB\/512GB\/13&quot;\/W11P - Sklep rozwi\u0105za\u0144 Microsoft Surface<\/title>\n<meta name=\"robots\" content=\"index, follow, max-snippet:-1, max-image-preview:large, max-video-preview:-1\" \/>\n<link rel=\"canonical\" href=\"https:\/\/polsoft.pl\/microsoft-surface\/produkt\/tablet-microsoft-surface-pro-9-platinum-qiy-00004-i7-1265u16gb-512gb-13-w11p\/\" \/>\n<meta property=\"og:locale\" content=\"pl_PL\" \/>\n<meta property=\"og:type\" content=\"article\" \/>\n<meta property=\"og:title\" content=\"Tablet Microsoft Surface Pro 9 Platinum QIY-00004\/i7-1265U\/16GB\/512GB\/13&quot;\/W11P - Sklep rozwi\u0105za\u0144 Microsoft Surface\" \/>\n<meta property=\"og:description\" content=\"Elastyczno\u015b\u0107 tabletu, czy wydajno\u015b\u0107 laptopa? Najnowszy Microsoft Surface Pro 9 QIY-00004, \u0142\u0105cz\u0105cy obie te cechy w jedno, ultraprzeno\u015bne urz\u0105dzenie, dzi\u0119ki czemu nie musisz wybiera\u0107. Nast\u0119pca Microsoft Surface Pro 8 posiada nowy, szybszy procesor przy zachowaniu niemal identycznych rozmiar\u00f3w i wa\u017c\u0105c znacznie mniej ni\u017c poprzednik. W po\u0142\u0105czeniu z wysoka \u017cywotno\u015bci\u0105 baterii, oraz smuk\u0142\u0105 obudow\u0105 tablet ten [&hellip;]\" \/>\n<meta property=\"og:url\" content=\"https:\/\/polsoft.pl\/microsoft-surface\/produkt\/tablet-microsoft-surface-pro-9-platinum-qiy-00004-i7-1265u16gb-512gb-13-w11p\/\" \/>\n<meta property=\"og:site_name\" content=\"Sklep rozwi\u0105za\u0144 Microsoft Surface\" \/>\n<meta property=\"article:modified_time\" content=\"2025-07-15T11:56:43+00:00\" \/>\n<meta property=\"og:image\" content=\"https:\/\/polsoft.pl\/microsoft-surface\/wp-content\/uploads\/2023\/07\/Tablet-Microsoft-Surface-Pro-9-Platinum-QIY-00004i7-1265U16GB512GB13-W11P-2-1.jpg\" \/>\n\t<meta property=\"og:image:width\" content=\"800\" \/>\n\t<meta property=\"og:image:height\" content=\"800\" \/>\n\t<meta property=\"og:image:type\" content=\"image\/jpeg\" \/>\n<meta name=\"twitter:card\" content=\"summary_large_image\" \/>\n<meta name=\"twitter:label1\" content=\"Szacowany czas czytania\" \/>\n\t<meta name=\"twitter:data1\" content=\"4 minuty\" \/>\n<script type=\"application\/ld+json\" class=\"yoast-schema-graph\">{\"@context\":\"https:\/\/schema.org\",\"@graph\":[{\"@type\":\"WebPage\",\"@id\":\"https:\/\/polsoft.pl\/microsoft-surface\/produkt\/tablet-microsoft-surface-pro-9-platinum-qiy-00004-i7-1265u16gb-512gb-13-w11p\/\",\"url\":\"https:\/\/polsoft.pl\/microsoft-surface\/produkt\/tablet-microsoft-surface-pro-9-platinum-qiy-00004-i7-1265u16gb-512gb-13-w11p\/\",\"name\":\"Tablet Microsoft Surface Pro 9 Platinum QIY-00004\/i7-1265U\/16GB\/512GB\/13\\\"\/W11P - Sklep rozwi\u0105za\u0144 Microsoft Surface\",\"isPartOf\":{\"@id\":\"https:\/\/polsoft.pl\/microsoft-surface\/#website\"},\"primaryImageOfPage\":{\"@id\":\"https:\/\/polsoft.pl\/microsoft-surface\/produkt\/tablet-microsoft-surface-pro-9-platinum-qiy-00004-i7-1265u16gb-512gb-13-w11p\/#primaryimage\"},\"image\":{\"@id\":\"https:\/\/polsoft.pl\/microsoft-surface\/produkt\/tablet-microsoft-surface-pro-9-platinum-qiy-00004-i7-1265u16gb-512gb-13-w11p\/#primaryimage\"},\"thumbnailUrl\":\"https:\/\/www.polsoft.pl\/microsoft-surface\/wp-content\/uploads\/2023\/07\/Tablet-Microsoft-Surface-Pro-9-Platinum-QIY-00004i7-1265U16GB512GB13-W11P-2-1.jpg\",\"datePublished\":\"2023-05-05T11:12:23+00:00\",\"dateModified\":\"2025-07-15T11:56:43+00:00\",\"breadcrumb\":{\"@id\":\"https:\/\/polsoft.pl\/microsoft-surface\/produkt\/tablet-microsoft-surface-pro-9-platinum-qiy-00004-i7-1265u16gb-512gb-13-w11p\/#breadcrumb\"},\"inLanguage\":\"pl-PL\",\"potentialAction\":[{\"@type\":\"ReadAction\",\"target\":[\"https:\/\/polsoft.pl\/microsoft-surface\/produkt\/tablet-microsoft-surface-pro-9-platinum-qiy-00004-i7-1265u16gb-512gb-13-w11p\/\"]}]},{\"@type\":\"ImageObject\",\"inLanguage\":\"pl-PL\",\"@id\":\"https:\/\/polsoft.pl\/microsoft-surface\/produkt\/tablet-microsoft-surface-pro-9-platinum-qiy-00004-i7-1265u16gb-512gb-13-w11p\/#primaryimage\",\"url\":\"https:\/\/www.polsoft.pl\/microsoft-surface\/wp-content\/uploads\/2023\/07\/Tablet-Microsoft-Surface-Pro-9-Platinum-QIY-00004i7-1265U16GB512GB13-W11P-2-1.jpg\",\"contentUrl\":\"https:\/\/www.polsoft.pl\/microsoft-surface\/wp-content\/uploads\/2023\/07\/Tablet-Microsoft-Surface-Pro-9-Platinum-QIY-00004i7-1265U16GB512GB13-W11P-2-1.jpg\",\"width\":800,\"height\":800,\"caption\":\"Zdj\u0119cie produktowe Tablet Microsoft Surface Pro 9\"},{\"@type\":\"BreadcrumbList\",\"@id\":\"https:\/\/polsoft.pl\/microsoft-surface\/produkt\/tablet-microsoft-surface-pro-9-platinum-qiy-00004-i7-1265u16gb-512gb-13-w11p\/#breadcrumb\",\"itemListElement\":[{\"@type\":\"ListItem\",\"position\":1,\"name\":\"Strona g\u0142\u00f3wna\",\"item\":\"https:\/\/polsoft.pl\/microsoft-surface\/\"},{\"@type\":\"ListItem\",\"position\":2,\"name\":\"Sklep\",\"item\":\"https:\/\/polsoft.pl\/microsoft-surface\/sklep\/\"},{\"@type\":\"ListItem\",\"position\":3,\"name\":\"Tablet Microsoft Surface Pro 9 Platinum QIY-00004\/i7-1265U\/16GB\/512GB\/13&#8243;\/W11P\"}]},{\"@type\":\"WebSite\",\"@id\":\"https:\/\/polsoft.pl\/microsoft-surface\/#website\",\"url\":\"https:\/\/polsoft.pl\/microsoft-surface\/\",\"name\":\"Sklep Microsoft Surface\",\"description\":\"Sklep Microsoft Surface\",\"publisher\":{\"@id\":\"https:\/\/polsoft.pl\/microsoft-surface\/#organization\"},\"potentialAction\":[{\"@type\":\"SearchAction\",\"target\":{\"@type\":\"EntryPoint\",\"urlTemplate\":\"https:\/\/polsoft.pl\/microsoft-surface\/?s={search_term_string}\"},\"query-input\":{\"@type\":\"PropertyValueSpecification\",\"valueRequired\":true,\"valueName\":\"search_term_string\"}}],\"inLanguage\":\"pl-PL\"},{\"@type\":\"Organization\",\"@id\":\"https:\/\/polsoft.pl\/microsoft-surface\/#organization\",\"name\":\"Polsoft Engineering Sp. z o.o.\",\"url\":\"https:\/\/polsoft.pl\/microsoft-surface\/\",\"logo\":{\"@type\":\"ImageObject\",\"inLanguage\":\"pl-PL\",\"@id\":\"https:\/\/polsoft.pl\/microsoft-surface\/#\/schema\/logo\/image\/\",\"url\":\"https:\/\/www.polsoft.pl\/microsoft-surface\/wp-content\/uploads\/2020\/10\/microsoft_partner_logo_black_polsoft.png\",\"contentUrl\":\"https:\/\/www.polsoft.pl\/microsoft-surface\/wp-content\/uploads\/2020\/10\/microsoft_partner_logo_black_polsoft.png\",\"width\":613,\"height\":158,\"caption\":\"Polsoft Engineering Sp. z o.o.\"},\"image\":{\"@id\":\"https:\/\/polsoft.pl\/microsoft-surface\/#\/schema\/logo\/image\/\"}}]}<\/script>\n<!-- \/ Yoast SEO plugin. -->","yoast_head_json":{"title":"Tablet Microsoft Surface Pro 9 Platinum QIY-00004\/i7-1265U\/16GB\/512GB\/13\"\/W11P - Sklep rozwi\u0105za\u0144 Microsoft Surface","robots":{"index":"index","follow":"follow","max-snippet":"max-snippet:-1","max-image-preview":"max-image-preview:large","max-video-preview":"max-video-preview:-1"},"canonical":"https:\/\/polsoft.pl\/microsoft-surface\/produkt\/tablet-microsoft-surface-pro-9-platinum-qiy-00004-i7-1265u16gb-512gb-13-w11p\/","og_locale":"pl_PL","og_type":"article","og_title":"Tablet Microsoft Surface Pro 9 Platinum QIY-00004\/i7-1265U\/16GB\/512GB\/13\"\/W11P - Sklep rozwi\u0105za\u0144 Microsoft Surface","og_description":"Elastyczno\u015b\u0107 tabletu, czy wydajno\u015b\u0107 laptopa? Najnowszy Microsoft Surface Pro 9 QIY-00004, \u0142\u0105cz\u0105cy obie te cechy w jedno, ultraprzeno\u015bne urz\u0105dzenie, dzi\u0119ki czemu nie musisz wybiera\u0107. Nast\u0119pca Microsoft Surface Pro 8 posiada nowy, szybszy procesor przy zachowaniu niemal identycznych rozmiar\u00f3w i wa\u017c\u0105c znacznie mniej ni\u017c poprzednik. W po\u0142\u0105czeniu z wysoka \u017cywotno\u015bci\u0105 baterii, oraz smuk\u0142\u0105 obudow\u0105 tablet ten [&hellip;]","og_url":"https:\/\/polsoft.pl\/microsoft-surface\/produkt\/tablet-microsoft-surface-pro-9-platinum-qiy-00004-i7-1265u16gb-512gb-13-w11p\/","og_site_name":"Sklep rozwi\u0105za\u0144 Microsoft Surface","article_modified_time":"2025-07-15T11:56:43+00:00","og_image":[{"width":800,"height":800,"url":"https:\/\/polsoft.pl\/microsoft-surface\/wp-content\/uploads\/2023\/07\/Tablet-Microsoft-Surface-Pro-9-Platinum-QIY-00004i7-1265U16GB512GB13-W11P-2-1.jpg","type":"image\/jpeg"}],"twitter_card":"summary_large_image","twitter_misc":{"Szacowany czas czytania":"4 minuty"},"schema":{"@context":"https:\/\/schema.org","@graph":[{"@type":"WebPage","@id":"https:\/\/polsoft.pl\/microsoft-surface\/produkt\/tablet-microsoft-surface-pro-9-platinum-qiy-00004-i7-1265u16gb-512gb-13-w11p\/","url":"https:\/\/polsoft.pl\/microsoft-surface\/produkt\/tablet-microsoft-surface-pro-9-platinum-qiy-00004-i7-1265u16gb-512gb-13-w11p\/","name":"Tablet Microsoft Surface Pro 9 Platinum QIY-00004\/i7-1265U\/16GB\/512GB\/13\"\/W11P - Sklep rozwi\u0105za\u0144 Microsoft Surface","isPartOf":{"@id":"https:\/\/polsoft.pl\/microsoft-surface\/#website"},"primaryImageOfPage":{"@id":"https:\/\/polsoft.pl\/microsoft-surface\/produkt\/tablet-microsoft-surface-pro-9-platinum-qiy-00004-i7-1265u16gb-512gb-13-w11p\/#primaryimage"},"image":{"@id":"https:\/\/polsoft.pl\/microsoft-surface\/produkt\/tablet-microsoft-surface-pro-9-platinum-qiy-00004-i7-1265u16gb-512gb-13-w11p\/#primaryimage"},"thumbnailUrl":"https:\/\/www.polsoft.pl\/microsoft-surface\/wp-content\/uploads\/2023\/07\/Tablet-Microsoft-Surface-Pro-9-Platinum-QIY-00004i7-1265U16GB512GB13-W11P-2-1.jpg","datePublished":"2023-05-05T11:12:23+00:00","dateModified":"2025-07-15T11:56:43+00:00","breadcrumb":{"@id":"https:\/\/polsoft.pl\/microsoft-surface\/produkt\/tablet-microsoft-surface-pro-9-platinum-qiy-00004-i7-1265u16gb-512gb-13-w11p\/#breadcrumb"},"inLanguage":"pl-PL","potentialAction":[{"@type":"ReadAction","target":["https:\/\/polsoft.pl\/microsoft-surface\/produkt\/tablet-microsoft-surface-pro-9-platinum-qiy-00004-i7-1265u16gb-512gb-13-w11p\/"]}]},{"@type":"ImageObject","inLanguage":"pl-PL","@id":"https:\/\/polsoft.pl\/microsoft-surface\/produkt\/tablet-microsoft-surface-pro-9-platinum-qiy-00004-i7-1265u16gb-512gb-13-w11p\/#primaryimage","url":"https:\/\/www.polsoft.pl\/microsoft-surface\/wp-content\/uploads\/2023\/07\/Tablet-Microsoft-Surface-Pro-9-Platinum-QIY-00004i7-1265U16GB512GB13-W11P-2-1.jpg","contentUrl":"https:\/\/www.polsoft.pl\/microsoft-surface\/wp-content\/uploads\/2023\/07\/Tablet-Microsoft-Surface-Pro-9-Platinum-QIY-00004i7-1265U16GB512GB13-W11P-2-1.jpg","width":800,"height":800,"caption":"Zdj\u0119cie produktowe Tablet Microsoft Surface Pro 9"},{"@type":"BreadcrumbList","@id":"https:\/\/polsoft.pl\/microsoft-surface\/produkt\/tablet-microsoft-surface-pro-9-platinum-qiy-00004-i7-1265u16gb-512gb-13-w11p\/#breadcrumb","itemListElement":[{"@type":"ListItem","position":1,"name":"Strona g\u0142\u00f3wna","item":"https:\/\/polsoft.pl\/microsoft-surface\/"},{"@type":"ListItem","position":2,"name":"Sklep","item":"https:\/\/polsoft.pl\/microsoft-surface\/sklep\/"},{"@type":"ListItem","position":3,"name":"Tablet Microsoft Surface Pro 9 Platinum QIY-00004\/i7-1265U\/16GB\/512GB\/13&#8243;\/W11P"}]},{"@type":"WebSite","@id":"https:\/\/polsoft.pl\/microsoft-surface\/#website","url":"https:\/\/polsoft.pl\/microsoft-surface\/","name":"Sklep Microsoft Surface","description":"Sklep Microsoft Surface","publisher":{"@id":"https:\/\/polsoft.pl\/microsoft-surface\/#organization"},"potentialAction":[{"@type":"SearchAction","target":{"@type":"EntryPoint","urlTemplate":"https:\/\/polsoft.pl\/microsoft-surface\/?s={search_term_string}"},"query-input":{"@type":"PropertyValueSpecification","valueRequired":true,"valueName":"search_term_string"}}],"inLanguage":"pl-PL"},{"@type":"Organization","@id":"https:\/\/polsoft.pl\/microsoft-surface\/#organization","name":"Polsoft Engineering Sp. z o.o.","url":"https:\/\/polsoft.pl\/microsoft-surface\/","logo":{"@type":"ImageObject","inLanguage":"pl-PL","@id":"https:\/\/polsoft.pl\/microsoft-surface\/#\/schema\/logo\/image\/","url":"https:\/\/www.polsoft.pl\/microsoft-surface\/wp-content\/uploads\/2020\/10\/microsoft_partner_logo_black_polsoft.png","contentUrl":"https:\/\/www.polsoft.pl\/microsoft-surface\/wp-content\/uploads\/2020\/10\/microsoft_partner_logo_black_polsoft.png","width":613,"height":158,"caption":"Polsoft Engineering Sp. z o.o."},"image":{"@id":"https:\/\/polsoft.pl\/microsoft-surface\/#\/schema\/logo\/image\/"}}]}},"_links":{"self":[{"href":"https:\/\/www.polsoft.pl\/microsoft-surface\/wp-json\/wp\/v2\/product\/5016","targetHints":{"allow":["GET"]}}],"collection":[{"href":"https:\/\/www.polsoft.pl\/microsoft-surface\/wp-json\/wp\/v2\/product"}],"about":[{"href":"https:\/\/www.polsoft.pl\/microsoft-surface\/wp-json\/wp\/v2\/types\/product"}],"version-history":[{"count":4,"href":"https:\/\/www.polsoft.pl\/microsoft-surface\/wp-json\/wp\/v2\/product\/5016\/revisions"}],"predecessor-version":[{"id":5229,"href":"https:\/\/www.polsoft.pl\/microsoft-surface\/wp-json\/wp\/v2\/product\/5016\/revisions\/5229"}],"wp:featuredmedia":[{"embeddable":true,"href":"https:\/\/www.polsoft.pl\/microsoft-surface\/wp-json\/wp\/v2\/media\/5479"}],"wp:attachment":[{"href":"https:\/\/www.polsoft.pl\/microsoft-surface\/wp-json\/wp\/v2\/media?parent=5016"}],"wp:term":[{"taxonomy":"product_brand","embeddable":true,"href":"https:\/\/www.polsoft.pl\/microsoft-surface\/wp-json\/wp\/v2\/product_brand?post=5016"},{"taxonomy":"product_cat","embeddable":true,"href":"https:\/\/www.polsoft.pl\/microsoft-surface\/wp-json\/wp\/v2\/product_cat?post=5016"},{"taxonomy":"product_tag","embeddable":true,"href":"https:\/\/www.polsoft.pl\/microsoft-surface\/wp-json\/wp\/v2\/product_tag?post=5016"}],"curies":[{"name":"wp","href":"https:\/\/api.w.org\/{rel}","templated":true}]}}