{"id":5034,"date":"2023-05-05T13:12:45","date_gmt":"2023-05-05T11:12:45","guid":{"rendered":"https:\/\/polsoft.pl\/microsoft-surface\/produkt\/laptop-microsoft-surface-go-2-platinum-8qd-00031-i5-1135g7-8gb-128gb-124-w11p\/"},"modified":"2025-07-15T13:56:34","modified_gmt":"2025-07-15T11:56:34","slug":"tablet-microsoft-surface-go-2-platinum-8qd-00031-i5-1135g7-8gb-128gb-124-w11p","status":"publish","type":"product","link":"https:\/\/www.polsoft.pl\/microsoft-surface\/produkt\/tablet-microsoft-surface-go-2-platinum-8qd-00031-i5-1135g7-8gb-128gb-124-w11p\/","title":{"rendered":"Laptop Microsoft Surface Go 2 Platinum 8QD-00031\/i5-1135G7\/8GB\/128GB\/12,4&#8243;\/W11P"},"content":{"rendered":"<p><span class=\"selected\">Odkryj kwintesencj\u0119 mobilno\u015bci i stylu z <\/span><strong><span class=\"selected\">Microsoft Surface Laptop Go 2 8QD-00031<\/span><\/strong><span class=\"selected\">. Ten ultralekki i smuk\u0142y laptop w klasycznym, platynowym kolorze, jest idealnym punktem wej\u015bcia do \u015bwiata premium od Microsoft. Zosta\u0142 zaprojektowany z my\u015bl\u0105 o ludziach w ci\u0105g\u0142ym ruchu \u2013 studentach, pracownikach i ka\u017cdym, kto potrzebuje niezawodnego i eleganckiego towarzysza do codziennych zada\u0144, ceni\u0105c sobie jednocze\u015bnie jako\u015b\u0107 wykonania i komfort pracy, z kt\u00f3rego s\u0142ynie linia Surface.<\/span><\/p>\n<p><span class=\"selected\">Sercem tej zwinnej maszyny jest sprawdzony i wydajny procesor <\/span><strong><span class=\"selected\">Intel\u00ae Core\u2122 i5-1135G7<\/span><\/strong><span class=\"selected\"> jedenastej generacji. Jego cztery rdzenie i osiem w\u0105tk\u00f3w zapewniaj\u0105 moc wystarczaj\u0105c\u0105 do p\u0142ynnej obs\u0142ugi wszystkich Twoich codziennych zada\u0144, od pracy z pakietem Microsoft 365, przez przegl\u0105danie internetu z wieloma otwartymi kartami, a\u017c po lekk\u0105 edycj\u0119 zdj\u0119\u0107. W tej konfiguracji procesor jest wspierany przez <\/span><strong><span class=\"selected\">8 GB<\/span><\/strong><span class=\"selected\"> pami\u0119ci RAM <\/span><strong><span class=\"selected\">LPDDR4x<\/span><\/strong><span class=\"selected\">, co zapewnia p\u0142ynno\u015b\u0107 i responsywno\u015b\u0107 we wszystkich kluczowych zadaniach. Szybki dysk <\/span><strong><span class=\"selected\">SSD o pojemno\u015bci 128 GB<\/span><\/strong><span class=\"selected\"> zapewnia b\u0142yskawiczny start systemu <\/span><strong><span class=\"selected\">Windows 11 Pro<\/span><\/strong><span class=\"selected\"> i najwa\u017cniejszych aplikacji, stanowi\u0105c idealne rozwi\u0105zanie dla os\u00f3b, kt\u00f3re pracuj\u0105 g\u0142\u00f3wnie z danymi w chmurze lub na zewn\u0119trznych no\u015bnikach.<\/span><\/p>\n<p><span class=\"selected\">Ka\u017cda interakcja z Surface Laptop Go 2 to czysta przyjemno\u015b\u0107, a wszystko zaczyna si\u0119 od jego wspania\u0142ego, 12,4-calowego ekranu dotykowego <\/span><strong><span class=\"selected\">PixelSense\u2122<\/span><\/strong><span class=\"selected\">. Mimo kompaktowych rozmiar\u00f3w, oferuje on \u017cywe, precyzyjnie odwzorowane kolory i doskona\u0142y kontrast, co sprawia, \u017ce zdj\u0119cia i filmy wygl\u0105daj\u0105 znakomicie. Charakterystyczne dla urz\u0105dze\u0144 Surface proporcje ekranu 3:2 daj\u0105 Ci wi\u0119cej przestrzeni roboczej w pionie, co jest niezwykle wygodne podczas czytania, pisania i pracy z dokumentami. Wysoka rozdzielczo\u015b\u0107 <\/span><strong><span class=\"selected\">1536 x 1024 (148 PPI)<\/span><\/strong><span class=\"selected\"> sprawia, \u017ce obraz jest ostry i czytelny. 10-punktowy ekran dotykowy pozwala na intuicyjn\u0105 nawigacj\u0119 i interakcj\u0119 z systemem, a tak\u017ce na odr\u0119czne notatki przy u\u017cyciu opcjonalnego pi\u00f3ra Surface, co jest idealne dla student\u00f3w i os\u00f3b kreatywnych.<\/span><\/p>\n<p><span class=\"selected\">Do\u015bwiadcz legendarnego komfortu pisania, z kt\u00f3rego s\u0142ynie linia Surface. Klawiatura w Laptop Go 2, mimo kompaktowych rozmiar\u00f3w, oferuje pe\u0142nowymiarowe klawisze o idealnie dobranym skoku i responsywno\u015bci, co pozwala na szybkie i wygodne pisanie przez wiele godzin bez zm\u0119czenia. Du\u017cy, precyzyjny g\u0142adzik precyzyjnie odczytuje ka\u017cdy gest, u\u0142atwiaj\u0105c nawigacj\u0119 i obs\u0142ug\u0119 funkcji systemu Windows 11. Ca\u0142o\u015b\u0107 zamkni\u0119ta jest w eleganckiej obudowie, kt\u00f3rej g\u00f3rna cz\u0119\u015b\u0107 wykonana jest z ch\u0142odnego w dotyku, anodyzowanego aluminium, a podstawa z wytrzyma\u0142ego kompozytu poliw\u0119glanowego, co nadaje urz\u0105dzeniu charakteru premium i zapewnia lekko\u015b\u0107.<\/span><\/p>\n<p><span class=\"selected\">Bezpiecze\u0144stwo i wygoda id\u0105 w parze. Surface Laptop Go 2 w tej konfiguracji zosta\u0142 wyposa\u017cony w czytnik linii papilarnych zintegrowany z przyciskiem zasilania. Funkcja <\/span><strong><span class=\"selected\">One Touch sign-in<\/span><\/strong><span class=\"selected\"> z <\/span><strong><span class=\"selected\">Windows Hello<\/span><\/strong><span class=\"selected\"> pozwala na b\u0142yskawiczne i bezpieczne logowanie do systemu jednym dotkni\u0119ciem, eliminuj\u0105c potrzeb\u0119 pami\u0119tania skomplikowanych hase\u0142. System operacyjny <\/span><strong><span class=\"selected\">Windows 11 Pro<\/span><\/strong><span class=\"selected\"> oferuje dodatkowe, zaawansowane funkcje zabezpiecze\u0144 i zarz\u0105dzania, takie jak szyfrowanie BitLocker i mo\u017cliwo\u015b\u0107 do\u0142\u0105czenia do domeny, kt\u00f3re s\u0105 kluczowe w \u015brodowisku biznesowym.<\/span><\/p>\n<p><span class=\"selected\">B\u0105d\u017a zawsze w kontakcie dzi\u0119ki niezb\u0119dnym portom i nowoczesnej \u0142\u0105czno\u015bci bezprzewodowej. Laptop wyposa\u017cono w jeden wszechstronny port <\/span><strong><span class=\"selected\">USB-C\u00ae<\/span><\/strong><span class=\"selected\">, kt\u00f3ry mo\u017ce s\u0142u\u017cy\u0107 do transferu danych, pod\u0142\u0105czania zewn\u0119trznego monitora i \u0142adowania. Dost\u0119pny jest r\u00f3wnie\u017c klasyczny port <\/span><strong><span class=\"selected\">USB-A<\/span><\/strong><span class=\"selected\"> dla starszych akcesori\u00f3w, takich jak pendrive&#8217;y czy myszy. Nie zabrak\u0142o gniazda s\u0142uchawkowego 3,5 mm oraz magnetycznego portu <\/span><strong><span class=\"selected\">Surface Connect<\/span><\/strong><span class=\"selected\"> do szybkiego i wygodnego \u0142adowania. Stabilne po\u0142\u0105czenie z sieci\u0105 zapewnia technologia <\/span><strong><span class=\"selected\">Wi-Fi 6<\/span><\/strong><span class=\"selected\">, a z akcesoriami <\/span><strong><span class=\"selected\">Bluetooth\u00ae 5.1<\/span><\/strong><span class=\"selected\">.<\/span><\/p>\n<p><span class=\"selected\">Zadbaj o sw\u00f3j profesjonalny wizerunek podczas spotka\u0144 online. Ulepszona kamera HD 720p w po\u0142\u0105czeniu z dwoma mikrofonami studyjnymi dalekiego zasi\u0119gu gwarantuje, \u017ce b\u0119dziesz widziany i s\u0142yszany g\u0142o\u015bno i wyra\u017anie, bez zak\u0142\u00f3ce\u0144 z otoczenia. Dope\u0142nieniem ca\u0142o\u015bci s\u0105 g\u0142o\u015bniki <\/span><strong><span class=\"selected\">Omnisonic\u00ae z technologi\u0105 Dolby\u00ae Audio\u2122 Premium<\/span><\/strong><span class=\"selected\">, kt\u00f3re zosta\u0142y sprytnie ukryte pod klawiatur\u0105. Dostarczaj\u0105 one zaskakuj\u0105co bogaty i czysty d\u017awi\u0119k, kt\u00f3ry otacza u\u017cytkownika, co jest rzadko\u015bci\u0105 w tak kompaktowym urz\u0105dzeniu.<\/span><\/p>\n","protected":false},"excerpt":{"rendered":"<p>Odkryj kwintesencj\u0119 mobilno\u015bci i stylu z Microsoft Surface Laptop Go 2 8QD-00031. Ten ultralekki i smuk\u0142y laptop w klasycznym, platynowym kolorze, jest idealnym punktem wej\u015bcia do \u015bwiata premium od Microsoft. Zosta\u0142 zaprojektowany z my\u015bl\u0105 o ludziach w ci\u0105g\u0142ym ruchu \u2013 studentach, pracownikach i ka\u017cdym, kto potrzebuje niezawodnego i eleganckiego towarzysza do codziennych zada\u0144, ceni\u0105c sobie [&hellip;]<\/p>\n","protected":false},"featured_media":5398,"template":"","meta":{"site-sidebar-layout":"default","site-content-layout":"default","ast-site-content-layout":"default","site-content-style":"default","site-sidebar-style":"default","ast-global-header-display":"","ast-banner-title-visibility":"","ast-main-header-display":"","ast-hfb-above-header-display":"","ast-hfb-below-header-display":"","ast-hfb-mobile-header-display":"","site-post-title":"","ast-breadcrumbs-content":"","ast-featured-img":"","footer-sml-layout":"","ast-disable-related-posts":"","theme-transparent-header-meta":"default","adv-header-id-meta":"","stick-header-meta":"","header-above-stick-meta":"","header-main-stick-meta":"","header-below-stick-meta":"","astra-migrate-meta-layouts":"set","ast-page-background-enabled":"default","ast-page-background-meta":{"desktop":{"background-color":"","background-image":"","background-repeat":"repeat","background-position":"center center","background-size":"auto","background-attachment":"scroll","background-type":"","background-media":"","overlay-type":"","overlay-color":"","overlay-opacity":"","overlay-gradient":""},"tablet":{"background-color":"","background-image":"","background-repeat":"repeat","background-position":"center center","background-size":"auto","background-attachment":"scroll","background-type":"","background-media":"","overlay-type":"","overlay-color":"","overlay-opacity":"","overlay-gradient":""},"mobile":{"background-color":"","background-image":"","background-repeat":"repeat","background-position":"center center","background-size":"auto","background-attachment":"scroll","background-type":"","background-media":"","overlay-type":"","overlay-color":"","overlay-opacity":"","overlay-gradient":""}},"ast-content-background-meta":{"desktop":{"background-color":"var(--ast-global-color-5)","background-image":"","background-repeat":"repeat","background-position":"center center","background-size":"auto","background-attachment":"scroll","background-type":"","background-media":"","overlay-type":"","overlay-color":"","overlay-opacity":"","overlay-gradient":""},"tablet":{"background-color":"var(--ast-global-color-5)","background-image":"","background-repeat":"repeat","background-position":"center center","background-size":"auto","background-attachment":"scroll","background-type":"","background-media":"","overlay-type":"","overlay-color":"","overlay-opacity":"","overlay-gradient":""},"mobile":{"background-color":"var(--ast-global-color-5)","background-image":"","background-repeat":"repeat","background-position":"center center","background-size":"auto","background-attachment":"scroll","background-type":"","background-media":"","overlay-type":"","overlay-color":"","overlay-opacity":"","overlay-gradient":""}},"_links_to":"","_links_to_target":""},"product_brand":[],"product_cat":[],"product_tag":[],"class_list":{"0":"post-5034","1":"product","2":"type-product","3":"status-publish","4":"has-post-thumbnail","6":"pa_dodatkowe-komponenty-wifi","7":"pa_matryca-250","8":"pa_model-procesora-i5-1135g7","9":"pa_pamiec-ram-8gb","10":"pa_pojemnosc-dysku-128gb","11":"pa_producent-procesora-intel","12":"pa_w-zestawie-urzadzenie-zasilacz","13":"desktop-align-left","14":"tablet-align-left","15":"mobile-align-left","17":"first","18":"outofstock","19":"taxable","20":"shipping-taxable","21":"purchasable","22":"product-type-simple"},"yoast_head":"<!-- This site is optimized with the Yoast SEO plugin v26.7 - https:\/\/yoast.com\/wordpress\/plugins\/seo\/ -->\n<title>Laptop Microsoft Surface Go 2 Platinum 8QD-00031\/i5-1135G7\/8GB\/128GB\/12,4&quot;\/W11P - Sklep rozwi\u0105za\u0144 Microsoft Surface<\/title>\n<meta name=\"robots\" content=\"index, follow, max-snippet:-1, max-image-preview:large, max-video-preview:-1\" \/>\n<link rel=\"canonical\" href=\"https:\/\/polsoft.pl\/microsoft-surface\/produkt\/tablet-microsoft-surface-go-2-platinum-8qd-00031-i5-1135g7-8gb-128gb-124-w11p\/\" \/>\n<meta property=\"og:locale\" content=\"pl_PL\" \/>\n<meta property=\"og:type\" content=\"article\" \/>\n<meta property=\"og:title\" content=\"Laptop Microsoft Surface Go 2 Platinum 8QD-00031\/i5-1135G7\/8GB\/128GB\/12,4&quot;\/W11P - Sklep rozwi\u0105za\u0144 Microsoft Surface\" \/>\n<meta property=\"og:description\" content=\"Odkryj kwintesencj\u0119 mobilno\u015bci i stylu z Microsoft Surface Laptop Go 2 8QD-00031. Ten ultralekki i smuk\u0142y laptop w klasycznym, platynowym kolorze, jest idealnym punktem wej\u015bcia do \u015bwiata premium od Microsoft. Zosta\u0142 zaprojektowany z my\u015bl\u0105 o ludziach w ci\u0105g\u0142ym ruchu \u2013 studentach, pracownikach i ka\u017cdym, kto potrzebuje niezawodnego i eleganckiego towarzysza do codziennych zada\u0144, ceni\u0105c sobie [&hellip;]\" \/>\n<meta property=\"og:url\" content=\"https:\/\/polsoft.pl\/microsoft-surface\/produkt\/tablet-microsoft-surface-go-2-platinum-8qd-00031-i5-1135g7-8gb-128gb-124-w11p\/\" \/>\n<meta property=\"og:site_name\" content=\"Sklep rozwi\u0105za\u0144 Microsoft Surface\" \/>\n<meta property=\"article:modified_time\" content=\"2025-07-15T11:56:34+00:00\" \/>\n<meta property=\"og:image\" content=\"https:\/\/polsoft.pl\/microsoft-surface\/wp-content\/uploads\/2023\/07\/Laptop-Microsoft-Surface-Go-2-Platinum-8QD-00031i5-1135G78GB128GB124-W11P-2.jpg\" \/>\n\t<meta property=\"og:image:width\" content=\"800\" \/>\n\t<meta property=\"og:image:height\" content=\"800\" \/>\n\t<meta property=\"og:image:type\" content=\"image\/jpeg\" \/>\n<meta name=\"twitter:card\" content=\"summary_large_image\" \/>\n<meta name=\"twitter:label1\" content=\"Szacowany czas czytania\" \/>\n\t<meta name=\"twitter:data1\" content=\"4 minuty\" \/>\n<script type=\"application\/ld+json\" class=\"yoast-schema-graph\">{\"@context\":\"https:\/\/schema.org\",\"@graph\":[{\"@type\":\"WebPage\",\"@id\":\"https:\/\/polsoft.pl\/microsoft-surface\/produkt\/tablet-microsoft-surface-go-2-platinum-8qd-00031-i5-1135g7-8gb-128gb-124-w11p\/\",\"url\":\"https:\/\/polsoft.pl\/microsoft-surface\/produkt\/tablet-microsoft-surface-go-2-platinum-8qd-00031-i5-1135g7-8gb-128gb-124-w11p\/\",\"name\":\"Laptop Microsoft Surface Go 2 Platinum 8QD-00031\/i5-1135G7\/8GB\/128GB\/12,4\\\"\/W11P - Sklep rozwi\u0105za\u0144 Microsoft Surface\",\"isPartOf\":{\"@id\":\"https:\/\/polsoft.pl\/microsoft-surface\/#website\"},\"primaryImageOfPage\":{\"@id\":\"https:\/\/polsoft.pl\/microsoft-surface\/produkt\/tablet-microsoft-surface-go-2-platinum-8qd-00031-i5-1135g7-8gb-128gb-124-w11p\/#primaryimage\"},\"image\":{\"@id\":\"https:\/\/polsoft.pl\/microsoft-surface\/produkt\/tablet-microsoft-surface-go-2-platinum-8qd-00031-i5-1135g7-8gb-128gb-124-w11p\/#primaryimage\"},\"thumbnailUrl\":\"https:\/\/www.polsoft.pl\/microsoft-surface\/wp-content\/uploads\/2023\/07\/Laptop-Microsoft-Surface-Go-2-Platinum-8QD-00031i5-1135G78GB128GB124-W11P-2.jpg\",\"datePublished\":\"2023-05-05T11:12:45+00:00\",\"dateModified\":\"2025-07-15T11:56:34+00:00\",\"breadcrumb\":{\"@id\":\"https:\/\/polsoft.pl\/microsoft-surface\/produkt\/tablet-microsoft-surface-go-2-platinum-8qd-00031-i5-1135g7-8gb-128gb-124-w11p\/#breadcrumb\"},\"inLanguage\":\"pl-PL\",\"potentialAction\":[{\"@type\":\"ReadAction\",\"target\":[\"https:\/\/polsoft.pl\/microsoft-surface\/produkt\/tablet-microsoft-surface-go-2-platinum-8qd-00031-i5-1135g7-8gb-128gb-124-w11p\/\"]}]},{\"@type\":\"ImageObject\",\"inLanguage\":\"pl-PL\",\"@id\":\"https:\/\/polsoft.pl\/microsoft-surface\/produkt\/tablet-microsoft-surface-go-2-platinum-8qd-00031-i5-1135g7-8gb-128gb-124-w11p\/#primaryimage\",\"url\":\"https:\/\/www.polsoft.pl\/microsoft-surface\/wp-content\/uploads\/2023\/07\/Laptop-Microsoft-Surface-Go-2-Platinum-8QD-00031i5-1135G78GB128GB124-W11P-2.jpg\",\"contentUrl\":\"https:\/\/www.polsoft.pl\/microsoft-surface\/wp-content\/uploads\/2023\/07\/Laptop-Microsoft-Surface-Go-2-Platinum-8QD-00031i5-1135G78GB128GB124-W11P-2.jpg\",\"width\":800,\"height\":800,\"caption\":\"Zdj\u0119cie produktu Laptop Microsoft Surface Go 2 Platinum\"},{\"@type\":\"BreadcrumbList\",\"@id\":\"https:\/\/polsoft.pl\/microsoft-surface\/produkt\/tablet-microsoft-surface-go-2-platinum-8qd-00031-i5-1135g7-8gb-128gb-124-w11p\/#breadcrumb\",\"itemListElement\":[{\"@type\":\"ListItem\",\"position\":1,\"name\":\"Strona g\u0142\u00f3wna\",\"item\":\"https:\/\/polsoft.pl\/microsoft-surface\/\"},{\"@type\":\"ListItem\",\"position\":2,\"name\":\"Sklep\",\"item\":\"https:\/\/polsoft.pl\/microsoft-surface\/sklep\/\"},{\"@type\":\"ListItem\",\"position\":3,\"name\":\"Laptop Microsoft Surface Go 2 Platinum 8QD-00031\/i5-1135G7\/8GB\/128GB\/12,4&#8243;\/W11P\"}]},{\"@type\":\"WebSite\",\"@id\":\"https:\/\/polsoft.pl\/microsoft-surface\/#website\",\"url\":\"https:\/\/polsoft.pl\/microsoft-surface\/\",\"name\":\"Sklep Microsoft Surface\",\"description\":\"Sklep Microsoft Surface\",\"publisher\":{\"@id\":\"https:\/\/polsoft.pl\/microsoft-surface\/#organization\"},\"potentialAction\":[{\"@type\":\"SearchAction\",\"target\":{\"@type\":\"EntryPoint\",\"urlTemplate\":\"https:\/\/polsoft.pl\/microsoft-surface\/?s={search_term_string}\"},\"query-input\":{\"@type\":\"PropertyValueSpecification\",\"valueRequired\":true,\"valueName\":\"search_term_string\"}}],\"inLanguage\":\"pl-PL\"},{\"@type\":\"Organization\",\"@id\":\"https:\/\/polsoft.pl\/microsoft-surface\/#organization\",\"name\":\"Polsoft Engineering Sp. z o.o.\",\"url\":\"https:\/\/polsoft.pl\/microsoft-surface\/\",\"logo\":{\"@type\":\"ImageObject\",\"inLanguage\":\"pl-PL\",\"@id\":\"https:\/\/polsoft.pl\/microsoft-surface\/#\/schema\/logo\/image\/\",\"url\":\"https:\/\/www.polsoft.pl\/microsoft-surface\/wp-content\/uploads\/2020\/10\/microsoft_partner_logo_black_polsoft.png\",\"contentUrl\":\"https:\/\/www.polsoft.pl\/microsoft-surface\/wp-content\/uploads\/2020\/10\/microsoft_partner_logo_black_polsoft.png\",\"width\":613,\"height\":158,\"caption\":\"Polsoft Engineering Sp. z o.o.\"},\"image\":{\"@id\":\"https:\/\/polsoft.pl\/microsoft-surface\/#\/schema\/logo\/image\/\"}}]}<\/script>\n<!-- \/ Yoast SEO plugin. -->","yoast_head_json":{"title":"Laptop Microsoft Surface Go 2 Platinum 8QD-00031\/i5-1135G7\/8GB\/128GB\/12,4\"\/W11P - Sklep rozwi\u0105za\u0144 Microsoft Surface","robots":{"index":"index","follow":"follow","max-snippet":"max-snippet:-1","max-image-preview":"max-image-preview:large","max-video-preview":"max-video-preview:-1"},"canonical":"https:\/\/polsoft.pl\/microsoft-surface\/produkt\/tablet-microsoft-surface-go-2-platinum-8qd-00031-i5-1135g7-8gb-128gb-124-w11p\/","og_locale":"pl_PL","og_type":"article","og_title":"Laptop Microsoft Surface Go 2 Platinum 8QD-00031\/i5-1135G7\/8GB\/128GB\/12,4\"\/W11P - Sklep rozwi\u0105za\u0144 Microsoft Surface","og_description":"Odkryj kwintesencj\u0119 mobilno\u015bci i stylu z Microsoft Surface Laptop Go 2 8QD-00031. Ten ultralekki i smuk\u0142y laptop w klasycznym, platynowym kolorze, jest idealnym punktem wej\u015bcia do \u015bwiata premium od Microsoft. Zosta\u0142 zaprojektowany z my\u015bl\u0105 o ludziach w ci\u0105g\u0142ym ruchu \u2013 studentach, pracownikach i ka\u017cdym, kto potrzebuje niezawodnego i eleganckiego towarzysza do codziennych zada\u0144, ceni\u0105c sobie [&hellip;]","og_url":"https:\/\/polsoft.pl\/microsoft-surface\/produkt\/tablet-microsoft-surface-go-2-platinum-8qd-00031-i5-1135g7-8gb-128gb-124-w11p\/","og_site_name":"Sklep rozwi\u0105za\u0144 Microsoft Surface","article_modified_time":"2025-07-15T11:56:34+00:00","og_image":[{"width":800,"height":800,"url":"https:\/\/polsoft.pl\/microsoft-surface\/wp-content\/uploads\/2023\/07\/Laptop-Microsoft-Surface-Go-2-Platinum-8QD-00031i5-1135G78GB128GB124-W11P-2.jpg","type":"image\/jpeg"}],"twitter_card":"summary_large_image","twitter_misc":{"Szacowany czas czytania":"4 minuty"},"schema":{"@context":"https:\/\/schema.org","@graph":[{"@type":"WebPage","@id":"https:\/\/polsoft.pl\/microsoft-surface\/produkt\/tablet-microsoft-surface-go-2-platinum-8qd-00031-i5-1135g7-8gb-128gb-124-w11p\/","url":"https:\/\/polsoft.pl\/microsoft-surface\/produkt\/tablet-microsoft-surface-go-2-platinum-8qd-00031-i5-1135g7-8gb-128gb-124-w11p\/","name":"Laptop Microsoft Surface Go 2 Platinum 8QD-00031\/i5-1135G7\/8GB\/128GB\/12,4\"\/W11P - Sklep rozwi\u0105za\u0144 Microsoft Surface","isPartOf":{"@id":"https:\/\/polsoft.pl\/microsoft-surface\/#website"},"primaryImageOfPage":{"@id":"https:\/\/polsoft.pl\/microsoft-surface\/produkt\/tablet-microsoft-surface-go-2-platinum-8qd-00031-i5-1135g7-8gb-128gb-124-w11p\/#primaryimage"},"image":{"@id":"https:\/\/polsoft.pl\/microsoft-surface\/produkt\/tablet-microsoft-surface-go-2-platinum-8qd-00031-i5-1135g7-8gb-128gb-124-w11p\/#primaryimage"},"thumbnailUrl":"https:\/\/www.polsoft.pl\/microsoft-surface\/wp-content\/uploads\/2023\/07\/Laptop-Microsoft-Surface-Go-2-Platinum-8QD-00031i5-1135G78GB128GB124-W11P-2.jpg","datePublished":"2023-05-05T11:12:45+00:00","dateModified":"2025-07-15T11:56:34+00:00","breadcrumb":{"@id":"https:\/\/polsoft.pl\/microsoft-surface\/produkt\/tablet-microsoft-surface-go-2-platinum-8qd-00031-i5-1135g7-8gb-128gb-124-w11p\/#breadcrumb"},"inLanguage":"pl-PL","potentialAction":[{"@type":"ReadAction","target":["https:\/\/polsoft.pl\/microsoft-surface\/produkt\/tablet-microsoft-surface-go-2-platinum-8qd-00031-i5-1135g7-8gb-128gb-124-w11p\/"]}]},{"@type":"ImageObject","inLanguage":"pl-PL","@id":"https:\/\/polsoft.pl\/microsoft-surface\/produkt\/tablet-microsoft-surface-go-2-platinum-8qd-00031-i5-1135g7-8gb-128gb-124-w11p\/#primaryimage","url":"https:\/\/www.polsoft.pl\/microsoft-surface\/wp-content\/uploads\/2023\/07\/Laptop-Microsoft-Surface-Go-2-Platinum-8QD-00031i5-1135G78GB128GB124-W11P-2.jpg","contentUrl":"https:\/\/www.polsoft.pl\/microsoft-surface\/wp-content\/uploads\/2023\/07\/Laptop-Microsoft-Surface-Go-2-Platinum-8QD-00031i5-1135G78GB128GB124-W11P-2.jpg","width":800,"height":800,"caption":"Zdj\u0119cie produktu Laptop Microsoft Surface Go 2 Platinum"},{"@type":"BreadcrumbList","@id":"https:\/\/polsoft.pl\/microsoft-surface\/produkt\/tablet-microsoft-surface-go-2-platinum-8qd-00031-i5-1135g7-8gb-128gb-124-w11p\/#breadcrumb","itemListElement":[{"@type":"ListItem","position":1,"name":"Strona g\u0142\u00f3wna","item":"https:\/\/polsoft.pl\/microsoft-surface\/"},{"@type":"ListItem","position":2,"name":"Sklep","item":"https:\/\/polsoft.pl\/microsoft-surface\/sklep\/"},{"@type":"ListItem","position":3,"name":"Laptop Microsoft Surface Go 2 Platinum 8QD-00031\/i5-1135G7\/8GB\/128GB\/12,4&#8243;\/W11P"}]},{"@type":"WebSite","@id":"https:\/\/polsoft.pl\/microsoft-surface\/#website","url":"https:\/\/polsoft.pl\/microsoft-surface\/","name":"Sklep Microsoft Surface","description":"Sklep Microsoft Surface","publisher":{"@id":"https:\/\/polsoft.pl\/microsoft-surface\/#organization"},"potentialAction":[{"@type":"SearchAction","target":{"@type":"EntryPoint","urlTemplate":"https:\/\/polsoft.pl\/microsoft-surface\/?s={search_term_string}"},"query-input":{"@type":"PropertyValueSpecification","valueRequired":true,"valueName":"search_term_string"}}],"inLanguage":"pl-PL"},{"@type":"Organization","@id":"https:\/\/polsoft.pl\/microsoft-surface\/#organization","name":"Polsoft Engineering Sp. z o.o.","url":"https:\/\/polsoft.pl\/microsoft-surface\/","logo":{"@type":"ImageObject","inLanguage":"pl-PL","@id":"https:\/\/polsoft.pl\/microsoft-surface\/#\/schema\/logo\/image\/","url":"https:\/\/www.polsoft.pl\/microsoft-surface\/wp-content\/uploads\/2020\/10\/microsoft_partner_logo_black_polsoft.png","contentUrl":"https:\/\/www.polsoft.pl\/microsoft-surface\/wp-content\/uploads\/2020\/10\/microsoft_partner_logo_black_polsoft.png","width":613,"height":158,"caption":"Polsoft Engineering Sp. z o.o."},"image":{"@id":"https:\/\/polsoft.pl\/microsoft-surface\/#\/schema\/logo\/image\/"}}]}},"_links":{"self":[{"href":"https:\/\/www.polsoft.pl\/microsoft-surface\/wp-json\/wp\/v2\/product\/5034","targetHints":{"allow":["GET"]}}],"collection":[{"href":"https:\/\/www.polsoft.pl\/microsoft-surface\/wp-json\/wp\/v2\/product"}],"about":[{"href":"https:\/\/www.polsoft.pl\/microsoft-surface\/wp-json\/wp\/v2\/types\/product"}],"version-history":[{"count":4,"href":"https:\/\/www.polsoft.pl\/microsoft-surface\/wp-json\/wp\/v2\/product\/5034\/revisions"}],"predecessor-version":[{"id":19560,"href":"https:\/\/www.polsoft.pl\/microsoft-surface\/wp-json\/wp\/v2\/product\/5034\/revisions\/19560"}],"wp:featuredmedia":[{"embeddable":true,"href":"https:\/\/www.polsoft.pl\/microsoft-surface\/wp-json\/wp\/v2\/media\/5398"}],"wp:attachment":[{"href":"https:\/\/www.polsoft.pl\/microsoft-surface\/wp-json\/wp\/v2\/media?parent=5034"}],"wp:term":[{"taxonomy":"product_brand","embeddable":true,"href":"https:\/\/www.polsoft.pl\/microsoft-surface\/wp-json\/wp\/v2\/product_brand?post=5034"},{"taxonomy":"product_cat","embeddable":true,"href":"https:\/\/www.polsoft.pl\/microsoft-surface\/wp-json\/wp\/v2\/product_cat?post=5034"},{"taxonomy":"product_tag","embeddable":true,"href":"https:\/\/www.polsoft.pl\/microsoft-surface\/wp-json\/wp\/v2\/product_tag?post=5034"}],"curies":[{"name":"wp","href":"https:\/\/api.w.org\/{rel}","templated":true}]}}