{"id":5046,"date":"2023-05-05T13:12:45","date_gmt":"2023-05-05T13:12:45","guid":{"rendered":"https:\/\/polsoft.pl\/microsoft-surface\/produkt\/laptop-microsoft-surface-5-black-r1t-00032-i5-1245u-8gb-512gb-135-w11p\/"},"modified":"2025-07-15T13:56:32","modified_gmt":"2025-07-15T11:56:32","slug":"laptop-microsoft-surface-5-black-r1t-00032-i5-1245u-8gb-512gb-135-w11p","status":"publish","type":"product","link":"https:\/\/www.polsoft.pl\/microsoft-surface\/produkt\/laptop-microsoft-surface-5-black-r1t-00032-i5-1245u-8gb-512gb-135-w11p\/","title":{"rendered":"Laptop Microsoft Surface 5 Black R1T-00032\/i5-1245U\/8GB\/512GB\/13,5&#8243;\/W11P"},"content":{"rendered":"<p>Microsoft Surface Laptop 5 R1T-00032 to jeszcze wy\u017csza produktywno\u015b\u0107 w stylowym wydaniu. Nast\u0119pca Microsoft Surface Laptop 4 posiada wydajniejszy procesor 12. generacji, szybsz\u0105 pami\u0119\u0107 RAM, oraz wyd\u0142u\u017cony czas pracy na baterii. Wa\u017c\u0105c przy tym mniej ni\u017c 1300g nie b\u0119dzie dla Ciebie ci\u0119\u017carem przy pracy w biurze, domu, oraz podr\u00f3\u017cy.<\/p>\n<p>Microsoft Surface Laptop 5 R1T-00032 posiada podzespo\u0142y, kt\u00f3re nie zawiod\u0105 Ci\u0119 w codziennej pracy. Sercem najnowszego laptopa Microsoftu jest 10-cio rdzeniowy procesor Intel\u00ae Core\u2122 i5-1245U, 12. generacji Alder lake-U, kt\u00f3ry w po\u0142\u0105czeniu z 8 GB pami\u0119ci RAM LPDDR5x sprosta nawet najtrudniejszym zadaniom. Laptop posiada szybki, wymienny dysk SSD o pojemno\u015bci 512 GB. Wytrzyma\u0142a bateria pozwala na korzystanie z urz\u0105dzenia nawet przez 18h przy typowym obci\u0105\u017ceniu.<\/p>\n<p>Niesamowity, dotykowy ekran PixelSense\u2122 o przek\u0105tnej 13,5\u201d i rozdzielczo\u015bci 2256 \u00d7 1504 (201 PPI) pozwala dostrzec nawet najdrobniejsze szczeg\u00f3\u0142y. Ponadto, dzi\u0119ki profilowi kolor\u00f3w sRGB, oraz \u201e\u017bywym kolorom\u201d, barwy s\u0105 doskonale odwzorowane. Wy\u015bwietlacz zabezpieczony jest szk\u0142em hartowanym Gorilla\u00ae Glass 5.<\/p>\n<p>Zwi\u0119ksz swoj\u0105 produktywno\u015b\u0107, oraz dowolnie personalizuj swoje do\u015bwiadczenia z pracy z Surface Laptop 5 R1T-00032, za pomoc\u0105 dedykowanych akcesori\u00f3w. Ciesz si\u0119 jeszcze wi\u0119ksz\u0105 precyzj\u0105 u\u017cywaj\u0105c myszy Microsoft Surface Arc Mouse idealnie pasuj\u0105cej do d\u0142oni, lub zwi\u0119ksz wszechstronno\u015b\u0107 urz\u0105dze\u0144, kt\u00f3re mo\u017cesz pod\u0142\u0105czy\u0107 do laptopa za pomoc\u0105 stacji dokuj\u0105cej Microsoft Surface Thunderbolt 4 Hub.<\/p>\n<p>Bezpiecze\u0144stwa Twoich danych strze\u017ce uznany na ca\u0142ym \u015bwiecie uk\u0142ad TPM 2.0, oraz autorski system Microsoft Windows Hello, pozwalaj\u0105cy na uwierzytelnianie u\u017cytkownika za pomoc\u0105 skanu twarzy. Surface Laptop 5 R1T-00032 pracuje pod kontrol\u0105 najnowszego i najbezpieczniejszego systemu operacyjnego Windows 11 Pro.<\/p>\n<p>Ciesz si\u0119 szybkim po\u0142\u0105czeniem internetowym z Microsoft Surface Laptop 5 R1T-00032, kt\u00f3ry wyposa\u017cono w technologi\u0119 Wi-Fi 6 z Bluetooth\u00ae 5.1. Us\u0142ysz doskona\u0142\u0105 jako\u015b\u0107 d\u017awi\u0119ku dzi\u0119ki g\u0142o\u015bnikom Omnisonic\u00ae z systemem Dolby\u00ae Atmos\u2122. Szybkie z\u0142\u0105cze USB-C\u00ae z USB 4.0\/Thunderbolt\u2122 4 wykorzystasz do zwi\u0119kszenia elastyczno\u015bci swojego laptopa pod\u0142\u0105czaj\u0105c akcesoria wymagaj\u0105ce du\u017cej przepustowo\u015bci danych w tym d\u017awi\u0119k, czy wysokiej jako\u015bci obraz.<\/p>\n<p style=\"text-align: justify;\">Masz pytania? <a style=\"color: #2271b1;\" href=\"https:\/\/polsoft.pl\/microsoft-surface\/kontakt\/\"><span style=\"text-decoration: underline;\"><strong>Skontaktuj<\/strong><\/span><\/a> si\u0119 z nami!<\/p>\n<table style=\"height: 1228px;\" width=\"792\">\n<tbody>\n<tr>\n<td width=\"201\">Procesor<\/td>\n<td width=\"584\"><a style=\"color: #2271b1;\" href=\"https:\/\/ark.intel.com\/content\/www\/pl\/pl\/ark\/products\/226260\/intel-core-i51245u-processor-12m-cache-up-to-4-40-ghz.html\"><span style=\"text-decoration: underline;\"><strong>Intel\u00ae Core\u2122 i5-1245U<\/strong><\/span><\/a>, 10-rdzeniowy 12. generacji<\/td>\n<\/tr>\n<tr>\n<td>Wy\u015bwietlacz<\/td>\n<td width=\"584\">Ekran: 13,5&#8243; PixelSense\u2122<br \/>\nRozdzielczo\u015b\u0107: 2256 \u00d7 1504 (201 PPI)<br \/>\nWsp\u00f3\u0142czynnik proporcji: 3:2<br \/>\nDotyk: Multi-touch z obs\u0142ug\u0105 10 punkt\u00f3w dotykowych<br \/>\nGorilla\u00ae Glass 5<\/td>\n<\/tr>\n<tr>\n<td>Karta graficzna<\/td>\n<td width=\"584\">Intel\u00ae Iris\u00ae Xe Graphics<\/td>\n<\/tr>\n<tr>\n<td>Pami\u0119\u0107<\/td>\n<td>8 GB RAM LPDDR5x<\/td>\n<\/tr>\n<tr>\n<td>Przestrze\u0144 dyskowa<\/td>\n<td>SSD: 512 GB<\/td>\n<\/tr>\n<tr>\n<td>\u0141\u0105czno\u015b\u0107 bezprzewodowa<\/td>\n<td width=\"584\">Wi-Fi 6: zgodne ze standardem IEEE 802.11ax<br \/>\nModu\u0142 Bluetooth\u00ae Wireless 5.0<\/td>\n<\/tr>\n<tr>\n<td>Z\u0142\u0105cza<\/td>\n<td width=\"584\">1 x USB-C\u00ae 4.0\/Thunderbolt\u2122 4<br \/>\n1 x USB-A 3.1<br \/>\n1 x Port Surface Connect<br \/>\n1 x Z\u0142\u0105cze s\u0142uchawkowe Jack 3.5 mm<\/td>\n<\/tr>\n<tr>\n<td>Sensory<\/td>\n<td width=\"584\">Czujnik nat\u0119\u017cenia \u015bwiat\u0142a<\/td>\n<\/tr>\n<tr>\n<td>Zabezpieczenia<\/td>\n<td width=\"584\">Firmware TPM 2.0<br \/>\nWindows Hello &#8211; rozpoznawanie twarzy do odblokowania urz\u0105dzenia<\/td>\n<\/tr>\n<tr>\n<td>Czas pracy na baterii<\/td>\n<td>Do 18 godzin przy pracy biurowej<\/td>\n<\/tr>\n<tr>\n<td>Multimedia<\/td>\n<td width=\"584\">przednia kamera do uwierzytelnienia twarzy \u2013 Windows Hello<br \/>\n0,95MP \u2013 przednia kamera \u2013 nagrywanie film\u00f3w w HD 720p<br \/>\nG\u0142o\u015bniki Omnisonic\u00ae z systemem Dolby\u00ae Atmos\u2122<br \/>\nPodw\u00f3jne mikrofony studyjne o du\u017cym zasi\u0119gu zbierania<\/td>\n<\/tr>\n<tr>\n<td>Oprogramowanie<\/td>\n<td width=\"584\">Windows 11 Pro<br \/>\nZa\u0142adowane aplikacje Microsoft 365<br \/>\nMiesi\u0119czna wersja pr\u00f3bna Microsoft 365<\/td>\n<\/tr>\n<tr>\n<td>Obudowa<\/td>\n<td width=\"584\">Aluminiowa obudowa<br \/>\nPodp\u00f3rka pod d\u0142onie metalowa<br \/>\nPrzyciski regulacji g\u0142o\u015bno\u015bci oraz zasilania<\/td>\n<\/tr>\n<tr>\n<td>Wymiary (mm)<\/td>\n<td>308 x 223 x 14,5<\/td>\n<\/tr>\n<tr>\n<td width=\"201\">Waga<\/td>\n<td width=\"584\">1 297 g<\/td>\n<\/tr>\n<tr>\n<td>Zawarto\u015b\u0107 zestawu<\/td>\n<td width=\"584\">Surface Laptop 5<br \/>\nZasilacz<br \/>\nDokumenty dotycz\u0105ce gwarancji i bezpiecze\u0144stwa<\/td>\n<\/tr>\n<tr>\n<td>Gwarancja<\/td>\n<td width=\"584\">Roczny okres gwarancji<\/td>\n<\/tr>\n<\/tbody>\n<\/table>\n","protected":false},"excerpt":{"rendered":"<p>Microsoft Surface Laptop 5 R1T-00032 to jeszcze wy\u017csza produktywno\u015b\u0107 w stylowym wydaniu. Nast\u0119pca Microsoft Surface Laptop 4 posiada wydajniejszy procesor 12. generacji, szybsz\u0105 pami\u0119\u0107 RAM, oraz wyd\u0142u\u017cony czas pracy na baterii. Wa\u017c\u0105c przy tym mniej ni\u017c 1300g nie b\u0119dzie dla Ciebie ci\u0119\u017carem przy pracy w biurze, domu, oraz podr\u00f3\u017cy. Microsoft Surface Laptop 5 R1T-00032 posiada [&hellip;]<\/p>\n","protected":false},"featured_media":5444,"template":"","meta":{"site-sidebar-layout":"default","site-content-layout":"default","ast-site-content-layout":"default","site-content-style":"default","site-sidebar-style":"default","ast-global-header-display":"","ast-banner-title-visibility":"","ast-main-header-display":"","ast-hfb-above-header-display":"","ast-hfb-below-header-display":"","ast-hfb-mobile-header-display":"","site-post-title":"","ast-breadcrumbs-content":"","ast-featured-img":"","footer-sml-layout":"","ast-disable-related-posts":"","theme-transparent-header-meta":"default","adv-header-id-meta":"","stick-header-meta":"","header-above-stick-meta":"","header-main-stick-meta":"","header-below-stick-meta":"","astra-migrate-meta-layouts":"default","ast-page-background-enabled":"default","ast-page-background-meta":{"desktop":{"background-color":"","background-image":"","background-repeat":"repeat","background-position":"center center","background-size":"auto","background-attachment":"scroll","background-type":"","background-media":"","overlay-type":"","overlay-color":"","overlay-opacity":"","overlay-gradient":""},"tablet":{"background-color":"","background-image":"","background-repeat":"repeat","background-position":"center center","background-size":"auto","background-attachment":"scroll","background-type":"","background-media":"","overlay-type":"","overlay-color":"","overlay-opacity":"","overlay-gradient":""},"mobile":{"background-color":"","background-image":"","background-repeat":"repeat","background-position":"center center","background-size":"auto","background-attachment":"scroll","background-type":"","background-media":"","overlay-type":"","overlay-color":"","overlay-opacity":"","overlay-gradient":""}},"ast-content-background-meta":{"desktop":{"background-color":"var(--ast-global-color-5)","background-image":"","background-repeat":"repeat","background-position":"center center","background-size":"auto","background-attachment":"scroll","background-type":"","background-media":"","overlay-type":"","overlay-color":"","overlay-opacity":"","overlay-gradient":""},"tablet":{"background-color":"var(--ast-global-color-5)","background-image":"","background-repeat":"repeat","background-position":"center center","background-size":"auto","background-attachment":"scroll","background-type":"","background-media":"","overlay-type":"","overlay-color":"","overlay-opacity":"","overlay-gradient":""},"mobile":{"background-color":"var(--ast-global-color-5)","background-image":"","background-repeat":"repeat","background-position":"center center","background-size":"auto","background-attachment":"scroll","background-type":"","background-media":"","overlay-type":"","overlay-color":"","overlay-opacity":"","overlay-gradient":""}},"_links_to":"","_links_to_target":""},"product_brand":[],"product_cat":[],"product_tag":[],"class_list":{"0":"post-5046","1":"product","2":"type-product","3":"status-publish","4":"has-post-thumbnail","6":"pa_dodatkowe-komponenty-wifi","7":"pa_matryca-33","8":"pa_model-procesora-i5-1245u","9":"pa_pamiec-ram-8gb","10":"pa_pojemnosc-dysku-512gb","11":"pa_producent-procesora-intel","12":"pa_w-zestawie-urzadzenie-zasilacz","13":"desktop-align-left","14":"tablet-align-left","15":"mobile-align-left","17":"first","18":"outofstock","19":"taxable","20":"shipping-taxable","21":"purchasable","22":"product-type-simple"},"yoast_head":"<!-- This site is optimized with the Yoast SEO plugin v26.7 - https:\/\/yoast.com\/wordpress\/plugins\/seo\/ -->\n<title>Laptop Microsoft Surface 5 Black R1T-00032\/i5-1245U\/8GB\/512GB\/13,5&quot;\/W11P - Sklep rozwi\u0105za\u0144 Microsoft Surface<\/title>\n<meta name=\"robots\" content=\"index, follow, max-snippet:-1, max-image-preview:large, max-video-preview:-1\" \/>\n<link rel=\"canonical\" href=\"https:\/\/polsoft.pl\/microsoft-surface\/produkt\/laptop-microsoft-surface-5-black-r1t-00032-i5-1245u-8gb-512gb-135-w11p\/\" \/>\n<meta property=\"og:locale\" content=\"pl_PL\" \/>\n<meta property=\"og:type\" content=\"article\" \/>\n<meta property=\"og:title\" content=\"Laptop Microsoft Surface 5 Black R1T-00032\/i5-1245U\/8GB\/512GB\/13,5&quot;\/W11P - Sklep rozwi\u0105za\u0144 Microsoft Surface\" \/>\n<meta property=\"og:description\" content=\"Microsoft Surface Laptop 5 R1T-00032 to jeszcze wy\u017csza produktywno\u015b\u0107 w stylowym wydaniu. Nast\u0119pca Microsoft Surface Laptop 4 posiada wydajniejszy procesor 12. generacji, szybsz\u0105 pami\u0119\u0107 RAM, oraz wyd\u0142u\u017cony czas pracy na baterii. Wa\u017c\u0105c przy tym mniej ni\u017c 1300g nie b\u0119dzie dla Ciebie ci\u0119\u017carem przy pracy w biurze, domu, oraz podr\u00f3\u017cy. Microsoft Surface Laptop 5 R1T-00032 posiada [&hellip;]\" \/>\n<meta property=\"og:url\" content=\"https:\/\/polsoft.pl\/microsoft-surface\/produkt\/laptop-microsoft-surface-5-black-r1t-00032-i5-1245u-8gb-512gb-135-w11p\/\" \/>\n<meta property=\"og:site_name\" content=\"Sklep rozwi\u0105za\u0144 Microsoft Surface\" \/>\n<meta property=\"article:modified_time\" content=\"2025-07-15T11:56:32+00:00\" \/>\n<meta property=\"og:image\" content=\"https:\/\/polsoft.pl\/microsoft-surface\/wp-content\/uploads\/2023\/07\/Laptop-Microsoft-Surface-5-Black-R1T-00032i5-1245U8GB512GB135W11P-2.jpg\" \/>\n\t<meta property=\"og:image:width\" content=\"800\" \/>\n\t<meta property=\"og:image:height\" content=\"800\" \/>\n\t<meta property=\"og:image:type\" content=\"image\/jpeg\" \/>\n<meta name=\"twitter:card\" content=\"summary_large_image\" \/>\n<meta name=\"twitter:label1\" content=\"Szacowany czas czytania\" \/>\n\t<meta name=\"twitter:data1\" content=\"3 minuty\" \/>\n<script type=\"application\/ld+json\" class=\"yoast-schema-graph\">{\"@context\":\"https:\/\/schema.org\",\"@graph\":[{\"@type\":\"WebPage\",\"@id\":\"https:\/\/polsoft.pl\/microsoft-surface\/produkt\/laptop-microsoft-surface-5-black-r1t-00032-i5-1245u-8gb-512gb-135-w11p\/\",\"url\":\"https:\/\/polsoft.pl\/microsoft-surface\/produkt\/laptop-microsoft-surface-5-black-r1t-00032-i5-1245u-8gb-512gb-135-w11p\/\",\"name\":\"Laptop Microsoft Surface 5 Black R1T-00032\/i5-1245U\/8GB\/512GB\/13,5\\\"\/W11P - Sklep rozwi\u0105za\u0144 Microsoft Surface\",\"isPartOf\":{\"@id\":\"https:\/\/polsoft.pl\/microsoft-surface\/#website\"},\"primaryImageOfPage\":{\"@id\":\"https:\/\/polsoft.pl\/microsoft-surface\/produkt\/laptop-microsoft-surface-5-black-r1t-00032-i5-1245u-8gb-512gb-135-w11p\/#primaryimage\"},\"image\":{\"@id\":\"https:\/\/polsoft.pl\/microsoft-surface\/produkt\/laptop-microsoft-surface-5-black-r1t-00032-i5-1245u-8gb-512gb-135-w11p\/#primaryimage\"},\"thumbnailUrl\":\"https:\/\/www.polsoft.pl\/microsoft-surface\/wp-content\/uploads\/2023\/07\/Laptop-Microsoft-Surface-5-Black-R1T-00032i5-1245U8GB512GB135W11P-2.jpg\",\"datePublished\":\"2023-05-05T13:12:45+00:00\",\"dateModified\":\"2025-07-15T11:56:32+00:00\",\"breadcrumb\":{\"@id\":\"https:\/\/polsoft.pl\/microsoft-surface\/produkt\/laptop-microsoft-surface-5-black-r1t-00032-i5-1245u-8gb-512gb-135-w11p\/#breadcrumb\"},\"inLanguage\":\"pl-PL\",\"potentialAction\":[{\"@type\":\"ReadAction\",\"target\":[\"https:\/\/polsoft.pl\/microsoft-surface\/produkt\/laptop-microsoft-surface-5-black-r1t-00032-i5-1245u-8gb-512gb-135-w11p\/\"]}]},{\"@type\":\"ImageObject\",\"inLanguage\":\"pl-PL\",\"@id\":\"https:\/\/polsoft.pl\/microsoft-surface\/produkt\/laptop-microsoft-surface-5-black-r1t-00032-i5-1245u-8gb-512gb-135-w11p\/#primaryimage\",\"url\":\"https:\/\/www.polsoft.pl\/microsoft-surface\/wp-content\/uploads\/2023\/07\/Laptop-Microsoft-Surface-5-Black-R1T-00032i5-1245U8GB512GB135W11P-2.jpg\",\"contentUrl\":\"https:\/\/www.polsoft.pl\/microsoft-surface\/wp-content\/uploads\/2023\/07\/Laptop-Microsoft-Surface-5-Black-R1T-00032i5-1245U8GB512GB135W11P-2.jpg\",\"width\":800,\"height\":800,\"caption\":\"Zdj\u0119cie produktu Laptop Microsoft Surface 5 Black\"},{\"@type\":\"BreadcrumbList\",\"@id\":\"https:\/\/polsoft.pl\/microsoft-surface\/produkt\/laptop-microsoft-surface-5-black-r1t-00032-i5-1245u-8gb-512gb-135-w11p\/#breadcrumb\",\"itemListElement\":[{\"@type\":\"ListItem\",\"position\":1,\"name\":\"Strona g\u0142\u00f3wna\",\"item\":\"https:\/\/polsoft.pl\/microsoft-surface\/\"},{\"@type\":\"ListItem\",\"position\":2,\"name\":\"Sklep\",\"item\":\"https:\/\/polsoft.pl\/microsoft-surface\/sklep\/\"},{\"@type\":\"ListItem\",\"position\":3,\"name\":\"Laptop Microsoft Surface 5 Black R1T-00032\/i5-1245U\/8GB\/512GB\/13,5&#8243;\/W11P\"}]},{\"@type\":\"WebSite\",\"@id\":\"https:\/\/polsoft.pl\/microsoft-surface\/#website\",\"url\":\"https:\/\/polsoft.pl\/microsoft-surface\/\",\"name\":\"Sklep Microsoft Surface\",\"description\":\"Sklep Microsoft Surface\",\"publisher\":{\"@id\":\"https:\/\/polsoft.pl\/microsoft-surface\/#organization\"},\"potentialAction\":[{\"@type\":\"SearchAction\",\"target\":{\"@type\":\"EntryPoint\",\"urlTemplate\":\"https:\/\/polsoft.pl\/microsoft-surface\/?s={search_term_string}\"},\"query-input\":{\"@type\":\"PropertyValueSpecification\",\"valueRequired\":true,\"valueName\":\"search_term_string\"}}],\"inLanguage\":\"pl-PL\"},{\"@type\":\"Organization\",\"@id\":\"https:\/\/polsoft.pl\/microsoft-surface\/#organization\",\"name\":\"Polsoft Engineering Sp. z o.o.\",\"url\":\"https:\/\/polsoft.pl\/microsoft-surface\/\",\"logo\":{\"@type\":\"ImageObject\",\"inLanguage\":\"pl-PL\",\"@id\":\"https:\/\/polsoft.pl\/microsoft-surface\/#\/schema\/logo\/image\/\",\"url\":\"https:\/\/www.polsoft.pl\/microsoft-surface\/wp-content\/uploads\/2020\/10\/microsoft_partner_logo_black_polsoft.png\",\"contentUrl\":\"https:\/\/www.polsoft.pl\/microsoft-surface\/wp-content\/uploads\/2020\/10\/microsoft_partner_logo_black_polsoft.png\",\"width\":613,\"height\":158,\"caption\":\"Polsoft Engineering Sp. z o.o.\"},\"image\":{\"@id\":\"https:\/\/polsoft.pl\/microsoft-surface\/#\/schema\/logo\/image\/\"}}]}<\/script>\n<!-- \/ Yoast SEO plugin. -->","yoast_head_json":{"title":"Laptop Microsoft Surface 5 Black R1T-00032\/i5-1245U\/8GB\/512GB\/13,5\"\/W11P - Sklep rozwi\u0105za\u0144 Microsoft Surface","robots":{"index":"index","follow":"follow","max-snippet":"max-snippet:-1","max-image-preview":"max-image-preview:large","max-video-preview":"max-video-preview:-1"},"canonical":"https:\/\/polsoft.pl\/microsoft-surface\/produkt\/laptop-microsoft-surface-5-black-r1t-00032-i5-1245u-8gb-512gb-135-w11p\/","og_locale":"pl_PL","og_type":"article","og_title":"Laptop Microsoft Surface 5 Black R1T-00032\/i5-1245U\/8GB\/512GB\/13,5\"\/W11P - Sklep rozwi\u0105za\u0144 Microsoft Surface","og_description":"Microsoft Surface Laptop 5 R1T-00032 to jeszcze wy\u017csza produktywno\u015b\u0107 w stylowym wydaniu. Nast\u0119pca Microsoft Surface Laptop 4 posiada wydajniejszy procesor 12. generacji, szybsz\u0105 pami\u0119\u0107 RAM, oraz wyd\u0142u\u017cony czas pracy na baterii. Wa\u017c\u0105c przy tym mniej ni\u017c 1300g nie b\u0119dzie dla Ciebie ci\u0119\u017carem przy pracy w biurze, domu, oraz podr\u00f3\u017cy. Microsoft Surface Laptop 5 R1T-00032 posiada [&hellip;]","og_url":"https:\/\/polsoft.pl\/microsoft-surface\/produkt\/laptop-microsoft-surface-5-black-r1t-00032-i5-1245u-8gb-512gb-135-w11p\/","og_site_name":"Sklep rozwi\u0105za\u0144 Microsoft Surface","article_modified_time":"2025-07-15T11:56:32+00:00","og_image":[{"width":800,"height":800,"url":"https:\/\/polsoft.pl\/microsoft-surface\/wp-content\/uploads\/2023\/07\/Laptop-Microsoft-Surface-5-Black-R1T-00032i5-1245U8GB512GB135W11P-2.jpg","type":"image\/jpeg"}],"twitter_card":"summary_large_image","twitter_misc":{"Szacowany czas czytania":"3 minuty"},"schema":{"@context":"https:\/\/schema.org","@graph":[{"@type":"WebPage","@id":"https:\/\/polsoft.pl\/microsoft-surface\/produkt\/laptop-microsoft-surface-5-black-r1t-00032-i5-1245u-8gb-512gb-135-w11p\/","url":"https:\/\/polsoft.pl\/microsoft-surface\/produkt\/laptop-microsoft-surface-5-black-r1t-00032-i5-1245u-8gb-512gb-135-w11p\/","name":"Laptop Microsoft Surface 5 Black R1T-00032\/i5-1245U\/8GB\/512GB\/13,5\"\/W11P - Sklep rozwi\u0105za\u0144 Microsoft Surface","isPartOf":{"@id":"https:\/\/polsoft.pl\/microsoft-surface\/#website"},"primaryImageOfPage":{"@id":"https:\/\/polsoft.pl\/microsoft-surface\/produkt\/laptop-microsoft-surface-5-black-r1t-00032-i5-1245u-8gb-512gb-135-w11p\/#primaryimage"},"image":{"@id":"https:\/\/polsoft.pl\/microsoft-surface\/produkt\/laptop-microsoft-surface-5-black-r1t-00032-i5-1245u-8gb-512gb-135-w11p\/#primaryimage"},"thumbnailUrl":"https:\/\/www.polsoft.pl\/microsoft-surface\/wp-content\/uploads\/2023\/07\/Laptop-Microsoft-Surface-5-Black-R1T-00032i5-1245U8GB512GB135W11P-2.jpg","datePublished":"2023-05-05T13:12:45+00:00","dateModified":"2025-07-15T11:56:32+00:00","breadcrumb":{"@id":"https:\/\/polsoft.pl\/microsoft-surface\/produkt\/laptop-microsoft-surface-5-black-r1t-00032-i5-1245u-8gb-512gb-135-w11p\/#breadcrumb"},"inLanguage":"pl-PL","potentialAction":[{"@type":"ReadAction","target":["https:\/\/polsoft.pl\/microsoft-surface\/produkt\/laptop-microsoft-surface-5-black-r1t-00032-i5-1245u-8gb-512gb-135-w11p\/"]}]},{"@type":"ImageObject","inLanguage":"pl-PL","@id":"https:\/\/polsoft.pl\/microsoft-surface\/produkt\/laptop-microsoft-surface-5-black-r1t-00032-i5-1245u-8gb-512gb-135-w11p\/#primaryimage","url":"https:\/\/www.polsoft.pl\/microsoft-surface\/wp-content\/uploads\/2023\/07\/Laptop-Microsoft-Surface-5-Black-R1T-00032i5-1245U8GB512GB135W11P-2.jpg","contentUrl":"https:\/\/www.polsoft.pl\/microsoft-surface\/wp-content\/uploads\/2023\/07\/Laptop-Microsoft-Surface-5-Black-R1T-00032i5-1245U8GB512GB135W11P-2.jpg","width":800,"height":800,"caption":"Zdj\u0119cie produktu Laptop Microsoft Surface 5 Black"},{"@type":"BreadcrumbList","@id":"https:\/\/polsoft.pl\/microsoft-surface\/produkt\/laptop-microsoft-surface-5-black-r1t-00032-i5-1245u-8gb-512gb-135-w11p\/#breadcrumb","itemListElement":[{"@type":"ListItem","position":1,"name":"Strona g\u0142\u00f3wna","item":"https:\/\/polsoft.pl\/microsoft-surface\/"},{"@type":"ListItem","position":2,"name":"Sklep","item":"https:\/\/polsoft.pl\/microsoft-surface\/sklep\/"},{"@type":"ListItem","position":3,"name":"Laptop Microsoft Surface 5 Black R1T-00032\/i5-1245U\/8GB\/512GB\/13,5&#8243;\/W11P"}]},{"@type":"WebSite","@id":"https:\/\/polsoft.pl\/microsoft-surface\/#website","url":"https:\/\/polsoft.pl\/microsoft-surface\/","name":"Sklep Microsoft Surface","description":"Sklep Microsoft Surface","publisher":{"@id":"https:\/\/polsoft.pl\/microsoft-surface\/#organization"},"potentialAction":[{"@type":"SearchAction","target":{"@type":"EntryPoint","urlTemplate":"https:\/\/polsoft.pl\/microsoft-surface\/?s={search_term_string}"},"query-input":{"@type":"PropertyValueSpecification","valueRequired":true,"valueName":"search_term_string"}}],"inLanguage":"pl-PL"},{"@type":"Organization","@id":"https:\/\/polsoft.pl\/microsoft-surface\/#organization","name":"Polsoft Engineering Sp. z o.o.","url":"https:\/\/polsoft.pl\/microsoft-surface\/","logo":{"@type":"ImageObject","inLanguage":"pl-PL","@id":"https:\/\/polsoft.pl\/microsoft-surface\/#\/schema\/logo\/image\/","url":"https:\/\/www.polsoft.pl\/microsoft-surface\/wp-content\/uploads\/2020\/10\/microsoft_partner_logo_black_polsoft.png","contentUrl":"https:\/\/www.polsoft.pl\/microsoft-surface\/wp-content\/uploads\/2020\/10\/microsoft_partner_logo_black_polsoft.png","width":613,"height":158,"caption":"Polsoft Engineering Sp. z o.o."},"image":{"@id":"https:\/\/polsoft.pl\/microsoft-surface\/#\/schema\/logo\/image\/"}}]}},"_links":{"self":[{"href":"https:\/\/www.polsoft.pl\/microsoft-surface\/wp-json\/wp\/v2\/product\/5046","targetHints":{"allow":["GET"]}}],"collection":[{"href":"https:\/\/www.polsoft.pl\/microsoft-surface\/wp-json\/wp\/v2\/product"}],"about":[{"href":"https:\/\/www.polsoft.pl\/microsoft-surface\/wp-json\/wp\/v2\/types\/product"}],"version-history":[{"count":4,"href":"https:\/\/www.polsoft.pl\/microsoft-surface\/wp-json\/wp\/v2\/product\/5046\/revisions"}],"predecessor-version":[{"id":5290,"href":"https:\/\/www.polsoft.pl\/microsoft-surface\/wp-json\/wp\/v2\/product\/5046\/revisions\/5290"}],"wp:featuredmedia":[{"embeddable":true,"href":"https:\/\/www.polsoft.pl\/microsoft-surface\/wp-json\/wp\/v2\/media\/5444"}],"wp:attachment":[{"href":"https:\/\/www.polsoft.pl\/microsoft-surface\/wp-json\/wp\/v2\/media?parent=5046"}],"wp:term":[{"taxonomy":"product_brand","embeddable":true,"href":"https:\/\/www.polsoft.pl\/microsoft-surface\/wp-json\/wp\/v2\/product_brand?post=5046"},{"taxonomy":"product_cat","embeddable":true,"href":"https:\/\/www.polsoft.pl\/microsoft-surface\/wp-json\/wp\/v2\/product_cat?post=5046"},{"taxonomy":"product_tag","embeddable":true,"href":"https:\/\/www.polsoft.pl\/microsoft-surface\/wp-json\/wp\/v2\/product_tag?post=5046"}],"curies":[{"name":"wp","href":"https:\/\/api.w.org\/{rel}","templated":true}]}}