{"id":5080,"date":"2023-05-05T13:13:01","date_gmt":"2023-05-05T13:13:01","guid":{"rendered":"https:\/\/polsoft.pl\/microsoft-surface\/produkt\/microsoft-surface-studio-2-platinum-sbr-00002-i7-11370h-32gb-1tb-28-w11p\/"},"modified":"2026-01-23T12:46:48","modified_gmt":"2026-01-23T11:46:48","slug":"microsoft-surface-studio-2-platinum-sbr-00002-i7-11370h-32gb-1tb-28-w11p","status":"publish","type":"product","link":"https:\/\/www.polsoft.pl\/microsoft-surface\/produkt\/microsoft-surface-studio-2-platinum-sbr-00002-i7-11370h-32gb-1tb-28-w11p\/","title":{"rendered":"Microsoft Surface Studio 2+ Platinum SBR-00002\/i7-11370H\/32GB\/1TB\/28&#8243;\/W11P"},"content":{"rendered":"<p>Rozbud\u017a swoj\u0105 kreatywno\u015b\u0107 i osi\u0105gnij wi\u0119cej, dzi\u0119ki wszechstronnemu komputerowi all-in-one Microsoft Surface Studio 2+ SBR-00002. Ulepszona wersja Microsoft Surface Studio 2, posiada wydajniejszy procesor Intel\u00ae 11. generacji, oraz pot\u0119\u017cn\u0105 kart\u0119 graficzn\u0105 Nvidia RTX\u00ae z serii 3000, kt\u00f3ra w po\u0142\u0105czeniu z imponuj\u0105co du\u017cym ekranem dotykowym oferuje wy\u015bmienit\u0105 jako\u015b\u0107 obrazu.<\/p>\n<p>Ogromna moc obliczeniow\u0105 Microsoft Surface Studio 2+ SBR-00002 zawdzi\u0119cza procesorowi Intel\u00ae Core\u2122 i7-11370H 11. Generacji, kt\u00f3ry osi\u0105ga cz\u0119stotliwo\u015b\u0107 nawet do 4,8 GHz w trybie turbo. Komputer wyposa\u017cono w 32 GB pami\u0119ci RAM DDR4, dzi\u0119ki czemu nie u\u015bwiadczysz spadku wydajno\u015bci oraz nieprzyjemnych przyci\u0119\u0107 podczas korzystania z wielu program\u00f3w jednocze\u015bnie. Pojemny i szybki dysk SSD o pojemno\u015bci 1 TB pomie\u015bci twoje pliki i sprawi, \u017ce system wraz z programami wczytywa\u0107 si\u0119 b\u0119d\u0105 b\u0142yskawicznie, oszcz\u0119dzaj\u0105c tw\u00f3j cenny czas.<\/p>\n<p>Doskona\u0142y, dotykowy ekran dotykowy PixelSense\u2122 o przek\u0105tnej 28\u201d i rozdzielczo\u015bci 4500 x 3000 (192 PPI) oczaruje Ci\u0119 swoim szerszym spektrum g\u0142\u0119bszych i precyzyjnych kolor\u00f3w, dzi\u0119ki profilowi kolor\u00f3w sRGB, oraz \u201e\u017bywe kolory\u201d. Z lekko\u015bci\u0105 ustaw ekran pod idealnym k\u0105tem, dok\u0142adnie tak jak lubisz, dzi\u0119ki zawiasowi Zero Gravity. Wy\u015bwietlacz zabezpieczony jest szk\u0142em hartowanym Gorilla\u00ae Glass 3.<\/p>\n<p>Nie chcesz korzysta\u0107 z funkcji dotyku? Sparuj komputer z rysikiem Microsoft Surface Pen. Pracuj wygodniej i efektywniej z doskona\u0142ymi peryferiami jak mysz Microsoft Surface Precision Mouse oraz klawiatura Microsoft Surface Ergonomic Keyboard.<\/p>\n<p>Bezpiecze\u0144stwa Twoich danych strze\u017ce znany na ca\u0142ym \u015bwiecie, wbudowany system TPM 2.0, oraz autorski system Microsoft Windows Hello, pozwalaj\u0105cy na uwierzytelnianie za pomoc\u0105 skanu twarzy, wykorzystuj\u0105c przy tym zaawansowan\u0105 kamer\u0119 przedni\u0105 Full HD 1080p. Microsoft Surface Studio 2+ SBR-00002 pracuje pod kontrol\u0105 najnowszego i najbezpieczniejszego systemu operacyjnego Windows 11 Pro.<\/p>\n<p>Wykorzystaj w pe\u0142ni przepustowo\u015b\u0107 swojego \u0142\u0105cza internetowego korzystaj\u0105c z szybkich interfejs\u00f3w \u0142\u0105czno\u015bci bezprzewodowej Wi-Fi 6, lub b\u0142yskawicznie \u0142\u0105cz si\u0119 bezprzewodowo z peryferiami i innymi urz\u0105dzeniami za pomoc\u0105 Bluetooth\u00ae w wersji \u00a05.1. Je\u015bli jednak wolisz solidne i szybkie po\u0142\u0105czenie kablowe, mo\u017cesz po\u0142\u0105czy\u0107 si\u0119 z internetem wykorzystuj\u0105c wbudowany port Gigabit Ethernet. G\u0142o\u015bniki stereofoniczne 2.1 z systemem Dolby\u00ae Atmos\u21225 sprawiaj\u0105, \u017ce muzyka brzmi fenomenalnie, a g\u0142os podczas rozm\u00f3w wideo w Microsoft Teams jest zawsze wyra\u017any. Urz\u0105dzenie posiada 3 z\u0142\u0105cza USB-C\u00ae z USB 4.0\/Thunderbolt\u2122 4, pozwalaj\u0105c na natywn\u0105 obs\u0142ug\u0119 trzech wy\u015bwietlaczy zewn\u0119trznych 4K UHD, przy od\u015bwie\u017caniu 60Hz.<\/p>\n<p style=\"text-align: justify;\">Masz pytania? <a style=\"color: #2271b1;\" href=\"https:\/\/polsoft.pl\/microsoft-surface\/kontakt\/\"><span style=\"text-decoration: underline;\"><strong>Skontaktuj<\/strong><\/span><\/a> si\u0119 z nami!<\/p>\n<table style=\"height: 1228px;\" width=\"792\">\n<tbody>\n<tr>\n<td width=\"201\">Procesor<\/td>\n<td width=\"584\"><a style=\"color: #2271b1;\" href=\"https:\/\/ark.intel.com\/content\/www\/pl\/pl\/ark\/products\/196655\/intel-core-i711370h-processor-12m-cache-up-to-4-80-ghz-with-ipu.html\"><span style=\"text-decoration: underline;\"><strong>Intel\u00ae Core\u2122 i7-11370H<\/strong><\/span><\/a>, 4-rdzeniowy 11. generacji<\/td>\n<\/tr>\n<tr>\n<td>Wy\u015bwietlacz<\/td>\n<td width=\"584\">Ekran: 28&#8243; PixelSense\u2122<br \/>\nRozdzielczo\u015b\u0107: 4500 \u00d7 3000 (192 PPI)<br \/>\nWsp\u00f3\u0142czynnik proporcji: 3:2<br \/>\nDotyk: Multi-touch z obs\u0142ug\u0105 10 punkt\u00f3w dotykowych<br \/>\nGorilla\u00ae Glass 3<\/td>\n<\/tr>\n<tr>\n<td>Karta graficzna<\/td>\n<td width=\"584\">NVIDIA\u00ae GeForce RTX\u00ae 3060<\/td>\n<\/tr>\n<tr>\n<td>Pami\u0119\u0107<\/td>\n<td>32GB RAM DDR4<\/td>\n<\/tr>\n<tr>\n<td>Przestrze\u0144 dyskowa<\/td>\n<td>SSD: 1TB<\/td>\n<\/tr>\n<tr>\n<td>\u0141\u0105czno\u015b\u0107 bezprzewodowa<\/td>\n<td width=\"584\">Wi-Fi 6: zgodne ze standardem IEEE 802.11ax<br \/>\nModu\u0142 Bluetooth\u00ae Wireless 5.1<\/td>\n<\/tr>\n<tr>\n<td>Z\u0142\u0105cza<\/td>\n<td width=\"584\">3 x USB-C\u00ae 4.0\/Thunderbolt\u2122 4<br \/>\n2 x USB-A 3.1<br \/>\n1 x Z\u0142\u0105cze s\u0142uchawkowe Jack 3.5 mm<br \/>\n1 x RJ45 (Gigabit)<\/td>\n<\/tr>\n<tr>\n<td>Sensory<\/td>\n<td width=\"584\">Czujnik nat\u0119\u017cenia \u015bwiat\u0142a<\/td>\n<\/tr>\n<tr>\n<td>Zabezpieczenia<\/td>\n<td width=\"584\">Firmware TPM 2.0<br \/>\nWindows Hello &#8211; rozpoznawanie twarzy do odblokowania urz\u0105dzenia<\/td>\n<\/tr>\n<tr>\n<td>Multimedia<\/td>\n<td width=\"584\">Przednia kamera do uwierzytelnienia twarzy \u2013 Windows Hello<br \/>\n0,95MP \u2013 przednia kamera \u2013 nagrywanie film\u00f3w w FULL HD 1080p<br \/>\nG\u0142o\u015bniki stereofoniczne 2.1 z systemem Dolby\u00ae Atmos\u21225<br \/>\nPodw\u00f3jne mikrofony studyjne o du\u017cym zasi\u0119gu zbierania<\/td>\n<\/tr>\n<tr>\n<td>Oprogramowanie<\/td>\n<td width=\"584\">Windows 11 Pro<br \/>\nZa\u0142adowane aplikacje Microsoft 365<br \/>\nMiesi\u0119czna wersja pr\u00f3bna Microsoft 365<\/td>\n<\/tr>\n<tr>\n<td>Obudowa<\/td>\n<td width=\"584\">Przyciski regulacji g\u0142o\u015bno\u015bci oraz zasilania<br \/>\nZawias Zero Gravity<\/td>\n<\/tr>\n<tr>\n<td>Wymiary (mm)<\/td>\n<td>Podstawa: 250 x 220 x 31,45<br \/>\nWy\u015bwietlacz: 637,35 x 12,5 x 438,90<\/td>\n<\/tr>\n<tr>\n<td width=\"201\">Waga<br \/>\n(bez klawiatury)<\/td>\n<td width=\"584\">9,56 kg maks.<\/td>\n<\/tr>\n<tr>\n<td>Zawarto\u015b\u0107 zestawu<\/td>\n<td width=\"584\">Surface Studio 2+<br \/>\nZasilacz<br \/>\nSkr\u00f3cona instrukcja obs\u0142ugi<br \/>\nDokumenty dotycz\u0105ce gwarancji i bezpiecze\u0144stwa<\/td>\n<\/tr>\n<tr>\n<td>Gwarancja<\/td>\n<td width=\"584\">Roczny okres gwarancji<\/td>\n<\/tr>\n<\/tbody>\n<\/table>\n","protected":false},"excerpt":{"rendered":"<p>Rozbud\u017a swoj\u0105 kreatywno\u015b\u0107 i osi\u0105gnij wi\u0119cej, dzi\u0119ki wszechstronnemu komputerowi all-in-one Microsoft Surface Studio 2+ SBR-00002. Ulepszona wersja Microsoft Surface Studio 2, posiada wydajniejszy procesor Intel\u00ae 11. generacji, oraz pot\u0119\u017cn\u0105 kart\u0119 graficzn\u0105 Nvidia RTX\u00ae z serii 3000, kt\u00f3ra w po\u0142\u0105czeniu z imponuj\u0105co du\u017cym ekranem dotykowym oferuje wy\u015bmienit\u0105 jako\u015b\u0107 obrazu. Ogromna moc obliczeniow\u0105 Microsoft Surface Studio 2+ [&hellip;]<\/p>\n","protected":false},"featured_media":5370,"template":"","meta":{"site-sidebar-layout":"default","site-content-layout":"default","ast-site-content-layout":"default","site-content-style":"default","site-sidebar-style":"default","ast-global-header-display":"","ast-banner-title-visibility":"","ast-main-header-display":"","ast-hfb-above-header-display":"","ast-hfb-below-header-display":"","ast-hfb-mobile-header-display":"","site-post-title":"","ast-breadcrumbs-content":"","ast-featured-img":"","footer-sml-layout":"","ast-disable-related-posts":"","theme-transparent-header-meta":"default","adv-header-id-meta":"","stick-header-meta":"","header-above-stick-meta":"","header-main-stick-meta":"","header-below-stick-meta":"","astra-migrate-meta-layouts":"default","ast-page-background-enabled":"default","ast-page-background-meta":{"desktop":{"background-color":"","background-image":"","background-repeat":"repeat","background-position":"center center","background-size":"auto","background-attachment":"scroll","background-type":"","background-media":"","overlay-type":"","overlay-color":"","overlay-opacity":"","overlay-gradient":""},"tablet":{"background-color":"","background-image":"","background-repeat":"repeat","background-position":"center center","background-size":"auto","background-attachment":"scroll","background-type":"","background-media":"","overlay-type":"","overlay-color":"","overlay-opacity":"","overlay-gradient":""},"mobile":{"background-color":"","background-image":"","background-repeat":"repeat","background-position":"center center","background-size":"auto","background-attachment":"scroll","background-type":"","background-media":"","overlay-type":"","overlay-color":"","overlay-opacity":"","overlay-gradient":""}},"ast-content-background-meta":{"desktop":{"background-color":"var(--ast-global-color-5)","background-image":"","background-repeat":"repeat","background-position":"center center","background-size":"auto","background-attachment":"scroll","background-type":"","background-media":"","overlay-type":"","overlay-color":"","overlay-opacity":"","overlay-gradient":""},"tablet":{"background-color":"var(--ast-global-color-5)","background-image":"","background-repeat":"repeat","background-position":"center center","background-size":"auto","background-attachment":"scroll","background-type":"","background-media":"","overlay-type":"","overlay-color":"","overlay-opacity":"","overlay-gradient":""},"mobile":{"background-color":"var(--ast-global-color-5)","background-image":"","background-repeat":"repeat","background-position":"center center","background-size":"auto","background-attachment":"scroll","background-type":"","background-media":"","overlay-type":"","overlay-color":"","overlay-opacity":"","overlay-gradient":""}},"_links_to":"","_links_to_target":""},"product_brand":[],"product_cat":[71,258],"product_tag":[],"class_list":{"0":"post-5080","1":"product","2":"type-product","3":"status-publish","4":"has-post-thumbnail","6":"product_cat-komputery-microsoft-surface","7":"product_cat-microsoft-surface-studio-2-laptopy-microsoft-surface","8":"pa_dodatkowe-komponenty-wifi","9":"pa_matryca-64","10":"pa_model-procesora-i7-11370h","11":"pa_pamiec-ram-32gb","12":"pa_pojemnosc-dysku-1tb","13":"pa_producent-procesora-intel","14":"pa_w-zestawie-urzadzenie-zasilacz-rtx-3060","15":"desktop-align-left","16":"tablet-align-left","17":"mobile-align-left","19":"first","20":"instock","21":"taxable","22":"shipping-taxable","23":"purchasable","24":"product-type-simple"},"yoast_head":"<!-- This site is optimized with the Yoast SEO plugin v26.7 - https:\/\/yoast.com\/wordpress\/plugins\/seo\/ -->\n<title>Microsoft Surface Studio 2+ Platinum SBR-00002\/i7-11370H\/32GB\/1TB\/28&quot;\/W11P - Sklep rozwi\u0105za\u0144 Microsoft Surface<\/title>\n<meta name=\"robots\" content=\"index, follow, max-snippet:-1, max-image-preview:large, max-video-preview:-1\" \/>\n<link rel=\"canonical\" href=\"https:\/\/polsoft.pl\/microsoft-surface\/produkt\/microsoft-surface-studio-2-platinum-sbr-00002-i7-11370h-32gb-1tb-28-w11p\/\" \/>\n<meta property=\"og:locale\" content=\"pl_PL\" \/>\n<meta property=\"og:type\" content=\"article\" \/>\n<meta property=\"og:title\" content=\"Microsoft Surface Studio 2+ Platinum SBR-00002\/i7-11370H\/32GB\/1TB\/28&quot;\/W11P - Sklep rozwi\u0105za\u0144 Microsoft Surface\" \/>\n<meta property=\"og:description\" content=\"Rozbud\u017a swoj\u0105 kreatywno\u015b\u0107 i osi\u0105gnij wi\u0119cej, dzi\u0119ki wszechstronnemu komputerowi all-in-one Microsoft Surface Studio 2+ SBR-00002. Ulepszona wersja Microsoft Surface Studio 2, posiada wydajniejszy procesor Intel\u00ae 11. generacji, oraz pot\u0119\u017cn\u0105 kart\u0119 graficzn\u0105 Nvidia RTX\u00ae z serii 3000, kt\u00f3ra w po\u0142\u0105czeniu z imponuj\u0105co du\u017cym ekranem dotykowym oferuje wy\u015bmienit\u0105 jako\u015b\u0107 obrazu. Ogromna moc obliczeniow\u0105 Microsoft Surface Studio 2+ [&hellip;]\" \/>\n<meta property=\"og:url\" content=\"https:\/\/polsoft.pl\/microsoft-surface\/produkt\/microsoft-surface-studio-2-platinum-sbr-00002-i7-11370h-32gb-1tb-28-w11p\/\" \/>\n<meta property=\"og:site_name\" content=\"Sklep rozwi\u0105za\u0144 Microsoft Surface\" \/>\n<meta property=\"article:modified_time\" content=\"2026-01-23T11:46:48+00:00\" \/>\n<meta property=\"og:image\" content=\"https:\/\/polsoft.pl\/microsoft-surface\/wp-content\/uploads\/2023\/07\/Microsoft-Surface-Studio-2-Platinum-SBR-00002-i7-11370H32GB1TB28\u2033W11P.jpg\" \/>\n\t<meta property=\"og:image:width\" content=\"800\" \/>\n\t<meta property=\"og:image:height\" content=\"800\" \/>\n\t<meta property=\"og:image:type\" content=\"image\/jpeg\" \/>\n<meta name=\"twitter:card\" content=\"summary_large_image\" \/>\n<meta name=\"twitter:label1\" content=\"Szacowany czas czytania\" \/>\n\t<meta name=\"twitter:data1\" content=\"4 minuty\" \/>\n<script type=\"application\/ld+json\" class=\"yoast-schema-graph\">{\"@context\":\"https:\/\/schema.org\",\"@graph\":[{\"@type\":\"WebPage\",\"@id\":\"https:\/\/polsoft.pl\/microsoft-surface\/produkt\/microsoft-surface-studio-2-platinum-sbr-00002-i7-11370h-32gb-1tb-28-w11p\/\",\"url\":\"https:\/\/polsoft.pl\/microsoft-surface\/produkt\/microsoft-surface-studio-2-platinum-sbr-00002-i7-11370h-32gb-1tb-28-w11p\/\",\"name\":\"Microsoft Surface Studio 2+ Platinum SBR-00002\/i7-11370H\/32GB\/1TB\/28\\\"\/W11P - Sklep rozwi\u0105za\u0144 Microsoft Surface\",\"isPartOf\":{\"@id\":\"https:\/\/polsoft.pl\/microsoft-surface\/#website\"},\"primaryImageOfPage\":{\"@id\":\"https:\/\/polsoft.pl\/microsoft-surface\/produkt\/microsoft-surface-studio-2-platinum-sbr-00002-i7-11370h-32gb-1tb-28-w11p\/#primaryimage\"},\"image\":{\"@id\":\"https:\/\/polsoft.pl\/microsoft-surface\/produkt\/microsoft-surface-studio-2-platinum-sbr-00002-i7-11370h-32gb-1tb-28-w11p\/#primaryimage\"},\"thumbnailUrl\":\"https:\/\/www.polsoft.pl\/microsoft-surface\/wp-content\/uploads\/2023\/07\/Microsoft-Surface-Studio-2-Platinum-SBR-00002-i7-11370H32GB1TB28\u2033W11P.jpg\",\"datePublished\":\"2023-05-05T13:13:01+00:00\",\"dateModified\":\"2026-01-23T11:46:48+00:00\",\"breadcrumb\":{\"@id\":\"https:\/\/polsoft.pl\/microsoft-surface\/produkt\/microsoft-surface-studio-2-platinum-sbr-00002-i7-11370h-32gb-1tb-28-w11p\/#breadcrumb\"},\"inLanguage\":\"pl-PL\",\"potentialAction\":[{\"@type\":\"ReadAction\",\"target\":[\"https:\/\/polsoft.pl\/microsoft-surface\/produkt\/microsoft-surface-studio-2-platinum-sbr-00002-i7-11370h-32gb-1tb-28-w11p\/\"]}]},{\"@type\":\"ImageObject\",\"inLanguage\":\"pl-PL\",\"@id\":\"https:\/\/polsoft.pl\/microsoft-surface\/produkt\/microsoft-surface-studio-2-platinum-sbr-00002-i7-11370h-32gb-1tb-28-w11p\/#primaryimage\",\"url\":\"https:\/\/www.polsoft.pl\/microsoft-surface\/wp-content\/uploads\/2023\/07\/Microsoft-Surface-Studio-2-Platinum-SBR-00002-i7-11370H32GB1TB28\u2033W11P.jpg\",\"contentUrl\":\"https:\/\/www.polsoft.pl\/microsoft-surface\/wp-content\/uploads\/2023\/07\/Microsoft-Surface-Studio-2-Platinum-SBR-00002-i7-11370H32GB1TB28\u2033W11P.jpg\",\"width\":800,\"height\":800,\"caption\":\"Zdj\u0119cie przedstawiaj\u0105ce produkt Microsoft Surface Studio 2+ Platinum\"},{\"@type\":\"BreadcrumbList\",\"@id\":\"https:\/\/polsoft.pl\/microsoft-surface\/produkt\/microsoft-surface-studio-2-platinum-sbr-00002-i7-11370h-32gb-1tb-28-w11p\/#breadcrumb\",\"itemListElement\":[{\"@type\":\"ListItem\",\"position\":1,\"name\":\"Strona g\u0142\u00f3wna\",\"item\":\"https:\/\/polsoft.pl\/microsoft-surface\/\"},{\"@type\":\"ListItem\",\"position\":2,\"name\":\"Sklep\",\"item\":\"https:\/\/polsoft.pl\/microsoft-surface\/sklep\/\"},{\"@type\":\"ListItem\",\"position\":3,\"name\":\"Microsoft Surface Studio 2+ Platinum SBR-00002\/i7-11370H\/32GB\/1TB\/28&#8243;\/W11P\"}]},{\"@type\":\"WebSite\",\"@id\":\"https:\/\/polsoft.pl\/microsoft-surface\/#website\",\"url\":\"https:\/\/polsoft.pl\/microsoft-surface\/\",\"name\":\"Sklep Microsoft Surface\",\"description\":\"Sklep Microsoft Surface\",\"publisher\":{\"@id\":\"https:\/\/polsoft.pl\/microsoft-surface\/#organization\"},\"potentialAction\":[{\"@type\":\"SearchAction\",\"target\":{\"@type\":\"EntryPoint\",\"urlTemplate\":\"https:\/\/polsoft.pl\/microsoft-surface\/?s={search_term_string}\"},\"query-input\":{\"@type\":\"PropertyValueSpecification\",\"valueRequired\":true,\"valueName\":\"search_term_string\"}}],\"inLanguage\":\"pl-PL\"},{\"@type\":\"Organization\",\"@id\":\"https:\/\/polsoft.pl\/microsoft-surface\/#organization\",\"name\":\"Polsoft Engineering Sp. z o.o.\",\"url\":\"https:\/\/polsoft.pl\/microsoft-surface\/\",\"logo\":{\"@type\":\"ImageObject\",\"inLanguage\":\"pl-PL\",\"@id\":\"https:\/\/polsoft.pl\/microsoft-surface\/#\/schema\/logo\/image\/\",\"url\":\"https:\/\/www.polsoft.pl\/microsoft-surface\/wp-content\/uploads\/2020\/10\/microsoft_partner_logo_black_polsoft.png\",\"contentUrl\":\"https:\/\/www.polsoft.pl\/microsoft-surface\/wp-content\/uploads\/2020\/10\/microsoft_partner_logo_black_polsoft.png\",\"width\":613,\"height\":158,\"caption\":\"Polsoft Engineering Sp. z o.o.\"},\"image\":{\"@id\":\"https:\/\/polsoft.pl\/microsoft-surface\/#\/schema\/logo\/image\/\"}}]}<\/script>\n<!-- \/ Yoast SEO plugin. -->","yoast_head_json":{"title":"Microsoft Surface Studio 2+ Platinum SBR-00002\/i7-11370H\/32GB\/1TB\/28\"\/W11P - Sklep rozwi\u0105za\u0144 Microsoft Surface","robots":{"index":"index","follow":"follow","max-snippet":"max-snippet:-1","max-image-preview":"max-image-preview:large","max-video-preview":"max-video-preview:-1"},"canonical":"https:\/\/polsoft.pl\/microsoft-surface\/produkt\/microsoft-surface-studio-2-platinum-sbr-00002-i7-11370h-32gb-1tb-28-w11p\/","og_locale":"pl_PL","og_type":"article","og_title":"Microsoft Surface Studio 2+ Platinum SBR-00002\/i7-11370H\/32GB\/1TB\/28\"\/W11P - Sklep rozwi\u0105za\u0144 Microsoft Surface","og_description":"Rozbud\u017a swoj\u0105 kreatywno\u015b\u0107 i osi\u0105gnij wi\u0119cej, dzi\u0119ki wszechstronnemu komputerowi all-in-one Microsoft Surface Studio 2+ SBR-00002. Ulepszona wersja Microsoft Surface Studio 2, posiada wydajniejszy procesor Intel\u00ae 11. generacji, oraz pot\u0119\u017cn\u0105 kart\u0119 graficzn\u0105 Nvidia RTX\u00ae z serii 3000, kt\u00f3ra w po\u0142\u0105czeniu z imponuj\u0105co du\u017cym ekranem dotykowym oferuje wy\u015bmienit\u0105 jako\u015b\u0107 obrazu. Ogromna moc obliczeniow\u0105 Microsoft Surface Studio 2+ [&hellip;]","og_url":"https:\/\/polsoft.pl\/microsoft-surface\/produkt\/microsoft-surface-studio-2-platinum-sbr-00002-i7-11370h-32gb-1tb-28-w11p\/","og_site_name":"Sklep rozwi\u0105za\u0144 Microsoft Surface","article_modified_time":"2026-01-23T11:46:48+00:00","og_image":[{"width":800,"height":800,"url":"https:\/\/polsoft.pl\/microsoft-surface\/wp-content\/uploads\/2023\/07\/Microsoft-Surface-Studio-2-Platinum-SBR-00002-i7-11370H32GB1TB28\u2033W11P.jpg","type":"image\/jpeg"}],"twitter_card":"summary_large_image","twitter_misc":{"Szacowany czas czytania":"4 minuty"},"schema":{"@context":"https:\/\/schema.org","@graph":[{"@type":"WebPage","@id":"https:\/\/polsoft.pl\/microsoft-surface\/produkt\/microsoft-surface-studio-2-platinum-sbr-00002-i7-11370h-32gb-1tb-28-w11p\/","url":"https:\/\/polsoft.pl\/microsoft-surface\/produkt\/microsoft-surface-studio-2-platinum-sbr-00002-i7-11370h-32gb-1tb-28-w11p\/","name":"Microsoft Surface Studio 2+ Platinum SBR-00002\/i7-11370H\/32GB\/1TB\/28\"\/W11P - Sklep rozwi\u0105za\u0144 Microsoft Surface","isPartOf":{"@id":"https:\/\/polsoft.pl\/microsoft-surface\/#website"},"primaryImageOfPage":{"@id":"https:\/\/polsoft.pl\/microsoft-surface\/produkt\/microsoft-surface-studio-2-platinum-sbr-00002-i7-11370h-32gb-1tb-28-w11p\/#primaryimage"},"image":{"@id":"https:\/\/polsoft.pl\/microsoft-surface\/produkt\/microsoft-surface-studio-2-platinum-sbr-00002-i7-11370h-32gb-1tb-28-w11p\/#primaryimage"},"thumbnailUrl":"https:\/\/www.polsoft.pl\/microsoft-surface\/wp-content\/uploads\/2023\/07\/Microsoft-Surface-Studio-2-Platinum-SBR-00002-i7-11370H32GB1TB28\u2033W11P.jpg","datePublished":"2023-05-05T13:13:01+00:00","dateModified":"2026-01-23T11:46:48+00:00","breadcrumb":{"@id":"https:\/\/polsoft.pl\/microsoft-surface\/produkt\/microsoft-surface-studio-2-platinum-sbr-00002-i7-11370h-32gb-1tb-28-w11p\/#breadcrumb"},"inLanguage":"pl-PL","potentialAction":[{"@type":"ReadAction","target":["https:\/\/polsoft.pl\/microsoft-surface\/produkt\/microsoft-surface-studio-2-platinum-sbr-00002-i7-11370h-32gb-1tb-28-w11p\/"]}]},{"@type":"ImageObject","inLanguage":"pl-PL","@id":"https:\/\/polsoft.pl\/microsoft-surface\/produkt\/microsoft-surface-studio-2-platinum-sbr-00002-i7-11370h-32gb-1tb-28-w11p\/#primaryimage","url":"https:\/\/www.polsoft.pl\/microsoft-surface\/wp-content\/uploads\/2023\/07\/Microsoft-Surface-Studio-2-Platinum-SBR-00002-i7-11370H32GB1TB28\u2033W11P.jpg","contentUrl":"https:\/\/www.polsoft.pl\/microsoft-surface\/wp-content\/uploads\/2023\/07\/Microsoft-Surface-Studio-2-Platinum-SBR-00002-i7-11370H32GB1TB28\u2033W11P.jpg","width":800,"height":800,"caption":"Zdj\u0119cie przedstawiaj\u0105ce produkt Microsoft Surface Studio 2+ Platinum"},{"@type":"BreadcrumbList","@id":"https:\/\/polsoft.pl\/microsoft-surface\/produkt\/microsoft-surface-studio-2-platinum-sbr-00002-i7-11370h-32gb-1tb-28-w11p\/#breadcrumb","itemListElement":[{"@type":"ListItem","position":1,"name":"Strona g\u0142\u00f3wna","item":"https:\/\/polsoft.pl\/microsoft-surface\/"},{"@type":"ListItem","position":2,"name":"Sklep","item":"https:\/\/polsoft.pl\/microsoft-surface\/sklep\/"},{"@type":"ListItem","position":3,"name":"Microsoft Surface Studio 2+ Platinum SBR-00002\/i7-11370H\/32GB\/1TB\/28&#8243;\/W11P"}]},{"@type":"WebSite","@id":"https:\/\/polsoft.pl\/microsoft-surface\/#website","url":"https:\/\/polsoft.pl\/microsoft-surface\/","name":"Sklep Microsoft Surface","description":"Sklep Microsoft Surface","publisher":{"@id":"https:\/\/polsoft.pl\/microsoft-surface\/#organization"},"potentialAction":[{"@type":"SearchAction","target":{"@type":"EntryPoint","urlTemplate":"https:\/\/polsoft.pl\/microsoft-surface\/?s={search_term_string}"},"query-input":{"@type":"PropertyValueSpecification","valueRequired":true,"valueName":"search_term_string"}}],"inLanguage":"pl-PL"},{"@type":"Organization","@id":"https:\/\/polsoft.pl\/microsoft-surface\/#organization","name":"Polsoft Engineering Sp. z o.o.","url":"https:\/\/polsoft.pl\/microsoft-surface\/","logo":{"@type":"ImageObject","inLanguage":"pl-PL","@id":"https:\/\/polsoft.pl\/microsoft-surface\/#\/schema\/logo\/image\/","url":"https:\/\/www.polsoft.pl\/microsoft-surface\/wp-content\/uploads\/2020\/10\/microsoft_partner_logo_black_polsoft.png","contentUrl":"https:\/\/www.polsoft.pl\/microsoft-surface\/wp-content\/uploads\/2020\/10\/microsoft_partner_logo_black_polsoft.png","width":613,"height":158,"caption":"Polsoft Engineering Sp. z o.o."},"image":{"@id":"https:\/\/polsoft.pl\/microsoft-surface\/#\/schema\/logo\/image\/"}}]}},"_links":{"self":[{"href":"https:\/\/www.polsoft.pl\/microsoft-surface\/wp-json\/wp\/v2\/product\/5080","targetHints":{"allow":["GET"]}}],"collection":[{"href":"https:\/\/www.polsoft.pl\/microsoft-surface\/wp-json\/wp\/v2\/product"}],"about":[{"href":"https:\/\/www.polsoft.pl\/microsoft-surface\/wp-json\/wp\/v2\/types\/product"}],"version-history":[{"count":6,"href":"https:\/\/www.polsoft.pl\/microsoft-surface\/wp-json\/wp\/v2\/product\/5080\/revisions"}],"predecessor-version":[{"id":5358,"href":"https:\/\/www.polsoft.pl\/microsoft-surface\/wp-json\/wp\/v2\/product\/5080\/revisions\/5358"}],"wp:featuredmedia":[{"embeddable":true,"href":"https:\/\/www.polsoft.pl\/microsoft-surface\/wp-json\/wp\/v2\/media\/5370"}],"wp:attachment":[{"href":"https:\/\/www.polsoft.pl\/microsoft-surface\/wp-json\/wp\/v2\/media?parent=5080"}],"wp:term":[{"taxonomy":"product_brand","embeddable":true,"href":"https:\/\/www.polsoft.pl\/microsoft-surface\/wp-json\/wp\/v2\/product_brand?post=5080"},{"taxonomy":"product_cat","embeddable":true,"href":"https:\/\/www.polsoft.pl\/microsoft-surface\/wp-json\/wp\/v2\/product_cat?post=5080"},{"taxonomy":"product_tag","embeddable":true,"href":"https:\/\/www.polsoft.pl\/microsoft-surface\/wp-json\/wp\/v2\/product_tag?post=5080"}],"curies":[{"name":"wp","href":"https:\/\/api.w.org\/{rel}","templated":true}]}}