{"id":5090,"date":"2023-05-05T13:13:01","date_gmt":"2023-05-05T13:13:01","guid":{"rendered":"https:\/\/polsoft.pl\/microsoft-surface\/produkt\/tablica-interaktywna-microsoft-surface-hub-2s-tqp-00022-i5-8350u-8gb-128gb-85-w10team\/"},"modified":"2025-07-15T13:56:28","modified_gmt":"2025-07-15T11:56:28","slug":"tablica-interaktywna-microsoft-surface-hub-2s-tqp-00022-i5-8350u-8gb-128gb-85-w10team","status":"publish","type":"product","link":"https:\/\/www.polsoft.pl\/microsoft-surface\/produkt\/tablica-interaktywna-microsoft-surface-hub-2s-tqp-00022-i5-8350u-8gb-128gb-85-w10team\/","title":{"rendered":"Tablica interaktywna Microsoft Surface Hub 2S TQP-00022\/i5-8350U\/8GB\/128GB\/85&#8243;\/W10Team"},"content":{"rendered":"<p>Mamy spos\u00f3b na bogatsz\u0105 wsp\u00f3\u0142prac\u0119 z partnerami, z nami b\u0119dziesz brylowa\u0142 na spotkaniach online i wideokonferencjach i bez trudu zadbasz o przyst\u0119pny dost\u0119p, oraz mo\u017cliwo\u015b\u0107 wsp\u00f3\u0142tworzenia spotka\u0144 jego uczestnikom. Zainteresowali\u015bmy Ciebie? Poznaj Microsoft Surface Hub 2S TQP-00022. Nasza tablica interaktywna to idealna platforma do spotka\u0144, pozwalaj\u0105ca wys\u0142ucha\u0107 g\u0142os\u00f3w, zobaczy\u0107 twarze i wzi\u0105\u0107 pod uwag\u0119 pomys\u0142y wszystkich cz\u0142onk\u00f3w zespo\u0142u, bez wzgl\u0119du na to, gdzie s\u0105.<\/p>\n<p>Microsoft Surface Hub 2S TQP-00022 dzia\u0142a p\u0142ynnie dzi\u0119ki procesorowi Intel\u00ae Core\u2122 i5-8350U pracuj\u0105cemu z cz\u0119stotliwo\u015bci\u0105 3,6 GHz w trybie turbo, z zintegrowanym uk\u0142adem graficznym Intel\u00ae UHD Graphics 620. Tablica interaktywna posiada 8 GB pami\u0119ci RAM, oraz dysk SSD o pojemno\u015bci 128 GB, kt\u00f3re gwarantuj\u0105 szybkie dzia\u0142anie aplikacji.<\/p>\n<p>Wspania\u0142y ekran PixelSense\u2122 4K IPS LED o wysokiej rozdzielczo\u015bci 3840 x 2160 pozwala na realistyczne odwzorowanie barw, oraz sprawia, \u017ce obraz i materia\u0142y wideo s\u0105 ostre i krystalicznie czyste. Urz\u0105dzenie zgodne jest z pi\u00f3rem Microsoft Surface Hub 2, oraz Microsoft Surface Slim Pen.<\/p>\n<p>Zarz\u0105dzaj centralnie, lub zdalnie ustawieniami i zasadami urz\u0105dzenia bez obawy o bezpiecze\u0144stwo operacji. Protoko\u0142y bezpiecze\u0144stwa w systemie Windows 10 Team chroni\u0105 twoje dane zabezpieczeniami klasy korporacyjnej.<\/p>\n<p>Urz\u0105dzenie zawiera inteligentn\u0105 kamer\u0119 o rozdzielczo\u015bci 4K o polu widzenia 90 stopni, 8 pe\u0142nozakresowych mikrofon\u00f3w MEMS generuj\u0105ce krystalicznie czysty d\u017awi\u0119k, oraz tr\u00f3jdro\u017cne g\u0142o\u015bniki stereo w zakresie 100 Hz \u2013 12 kHz, \u015bredniotonowy, wysokotonowy, oraz przetwornik basowy. Uzyskaj szybki dost\u0119p do internetu dzi\u0119ki wbudowanemu z\u0142\u0105czu RJ45 Gigabit Ethernet i obs\u0142udze Wi-Fi 5, oraz \u0142\u0105cz si\u0119 z urz\u0105dzeniami bezprzewodowo korzystaj\u0105c z Bluetooth\u00ae 5.0. Urz\u0105dzenie obs\u0142uguje bezprzewodow\u0105 projekcj\u0119 obrazu Miracast. Bogaty ekosystem po\u0142\u0105czonych urz\u0105dze\u0144 konferencyjnych i peryferyjnych zaprojektowanych dla Microsoft Teams Rooms, pozwoli na zmian\u0119 twojej przestrzeni konferencyjnej, w \u0142atw\u0105 do u\u017cytku integracyjn\u0105 przestrze\u0144 wsp\u00f3\u0142pracy.<\/p>\n<p style=\"text-align: justify;\">Masz pytania? <a style=\"color: #2271b1;\" href=\"https:\/\/polsoft.pl\/microsoft-surface\/kontakt\/\"><span style=\"text-decoration: underline;\"><strong>Skontaktuj<\/strong><\/span><\/a> si\u0119 z nami!<\/p>\n<table style=\"height: 1228px;\" width=\"792\">\n<tbody>\n<tr>\n<td width=\"201\">Procesor<\/td>\n<td width=\"584\"><a style=\"color: #2271b1;\" href=\"https:\/\/ark.intel.com\/content\/www\/pl\/pl\/ark\/products\/124969\/intel-core-i58350u-processor-6m-cache-up-to-3-60-ghz.html\"><span style=\"text-decoration: underline;\"><strong>Intel\u00ae Core\u2122 i5-8350U<\/strong><\/span><\/a>, 4-rdzeniowy 8. generacji<\/td>\n<\/tr>\n<tr>\n<td>Wy\u015bwietlacz<\/td>\n<td width=\"584\">Ekran: 85&#8243; PixelSense\u2122 IPS LCD<br \/>\nRozdzielczo\u015b\u0107: 3840 \u00d7 2160<br \/>\nWsp\u00f3\u0142czynnik proporcji: 16:9<br \/>\nDotyk: Multi-touch z obs\u0142ug\u0105 20 punkt\u00f3w dotykowych<\/td>\n<\/tr>\n<tr>\n<td>Karta graficzna<\/td>\n<td width=\"584\">Intel\u00ae UHD Graphics 620<\/td>\n<\/tr>\n<tr>\n<td>Pami\u0119\u0107<\/td>\n<td>8 GB RAM<\/td>\n<\/tr>\n<tr>\n<td>Przestrze\u0144 dyskowa<\/td>\n<td>SSD: 256 GB<\/td>\n<\/tr>\n<tr>\n<td>\u0141\u0105czno\u015b\u0107 bezprzewodowa<\/td>\n<td width=\"584\">Wi-Fi 5: zgodne ze standardem IEEE 802.11ax<br \/>\nModu\u0142 Bluetooth\u00ae Wireless 5.0<br \/>\nBezprzewodowa projekcja obrazu Miracast<\/td>\n<\/tr>\n<tr>\n<td>Z\u0142\u0105cza<\/td>\n<td width=\"584\">1 x USB-C\u00ae z wej\u015bciem Display Port<br \/>\n4 x USB-C\u00ae<br \/>\n1 x USB-A<br \/>\n1 x Mini-DisplayPort<br \/>\n1 x RJ45 (Gigabit)<br \/>\n1 x HDMI<\/td>\n<\/tr>\n<tr>\n<td>Sensory<\/td>\n<td width=\"584\">Dopplerowski czujnik obecno\u015bci<br \/>\nAkcelerometr<br \/>\n\u017byroskop<\/td>\n<\/tr>\n<tr>\n<td>Multimedia<\/td>\n<td width=\"584\">Inteligentna kamera 4K 90 stopni<br \/>\n3-dro\u017cne g\u0142o\u015bniki stereo w zakresie 100 Hz &#8211; 12 kHz<br \/>\n8x mikrofon MEMS<\/td>\n<\/tr>\n<tr>\n<td>Oprogramowanie<\/td>\n<td width=\"584\">Windows 10 Team<br \/>\nMicrosoft Teams dla Surface Hub<br \/>\nMicrosoft Whiteboard<br \/>\nMicrosoft Office (mobile)<br \/>\nMicrosoft Power BI*<\/td>\n<\/tr>\n<tr>\n<td>Obudowa<\/td>\n<td width=\"584\">Aluminiowa obudowa o precyzyjnym stopniu obr\u00f3bki z dodatkiem \u017cywicy kompozytowej<br \/>\nPrzyciski regulacji g\u0142o\u015bno\u015bci, zasilania, oraz wyb\u00f3r \u017ar\u00f3d\u0142a<\/td>\n<\/tr>\n<tr>\n<td>Wymiary (mm)<\/td>\n<td>1130 \u00d7 1959 \u00d7 85,6<\/td>\n<\/tr>\n<tr>\n<td width=\"201\">Waga<\/td>\n<td width=\"584\">84 kg<\/td>\n<\/tr>\n<tr>\n<td>Zawarto\u015b\u0107 zestawu<\/td>\n<td width=\"584\">Surface Hub 2S<br \/>\nPi\u00f3ro Surface Hub 2<br \/>\nInteligentna kamera do urz\u0105dzenia Surface Hub 2<br \/>\nSieciowy kabel zasilaj\u0105cy 4m<\/td>\n<\/tr>\n<tr>\n<td>Gwarancja<\/td>\n<td width=\"584\">Roczny okres gwarancji<\/td>\n<\/tr>\n<\/tbody>\n<\/table>\n","protected":false},"excerpt":{"rendered":"<p>Mamy spos\u00f3b na bogatsz\u0105 wsp\u00f3\u0142prac\u0119 z partnerami, z nami b\u0119dziesz brylowa\u0142 na spotkaniach online i wideokonferencjach i bez trudu zadbasz o przyst\u0119pny dost\u0119p, oraz mo\u017cliwo\u015b\u0107 wsp\u00f3\u0142tworzenia spotka\u0144 jego uczestnikom. Zainteresowali\u015bmy Ciebie? Poznaj Microsoft Surface Hub 2S TQP-00022. Nasza tablica interaktywna to idealna platforma do spotka\u0144, pozwalaj\u0105ca wys\u0142ucha\u0107 g\u0142os\u00f3w, zobaczy\u0107 twarze i wzi\u0105\u0107 pod uwag\u0119 pomys\u0142y [&hellip;]<\/p>\n","protected":false},"featured_media":5383,"template":"","meta":{"site-sidebar-layout":"default","site-content-layout":"default","ast-site-content-layout":"default","site-content-style":"default","site-sidebar-style":"default","ast-global-header-display":"","ast-banner-title-visibility":"","ast-main-header-display":"","ast-hfb-above-header-display":"","ast-hfb-below-header-display":"","ast-hfb-mobile-header-display":"","site-post-title":"","ast-breadcrumbs-content":"","ast-featured-img":"","footer-sml-layout":"","ast-disable-related-posts":"","theme-transparent-header-meta":"default","adv-header-id-meta":"","stick-header-meta":"","header-above-stick-meta":"","header-main-stick-meta":"","header-below-stick-meta":"","astra-migrate-meta-layouts":"default","ast-page-background-enabled":"default","ast-page-background-meta":{"desktop":{"background-color":"","background-image":"","background-repeat":"repeat","background-position":"center center","background-size":"auto","background-attachment":"scroll","background-type":"","background-media":"","overlay-type":"","overlay-color":"","overlay-opacity":"","overlay-gradient":""},"tablet":{"background-color":"","background-image":"","background-repeat":"repeat","background-position":"center center","background-size":"auto","background-attachment":"scroll","background-type":"","background-media":"","overlay-type":"","overlay-color":"","overlay-opacity":"","overlay-gradient":""},"mobile":{"background-color":"","background-image":"","background-repeat":"repeat","background-position":"center center","background-size":"auto","background-attachment":"scroll","background-type":"","background-media":"","overlay-type":"","overlay-color":"","overlay-opacity":"","overlay-gradient":""}},"ast-content-background-meta":{"desktop":{"background-color":"var(--ast-global-color-5)","background-image":"","background-repeat":"repeat","background-position":"center center","background-size":"auto","background-attachment":"scroll","background-type":"","background-media":"","overlay-type":"","overlay-color":"","overlay-opacity":"","overlay-gradient":""},"tablet":{"background-color":"var(--ast-global-color-5)","background-image":"","background-repeat":"repeat","background-position":"center center","background-size":"auto","background-attachment":"scroll","background-type":"","background-media":"","overlay-type":"","overlay-color":"","overlay-opacity":"","overlay-gradient":""},"mobile":{"background-color":"var(--ast-global-color-5)","background-image":"","background-repeat":"repeat","background-position":"center center","background-size":"auto","background-attachment":"scroll","background-type":"","background-media":"","overlay-type":"","overlay-color":"","overlay-opacity":"","overlay-gradient":""}},"_links_to":"","_links_to_target":""},"product_brand":[],"product_cat":[],"product_tag":[],"class_list":{"0":"post-5090","1":"product","2":"type-product","3":"status-publish","4":"has-post-thumbnail","6":"pa_dodatkowe-komponenty-wifi","7":"pa_matryca-254","8":"pa_model-procesora-i5-8350u","9":"pa_pamiec-ram-8gb","10":"pa_pojemnosc-dysku-128gb","11":"pa_producent-procesora-intel","12":"pa_w-zestawie-urzadzenie-zasilacz","13":"desktop-align-left","14":"tablet-align-left","15":"mobile-align-left","17":"first","18":"instock","19":"taxable","20":"shipping-taxable","21":"purchasable","22":"product-type-simple"},"yoast_head":"<!-- This site is optimized with the Yoast SEO plugin v26.7 - https:\/\/yoast.com\/wordpress\/plugins\/seo\/ -->\n<title>Tablica interaktywna Microsoft Surface Hub 2S TQP-00022\/i5-8350U\/8GB\/128GB\/85&quot;\/W10Team - Sklep rozwi\u0105za\u0144 Microsoft Surface<\/title>\n<meta name=\"robots\" content=\"index, follow, max-snippet:-1, max-image-preview:large, max-video-preview:-1\" \/>\n<link rel=\"canonical\" href=\"https:\/\/polsoft.pl\/microsoft-surface\/produkt\/tablica-interaktywna-microsoft-surface-hub-2s-tqp-00022-i5-8350u-8gb-128gb-85-w10team\/\" \/>\n<meta property=\"og:locale\" content=\"pl_PL\" \/>\n<meta property=\"og:type\" content=\"article\" \/>\n<meta property=\"og:title\" content=\"Tablica interaktywna Microsoft Surface Hub 2S TQP-00022\/i5-8350U\/8GB\/128GB\/85&quot;\/W10Team - Sklep rozwi\u0105za\u0144 Microsoft Surface\" \/>\n<meta property=\"og:description\" content=\"Mamy spos\u00f3b na bogatsz\u0105 wsp\u00f3\u0142prac\u0119 z partnerami, z nami b\u0119dziesz brylowa\u0142 na spotkaniach online i wideokonferencjach i bez trudu zadbasz o przyst\u0119pny dost\u0119p, oraz mo\u017cliwo\u015b\u0107 wsp\u00f3\u0142tworzenia spotka\u0144 jego uczestnikom. Zainteresowali\u015bmy Ciebie? Poznaj Microsoft Surface Hub 2S TQP-00022. Nasza tablica interaktywna to idealna platforma do spotka\u0144, pozwalaj\u0105ca wys\u0142ucha\u0107 g\u0142os\u00f3w, zobaczy\u0107 twarze i wzi\u0105\u0107 pod uwag\u0119 pomys\u0142y [&hellip;]\" \/>\n<meta property=\"og:url\" content=\"https:\/\/polsoft.pl\/microsoft-surface\/produkt\/tablica-interaktywna-microsoft-surface-hub-2s-tqp-00022-i5-8350u-8gb-128gb-85-w10team\/\" \/>\n<meta property=\"og:site_name\" content=\"Sklep rozwi\u0105za\u0144 Microsoft Surface\" \/>\n<meta property=\"article:modified_time\" content=\"2025-07-15T11:56:28+00:00\" \/>\n<meta property=\"og:image\" content=\"https:\/\/polsoft.pl\/microsoft-surface\/wp-content\/uploads\/2023\/07\/Tablica-interaktywna-Microsoft-Surface-Hub-2S-TQP-00022-i5-8350U8GB128GB85W10Team-2.jpg\" \/>\n\t<meta property=\"og:image:width\" content=\"800\" \/>\n\t<meta property=\"og:image:height\" content=\"800\" \/>\n\t<meta property=\"og:image:type\" content=\"image\/jpeg\" \/>\n<meta name=\"twitter:card\" content=\"summary_large_image\" \/>\n<meta name=\"twitter:label1\" content=\"Szacowany czas czytania\" \/>\n\t<meta name=\"twitter:data1\" content=\"3 minuty\" \/>\n<script type=\"application\/ld+json\" class=\"yoast-schema-graph\">{\"@context\":\"https:\/\/schema.org\",\"@graph\":[{\"@type\":\"WebPage\",\"@id\":\"https:\/\/polsoft.pl\/microsoft-surface\/produkt\/tablica-interaktywna-microsoft-surface-hub-2s-tqp-00022-i5-8350u-8gb-128gb-85-w10team\/\",\"url\":\"https:\/\/polsoft.pl\/microsoft-surface\/produkt\/tablica-interaktywna-microsoft-surface-hub-2s-tqp-00022-i5-8350u-8gb-128gb-85-w10team\/\",\"name\":\"Tablica interaktywna Microsoft Surface Hub 2S TQP-00022\/i5-8350U\/8GB\/128GB\/85\\\"\/W10Team - Sklep rozwi\u0105za\u0144 Microsoft Surface\",\"isPartOf\":{\"@id\":\"https:\/\/polsoft.pl\/microsoft-surface\/#website\"},\"primaryImageOfPage\":{\"@id\":\"https:\/\/polsoft.pl\/microsoft-surface\/produkt\/tablica-interaktywna-microsoft-surface-hub-2s-tqp-00022-i5-8350u-8gb-128gb-85-w10team\/#primaryimage\"},\"image\":{\"@id\":\"https:\/\/polsoft.pl\/microsoft-surface\/produkt\/tablica-interaktywna-microsoft-surface-hub-2s-tqp-00022-i5-8350u-8gb-128gb-85-w10team\/#primaryimage\"},\"thumbnailUrl\":\"https:\/\/www.polsoft.pl\/microsoft-surface\/wp-content\/uploads\/2023\/07\/Tablica-interaktywna-Microsoft-Surface-Hub-2S-TQP-00022-i5-8350U8GB128GB85W10Team-2.jpg\",\"datePublished\":\"2023-05-05T13:13:01+00:00\",\"dateModified\":\"2025-07-15T11:56:28+00:00\",\"breadcrumb\":{\"@id\":\"https:\/\/polsoft.pl\/microsoft-surface\/produkt\/tablica-interaktywna-microsoft-surface-hub-2s-tqp-00022-i5-8350u-8gb-128gb-85-w10team\/#breadcrumb\"},\"inLanguage\":\"pl-PL\",\"potentialAction\":[{\"@type\":\"ReadAction\",\"target\":[\"https:\/\/polsoft.pl\/microsoft-surface\/produkt\/tablica-interaktywna-microsoft-surface-hub-2s-tqp-00022-i5-8350u-8gb-128gb-85-w10team\/\"]}]},{\"@type\":\"ImageObject\",\"inLanguage\":\"pl-PL\",\"@id\":\"https:\/\/polsoft.pl\/microsoft-surface\/produkt\/tablica-interaktywna-microsoft-surface-hub-2s-tqp-00022-i5-8350u-8gb-128gb-85-w10team\/#primaryimage\",\"url\":\"https:\/\/www.polsoft.pl\/microsoft-surface\/wp-content\/uploads\/2023\/07\/Tablica-interaktywna-Microsoft-Surface-Hub-2S-TQP-00022-i5-8350U8GB128GB85W10Team-2.jpg\",\"contentUrl\":\"https:\/\/www.polsoft.pl\/microsoft-surface\/wp-content\/uploads\/2023\/07\/Tablica-interaktywna-Microsoft-Surface-Hub-2S-TQP-00022-i5-8350U8GB128GB85W10Team-2.jpg\",\"width\":800,\"height\":800,\"caption\":\"Zdj\u0119cie wyr\u00f3\u017cniaj\u0105ce produktu Tablica interaktywna Microsoft Surface Hub 2S\"},{\"@type\":\"BreadcrumbList\",\"@id\":\"https:\/\/polsoft.pl\/microsoft-surface\/produkt\/tablica-interaktywna-microsoft-surface-hub-2s-tqp-00022-i5-8350u-8gb-128gb-85-w10team\/#breadcrumb\",\"itemListElement\":[{\"@type\":\"ListItem\",\"position\":1,\"name\":\"Strona g\u0142\u00f3wna\",\"item\":\"https:\/\/polsoft.pl\/microsoft-surface\/\"},{\"@type\":\"ListItem\",\"position\":2,\"name\":\"Sklep\",\"item\":\"https:\/\/polsoft.pl\/microsoft-surface\/sklep\/\"},{\"@type\":\"ListItem\",\"position\":3,\"name\":\"Tablica interaktywna Microsoft Surface Hub 2S TQP-00022\/i5-8350U\/8GB\/128GB\/85&#8243;\/W10Team\"}]},{\"@type\":\"WebSite\",\"@id\":\"https:\/\/polsoft.pl\/microsoft-surface\/#website\",\"url\":\"https:\/\/polsoft.pl\/microsoft-surface\/\",\"name\":\"Sklep Microsoft Surface\",\"description\":\"Sklep Microsoft Surface\",\"publisher\":{\"@id\":\"https:\/\/polsoft.pl\/microsoft-surface\/#organization\"},\"potentialAction\":[{\"@type\":\"SearchAction\",\"target\":{\"@type\":\"EntryPoint\",\"urlTemplate\":\"https:\/\/polsoft.pl\/microsoft-surface\/?s={search_term_string}\"},\"query-input\":{\"@type\":\"PropertyValueSpecification\",\"valueRequired\":true,\"valueName\":\"search_term_string\"}}],\"inLanguage\":\"pl-PL\"},{\"@type\":\"Organization\",\"@id\":\"https:\/\/polsoft.pl\/microsoft-surface\/#organization\",\"name\":\"Polsoft Engineering Sp. z o.o.\",\"url\":\"https:\/\/polsoft.pl\/microsoft-surface\/\",\"logo\":{\"@type\":\"ImageObject\",\"inLanguage\":\"pl-PL\",\"@id\":\"https:\/\/polsoft.pl\/microsoft-surface\/#\/schema\/logo\/image\/\",\"url\":\"https:\/\/www.polsoft.pl\/microsoft-surface\/wp-content\/uploads\/2020\/10\/microsoft_partner_logo_black_polsoft.png\",\"contentUrl\":\"https:\/\/www.polsoft.pl\/microsoft-surface\/wp-content\/uploads\/2020\/10\/microsoft_partner_logo_black_polsoft.png\",\"width\":613,\"height\":158,\"caption\":\"Polsoft Engineering Sp. z o.o.\"},\"image\":{\"@id\":\"https:\/\/polsoft.pl\/microsoft-surface\/#\/schema\/logo\/image\/\"}}]}<\/script>\n<!-- \/ Yoast SEO plugin. -->","yoast_head_json":{"title":"Tablica interaktywna Microsoft Surface Hub 2S TQP-00022\/i5-8350U\/8GB\/128GB\/85\"\/W10Team - Sklep rozwi\u0105za\u0144 Microsoft Surface","robots":{"index":"index","follow":"follow","max-snippet":"max-snippet:-1","max-image-preview":"max-image-preview:large","max-video-preview":"max-video-preview:-1"},"canonical":"https:\/\/polsoft.pl\/microsoft-surface\/produkt\/tablica-interaktywna-microsoft-surface-hub-2s-tqp-00022-i5-8350u-8gb-128gb-85-w10team\/","og_locale":"pl_PL","og_type":"article","og_title":"Tablica interaktywna Microsoft Surface Hub 2S TQP-00022\/i5-8350U\/8GB\/128GB\/85\"\/W10Team - Sklep rozwi\u0105za\u0144 Microsoft Surface","og_description":"Mamy spos\u00f3b na bogatsz\u0105 wsp\u00f3\u0142prac\u0119 z partnerami, z nami b\u0119dziesz brylowa\u0142 na spotkaniach online i wideokonferencjach i bez trudu zadbasz o przyst\u0119pny dost\u0119p, oraz mo\u017cliwo\u015b\u0107 wsp\u00f3\u0142tworzenia spotka\u0144 jego uczestnikom. Zainteresowali\u015bmy Ciebie? Poznaj Microsoft Surface Hub 2S TQP-00022. Nasza tablica interaktywna to idealna platforma do spotka\u0144, pozwalaj\u0105ca wys\u0142ucha\u0107 g\u0142os\u00f3w, zobaczy\u0107 twarze i wzi\u0105\u0107 pod uwag\u0119 pomys\u0142y [&hellip;]","og_url":"https:\/\/polsoft.pl\/microsoft-surface\/produkt\/tablica-interaktywna-microsoft-surface-hub-2s-tqp-00022-i5-8350u-8gb-128gb-85-w10team\/","og_site_name":"Sklep rozwi\u0105za\u0144 Microsoft Surface","article_modified_time":"2025-07-15T11:56:28+00:00","og_image":[{"width":800,"height":800,"url":"https:\/\/polsoft.pl\/microsoft-surface\/wp-content\/uploads\/2023\/07\/Tablica-interaktywna-Microsoft-Surface-Hub-2S-TQP-00022-i5-8350U8GB128GB85W10Team-2.jpg","type":"image\/jpeg"}],"twitter_card":"summary_large_image","twitter_misc":{"Szacowany czas czytania":"3 minuty"},"schema":{"@context":"https:\/\/schema.org","@graph":[{"@type":"WebPage","@id":"https:\/\/polsoft.pl\/microsoft-surface\/produkt\/tablica-interaktywna-microsoft-surface-hub-2s-tqp-00022-i5-8350u-8gb-128gb-85-w10team\/","url":"https:\/\/polsoft.pl\/microsoft-surface\/produkt\/tablica-interaktywna-microsoft-surface-hub-2s-tqp-00022-i5-8350u-8gb-128gb-85-w10team\/","name":"Tablica interaktywna Microsoft Surface Hub 2S TQP-00022\/i5-8350U\/8GB\/128GB\/85\"\/W10Team - Sklep rozwi\u0105za\u0144 Microsoft Surface","isPartOf":{"@id":"https:\/\/polsoft.pl\/microsoft-surface\/#website"},"primaryImageOfPage":{"@id":"https:\/\/polsoft.pl\/microsoft-surface\/produkt\/tablica-interaktywna-microsoft-surface-hub-2s-tqp-00022-i5-8350u-8gb-128gb-85-w10team\/#primaryimage"},"image":{"@id":"https:\/\/polsoft.pl\/microsoft-surface\/produkt\/tablica-interaktywna-microsoft-surface-hub-2s-tqp-00022-i5-8350u-8gb-128gb-85-w10team\/#primaryimage"},"thumbnailUrl":"https:\/\/www.polsoft.pl\/microsoft-surface\/wp-content\/uploads\/2023\/07\/Tablica-interaktywna-Microsoft-Surface-Hub-2S-TQP-00022-i5-8350U8GB128GB85W10Team-2.jpg","datePublished":"2023-05-05T13:13:01+00:00","dateModified":"2025-07-15T11:56:28+00:00","breadcrumb":{"@id":"https:\/\/polsoft.pl\/microsoft-surface\/produkt\/tablica-interaktywna-microsoft-surface-hub-2s-tqp-00022-i5-8350u-8gb-128gb-85-w10team\/#breadcrumb"},"inLanguage":"pl-PL","potentialAction":[{"@type":"ReadAction","target":["https:\/\/polsoft.pl\/microsoft-surface\/produkt\/tablica-interaktywna-microsoft-surface-hub-2s-tqp-00022-i5-8350u-8gb-128gb-85-w10team\/"]}]},{"@type":"ImageObject","inLanguage":"pl-PL","@id":"https:\/\/polsoft.pl\/microsoft-surface\/produkt\/tablica-interaktywna-microsoft-surface-hub-2s-tqp-00022-i5-8350u-8gb-128gb-85-w10team\/#primaryimage","url":"https:\/\/www.polsoft.pl\/microsoft-surface\/wp-content\/uploads\/2023\/07\/Tablica-interaktywna-Microsoft-Surface-Hub-2S-TQP-00022-i5-8350U8GB128GB85W10Team-2.jpg","contentUrl":"https:\/\/www.polsoft.pl\/microsoft-surface\/wp-content\/uploads\/2023\/07\/Tablica-interaktywna-Microsoft-Surface-Hub-2S-TQP-00022-i5-8350U8GB128GB85W10Team-2.jpg","width":800,"height":800,"caption":"Zdj\u0119cie wyr\u00f3\u017cniaj\u0105ce produktu Tablica interaktywna Microsoft Surface Hub 2S"},{"@type":"BreadcrumbList","@id":"https:\/\/polsoft.pl\/microsoft-surface\/produkt\/tablica-interaktywna-microsoft-surface-hub-2s-tqp-00022-i5-8350u-8gb-128gb-85-w10team\/#breadcrumb","itemListElement":[{"@type":"ListItem","position":1,"name":"Strona g\u0142\u00f3wna","item":"https:\/\/polsoft.pl\/microsoft-surface\/"},{"@type":"ListItem","position":2,"name":"Sklep","item":"https:\/\/polsoft.pl\/microsoft-surface\/sklep\/"},{"@type":"ListItem","position":3,"name":"Tablica interaktywna Microsoft Surface Hub 2S TQP-00022\/i5-8350U\/8GB\/128GB\/85&#8243;\/W10Team"}]},{"@type":"WebSite","@id":"https:\/\/polsoft.pl\/microsoft-surface\/#website","url":"https:\/\/polsoft.pl\/microsoft-surface\/","name":"Sklep Microsoft Surface","description":"Sklep Microsoft Surface","publisher":{"@id":"https:\/\/polsoft.pl\/microsoft-surface\/#organization"},"potentialAction":[{"@type":"SearchAction","target":{"@type":"EntryPoint","urlTemplate":"https:\/\/polsoft.pl\/microsoft-surface\/?s={search_term_string}"},"query-input":{"@type":"PropertyValueSpecification","valueRequired":true,"valueName":"search_term_string"}}],"inLanguage":"pl-PL"},{"@type":"Organization","@id":"https:\/\/polsoft.pl\/microsoft-surface\/#organization","name":"Polsoft Engineering Sp. z o.o.","url":"https:\/\/polsoft.pl\/microsoft-surface\/","logo":{"@type":"ImageObject","inLanguage":"pl-PL","@id":"https:\/\/polsoft.pl\/microsoft-surface\/#\/schema\/logo\/image\/","url":"https:\/\/www.polsoft.pl\/microsoft-surface\/wp-content\/uploads\/2020\/10\/microsoft_partner_logo_black_polsoft.png","contentUrl":"https:\/\/www.polsoft.pl\/microsoft-surface\/wp-content\/uploads\/2020\/10\/microsoft_partner_logo_black_polsoft.png","width":613,"height":158,"caption":"Polsoft Engineering Sp. z o.o."},"image":{"@id":"https:\/\/polsoft.pl\/microsoft-surface\/#\/schema\/logo\/image\/"}}]}},"_links":{"self":[{"href":"https:\/\/www.polsoft.pl\/microsoft-surface\/wp-json\/wp\/v2\/product\/5090","targetHints":{"allow":["GET"]}}],"collection":[{"href":"https:\/\/www.polsoft.pl\/microsoft-surface\/wp-json\/wp\/v2\/product"}],"about":[{"href":"https:\/\/www.polsoft.pl\/microsoft-surface\/wp-json\/wp\/v2\/types\/product"}],"version-history":[{"count":3,"href":"https:\/\/www.polsoft.pl\/microsoft-surface\/wp-json\/wp\/v2\/product\/5090\/revisions"}],"predecessor-version":[{"id":5321,"href":"https:\/\/www.polsoft.pl\/microsoft-surface\/wp-json\/wp\/v2\/product\/5090\/revisions\/5321"}],"wp:featuredmedia":[{"embeddable":true,"href":"https:\/\/www.polsoft.pl\/microsoft-surface\/wp-json\/wp\/v2\/media\/5383"}],"wp:attachment":[{"href":"https:\/\/www.polsoft.pl\/microsoft-surface\/wp-json\/wp\/v2\/media?parent=5090"}],"wp:term":[{"taxonomy":"product_brand","embeddable":true,"href":"https:\/\/www.polsoft.pl\/microsoft-surface\/wp-json\/wp\/v2\/product_brand?post=5090"},{"taxonomy":"product_cat","embeddable":true,"href":"https:\/\/www.polsoft.pl\/microsoft-surface\/wp-json\/wp\/v2\/product_cat?post=5090"},{"taxonomy":"product_tag","embeddable":true,"href":"https:\/\/www.polsoft.pl\/microsoft-surface\/wp-json\/wp\/v2\/product_tag?post=5090"}],"curies":[{"name":"wp","href":"https:\/\/api.w.org\/{rel}","templated":true}]}}