{"id":5100,"date":"2023-05-05T13:13:01","date_gmt":"2023-05-05T13:13:01","guid":{"rendered":"https:\/\/polsoft.pl\/microsoft-surface\/produkt\/klawiatura-microsoft-surface-signature-type-cover\/"},"modified":"2025-07-15T13:56:30","modified_gmt":"2025-07-15T11:56:30","slug":"klawiatura-microsoft-surface-signature-type-cover","status":"publish","type":"product","link":"https:\/\/www.polsoft.pl\/microsoft-surface\/produkt\/klawiatura-microsoft-surface-signature-type-cover\/","title":{"rendered":"Klawiatura Microsoft Surface Signature Type Cover"},"content":{"rendered":"<p>Pracuj w spos\u00f3b wyj\u0105tkowy i efektywny nad codziennymi zadaniami dzi\u0119ki klawiaturze Surface Pro Type Cover. Ta elegancka i funkcjonalna os\u0142ona po\u0142\u0105czy\u0142a w sobie doskona\u0142y design, wygod\u0119 i nowoczesne technologie opracowane przez Microsoft.<\/p>\n<p>Klawiatura Surface Pro Type Cover wykorzystuje najnowocze\u015bniejsze rozwi\u0105zania technologiczne, kt\u00f3re sprawiaj\u0105, \u017ce praca staje si\u0119 przyjemno\u015bci\u0105. Pod\u015bwietlenie LED umo\u017cliwia wygodne korzystanie z klawiatury nawet w s\u0142abym o\u015bwietleniu, a optymalne rozmieszczenie klawiszy gwarantuje precyzyjne i komfortowe pisanie. Du\u017cy trackpad zapewnia precyzyjn\u0105 kontrol\u0119 i intuicyjn\u0105 nawigacj\u0119 po ekranie, posiada r\u00f3wnie\u017c bezstopniow\u0105 regulacj\u0119 kt\u00f3ra umo\u017cliwia ustawianie klawiatury w dowolnym zakresie.<\/p>\n<p>Os\u0142ona z klawiatur\u0105 fizyczn\u0105 do tabletu Surface Pro to nie tylko praktyczne narz\u0119dzie, ale tak\u017ce elegancki dodatek do Twojego urz\u0105dzenia. Pasuje idealnie do tabletu Surface Pro, dodaj\u0105c mu profesjonalny wygl\u0105d i funkcjonalno\u015b\u0107 laptopa.<\/p>\n","protected":false},"excerpt":{"rendered":"<p>Pracuj w spos\u00f3b wyj\u0105tkowy i efektywny nad codziennymi zadaniami dzi\u0119ki klawiaturze Surface Pro Type Cover. Ta elegancka i funkcjonalna os\u0142ona po\u0142\u0105czy\u0142a w sobie doskona\u0142y design, wygod\u0119 i nowoczesne technologie opracowane przez Microsoft. Klawiatura Surface Pro Type Cover wykorzystuje najnowocze\u015bniejsze rozwi\u0105zania technologiczne, kt\u00f3re sprawiaj\u0105, \u017ce praca staje si\u0119 przyjemno\u015bci\u0105. Pod\u015bwietlenie LED umo\u017cliwia wygodne korzystanie z klawiatury [&hellip;]<\/p>\n","protected":false},"featured_media":5381,"template":"","meta":{"site-sidebar-layout":"default","site-content-layout":"default","ast-site-content-layout":"default","site-content-style":"default","site-sidebar-style":"default","ast-global-header-display":"","ast-banner-title-visibility":"","ast-main-header-display":"","ast-hfb-above-header-display":"","ast-hfb-below-header-display":"","ast-hfb-mobile-header-display":"","site-post-title":"","ast-breadcrumbs-content":"","ast-featured-img":"","footer-sml-layout":"","ast-disable-related-posts":"","theme-transparent-header-meta":"default","adv-header-id-meta":"","stick-header-meta":"","header-above-stick-meta":"","header-main-stick-meta":"","header-below-stick-meta":"","astra-migrate-meta-layouts":"default","ast-page-background-enabled":"default","ast-page-background-meta":{"desktop":{"background-color":"","background-image":"","background-repeat":"repeat","background-position":"center center","background-size":"auto","background-attachment":"scroll","background-type":"","background-media":"","overlay-type":"","overlay-color":"","overlay-opacity":"","overlay-gradient":""},"tablet":{"background-color":"","background-image":"","background-repeat":"repeat","background-position":"center center","background-size":"auto","background-attachment":"scroll","background-type":"","background-media":"","overlay-type":"","overlay-color":"","overlay-opacity":"","overlay-gradient":""},"mobile":{"background-color":"","background-image":"","background-repeat":"repeat","background-position":"center center","background-size":"auto","background-attachment":"scroll","background-type":"","background-media":"","overlay-type":"","overlay-color":"","overlay-opacity":"","overlay-gradient":""}},"ast-content-background-meta":{"desktop":{"background-color":"var(--ast-global-color-5)","background-image":"","background-repeat":"repeat","background-position":"center center","background-size":"auto","background-attachment":"scroll","background-type":"","background-media":"","overlay-type":"","overlay-color":"","overlay-opacity":"","overlay-gradient":""},"tablet":{"background-color":"var(--ast-global-color-5)","background-image":"","background-repeat":"repeat","background-position":"center center","background-size":"auto","background-attachment":"scroll","background-type":"","background-media":"","overlay-type":"","overlay-color":"","overlay-opacity":"","overlay-gradient":""},"mobile":{"background-color":"var(--ast-global-color-5)","background-image":"","background-repeat":"repeat","background-position":"center center","background-size":"auto","background-attachment":"scroll","background-type":"","background-media":"","overlay-type":"","overlay-color":"","overlay-opacity":"","overlay-gradient":""}},"_links_to":"","_links_to_target":""},"product_brand":[],"product_cat":[],"product_tag":[],"class_list":{"0":"post-5100","1":"product","2":"type-product","3":"status-publish","4":"has-post-thumbnail","6":"pa_w-zestawie-urzadzenie","7":"desktop-align-left","8":"tablet-align-left","9":"mobile-align-left","11":"first","12":"instock","13":"taxable","14":"shipping-taxable","15":"purchasable","16":"product-type-simple"},"yoast_head":"<!-- This site is optimized with the Yoast SEO plugin v26.7 - https:\/\/yoast.com\/wordpress\/plugins\/seo\/ -->\n<title>Klawiatura Microsoft Surface Signature Type Cover - Sklep rozwi\u0105za\u0144 Microsoft Surface<\/title>\n<meta name=\"robots\" content=\"index, follow, max-snippet:-1, max-image-preview:large, max-video-preview:-1\" \/>\n<link rel=\"canonical\" href=\"https:\/\/polsoft.pl\/microsoft-surface\/produkt\/klawiatura-microsoft-surface-signature-type-cover\/\" \/>\n<meta property=\"og:locale\" content=\"pl_PL\" \/>\n<meta property=\"og:type\" content=\"article\" \/>\n<meta property=\"og:title\" content=\"Klawiatura Microsoft Surface Signature Type Cover - Sklep rozwi\u0105za\u0144 Microsoft Surface\" \/>\n<meta property=\"og:description\" content=\"Pracuj w spos\u00f3b wyj\u0105tkowy i efektywny nad codziennymi zadaniami dzi\u0119ki klawiaturze Surface Pro Type Cover. Ta elegancka i funkcjonalna os\u0142ona po\u0142\u0105czy\u0142a w sobie doskona\u0142y design, wygod\u0119 i nowoczesne technologie opracowane przez Microsoft. Klawiatura Surface Pro Type Cover wykorzystuje najnowocze\u015bniejsze rozwi\u0105zania technologiczne, kt\u00f3re sprawiaj\u0105, \u017ce praca staje si\u0119 przyjemno\u015bci\u0105. Pod\u015bwietlenie LED umo\u017cliwia wygodne korzystanie z klawiatury [&hellip;]\" \/>\n<meta property=\"og:url\" content=\"https:\/\/polsoft.pl\/microsoft-surface\/produkt\/klawiatura-microsoft-surface-signature-type-cover\/\" \/>\n<meta property=\"og:site_name\" content=\"Sklep rozwi\u0105za\u0144 Microsoft Surface\" \/>\n<meta property=\"article:modified_time\" content=\"2025-07-15T11:56:30+00:00\" \/>\n<meta property=\"og:image\" content=\"https:\/\/polsoft.pl\/microsoft-surface\/wp-content\/uploads\/2023\/07\/Klawiatura-Microsoft-Surface-Signature-Type-Cover-8XB-00097.jpg\" \/>\n\t<meta property=\"og:image:width\" content=\"800\" \/>\n\t<meta property=\"og:image:height\" content=\"800\" \/>\n\t<meta property=\"og:image:type\" content=\"image\/jpeg\" \/>\n<meta name=\"twitter:card\" content=\"summary_large_image\" \/>\n<meta name=\"twitter:label1\" content=\"Szacowany czas czytania\" \/>\n\t<meta name=\"twitter:data1\" content=\"1 minuta\" \/>\n<script type=\"application\/ld+json\" class=\"yoast-schema-graph\">{\"@context\":\"https:\/\/schema.org\",\"@graph\":[{\"@type\":\"WebPage\",\"@id\":\"https:\/\/polsoft.pl\/microsoft-surface\/produkt\/klawiatura-microsoft-surface-signature-type-cover\/\",\"url\":\"https:\/\/polsoft.pl\/microsoft-surface\/produkt\/klawiatura-microsoft-surface-signature-type-cover\/\",\"name\":\"Klawiatura Microsoft Surface Signature Type Cover - Sklep rozwi\u0105za\u0144 Microsoft Surface\",\"isPartOf\":{\"@id\":\"https:\/\/polsoft.pl\/microsoft-surface\/#website\"},\"primaryImageOfPage\":{\"@id\":\"https:\/\/polsoft.pl\/microsoft-surface\/produkt\/klawiatura-microsoft-surface-signature-type-cover\/#primaryimage\"},\"image\":{\"@id\":\"https:\/\/polsoft.pl\/microsoft-surface\/produkt\/klawiatura-microsoft-surface-signature-type-cover\/#primaryimage\"},\"thumbnailUrl\":\"https:\/\/www.polsoft.pl\/microsoft-surface\/wp-content\/uploads\/2023\/07\/Klawiatura-Microsoft-Surface-Signature-Type-Cover-8XB-00097.jpg\",\"datePublished\":\"2023-05-05T13:13:01+00:00\",\"dateModified\":\"2025-07-15T11:56:30+00:00\",\"breadcrumb\":{\"@id\":\"https:\/\/polsoft.pl\/microsoft-surface\/produkt\/klawiatura-microsoft-surface-signature-type-cover\/#breadcrumb\"},\"inLanguage\":\"pl-PL\",\"potentialAction\":[{\"@type\":\"ReadAction\",\"target\":[\"https:\/\/polsoft.pl\/microsoft-surface\/produkt\/klawiatura-microsoft-surface-signature-type-cover\/\"]}]},{\"@type\":\"ImageObject\",\"inLanguage\":\"pl-PL\",\"@id\":\"https:\/\/polsoft.pl\/microsoft-surface\/produkt\/klawiatura-microsoft-surface-signature-type-cover\/#primaryimage\",\"url\":\"https:\/\/www.polsoft.pl\/microsoft-surface\/wp-content\/uploads\/2023\/07\/Klawiatura-Microsoft-Surface-Signature-Type-Cover-8XB-00097.jpg\",\"contentUrl\":\"https:\/\/www.polsoft.pl\/microsoft-surface\/wp-content\/uploads\/2023\/07\/Klawiatura-Microsoft-Surface-Signature-Type-Cover-8XB-00097.jpg\",\"width\":800,\"height\":800,\"caption\":\"Zdj\u0119cie klawiatury Microsoft Surface Signature Type Cover - 8XB-00097\"},{\"@type\":\"BreadcrumbList\",\"@id\":\"https:\/\/polsoft.pl\/microsoft-surface\/produkt\/klawiatura-microsoft-surface-signature-type-cover\/#breadcrumb\",\"itemListElement\":[{\"@type\":\"ListItem\",\"position\":1,\"name\":\"Strona g\u0142\u00f3wna\",\"item\":\"https:\/\/polsoft.pl\/microsoft-surface\/\"},{\"@type\":\"ListItem\",\"position\":2,\"name\":\"Sklep\",\"item\":\"https:\/\/polsoft.pl\/microsoft-surface\/sklep\/\"},{\"@type\":\"ListItem\",\"position\":3,\"name\":\"Klawiatura Microsoft Surface Signature Type Cover\"}]},{\"@type\":\"WebSite\",\"@id\":\"https:\/\/polsoft.pl\/microsoft-surface\/#website\",\"url\":\"https:\/\/polsoft.pl\/microsoft-surface\/\",\"name\":\"Sklep Microsoft Surface\",\"description\":\"Sklep Microsoft Surface\",\"publisher\":{\"@id\":\"https:\/\/polsoft.pl\/microsoft-surface\/#organization\"},\"potentialAction\":[{\"@type\":\"SearchAction\",\"target\":{\"@type\":\"EntryPoint\",\"urlTemplate\":\"https:\/\/polsoft.pl\/microsoft-surface\/?s={search_term_string}\"},\"query-input\":{\"@type\":\"PropertyValueSpecification\",\"valueRequired\":true,\"valueName\":\"search_term_string\"}}],\"inLanguage\":\"pl-PL\"},{\"@type\":\"Organization\",\"@id\":\"https:\/\/polsoft.pl\/microsoft-surface\/#organization\",\"name\":\"Polsoft Engineering Sp. z o.o.\",\"url\":\"https:\/\/polsoft.pl\/microsoft-surface\/\",\"logo\":{\"@type\":\"ImageObject\",\"inLanguage\":\"pl-PL\",\"@id\":\"https:\/\/polsoft.pl\/microsoft-surface\/#\/schema\/logo\/image\/\",\"url\":\"https:\/\/www.polsoft.pl\/microsoft-surface\/wp-content\/uploads\/2020\/10\/microsoft_partner_logo_black_polsoft.png\",\"contentUrl\":\"https:\/\/www.polsoft.pl\/microsoft-surface\/wp-content\/uploads\/2020\/10\/microsoft_partner_logo_black_polsoft.png\",\"width\":613,\"height\":158,\"caption\":\"Polsoft Engineering Sp. z o.o.\"},\"image\":{\"@id\":\"https:\/\/polsoft.pl\/microsoft-surface\/#\/schema\/logo\/image\/\"}}]}<\/script>\n<!-- \/ Yoast SEO plugin. -->","yoast_head_json":{"title":"Klawiatura Microsoft Surface Signature Type Cover - Sklep rozwi\u0105za\u0144 Microsoft Surface","robots":{"index":"index","follow":"follow","max-snippet":"max-snippet:-1","max-image-preview":"max-image-preview:large","max-video-preview":"max-video-preview:-1"},"canonical":"https:\/\/polsoft.pl\/microsoft-surface\/produkt\/klawiatura-microsoft-surface-signature-type-cover\/","og_locale":"pl_PL","og_type":"article","og_title":"Klawiatura Microsoft Surface Signature Type Cover - Sklep rozwi\u0105za\u0144 Microsoft Surface","og_description":"Pracuj w spos\u00f3b wyj\u0105tkowy i efektywny nad codziennymi zadaniami dzi\u0119ki klawiaturze Surface Pro Type Cover. Ta elegancka i funkcjonalna os\u0142ona po\u0142\u0105czy\u0142a w sobie doskona\u0142y design, wygod\u0119 i nowoczesne technologie opracowane przez Microsoft. Klawiatura Surface Pro Type Cover wykorzystuje najnowocze\u015bniejsze rozwi\u0105zania technologiczne, kt\u00f3re sprawiaj\u0105, \u017ce praca staje si\u0119 przyjemno\u015bci\u0105. Pod\u015bwietlenie LED umo\u017cliwia wygodne korzystanie z klawiatury [&hellip;]","og_url":"https:\/\/polsoft.pl\/microsoft-surface\/produkt\/klawiatura-microsoft-surface-signature-type-cover\/","og_site_name":"Sklep rozwi\u0105za\u0144 Microsoft Surface","article_modified_time":"2025-07-15T11:56:30+00:00","og_image":[{"width":800,"height":800,"url":"https:\/\/polsoft.pl\/microsoft-surface\/wp-content\/uploads\/2023\/07\/Klawiatura-Microsoft-Surface-Signature-Type-Cover-8XB-00097.jpg","type":"image\/jpeg"}],"twitter_card":"summary_large_image","twitter_misc":{"Szacowany czas czytania":"1 minuta"},"schema":{"@context":"https:\/\/schema.org","@graph":[{"@type":"WebPage","@id":"https:\/\/polsoft.pl\/microsoft-surface\/produkt\/klawiatura-microsoft-surface-signature-type-cover\/","url":"https:\/\/polsoft.pl\/microsoft-surface\/produkt\/klawiatura-microsoft-surface-signature-type-cover\/","name":"Klawiatura Microsoft Surface Signature Type Cover - Sklep rozwi\u0105za\u0144 Microsoft Surface","isPartOf":{"@id":"https:\/\/polsoft.pl\/microsoft-surface\/#website"},"primaryImageOfPage":{"@id":"https:\/\/polsoft.pl\/microsoft-surface\/produkt\/klawiatura-microsoft-surface-signature-type-cover\/#primaryimage"},"image":{"@id":"https:\/\/polsoft.pl\/microsoft-surface\/produkt\/klawiatura-microsoft-surface-signature-type-cover\/#primaryimage"},"thumbnailUrl":"https:\/\/www.polsoft.pl\/microsoft-surface\/wp-content\/uploads\/2023\/07\/Klawiatura-Microsoft-Surface-Signature-Type-Cover-8XB-00097.jpg","datePublished":"2023-05-05T13:13:01+00:00","dateModified":"2025-07-15T11:56:30+00:00","breadcrumb":{"@id":"https:\/\/polsoft.pl\/microsoft-surface\/produkt\/klawiatura-microsoft-surface-signature-type-cover\/#breadcrumb"},"inLanguage":"pl-PL","potentialAction":[{"@type":"ReadAction","target":["https:\/\/polsoft.pl\/microsoft-surface\/produkt\/klawiatura-microsoft-surface-signature-type-cover\/"]}]},{"@type":"ImageObject","inLanguage":"pl-PL","@id":"https:\/\/polsoft.pl\/microsoft-surface\/produkt\/klawiatura-microsoft-surface-signature-type-cover\/#primaryimage","url":"https:\/\/www.polsoft.pl\/microsoft-surface\/wp-content\/uploads\/2023\/07\/Klawiatura-Microsoft-Surface-Signature-Type-Cover-8XB-00097.jpg","contentUrl":"https:\/\/www.polsoft.pl\/microsoft-surface\/wp-content\/uploads\/2023\/07\/Klawiatura-Microsoft-Surface-Signature-Type-Cover-8XB-00097.jpg","width":800,"height":800,"caption":"Zdj\u0119cie klawiatury Microsoft Surface Signature Type Cover - 8XB-00097"},{"@type":"BreadcrumbList","@id":"https:\/\/polsoft.pl\/microsoft-surface\/produkt\/klawiatura-microsoft-surface-signature-type-cover\/#breadcrumb","itemListElement":[{"@type":"ListItem","position":1,"name":"Strona g\u0142\u00f3wna","item":"https:\/\/polsoft.pl\/microsoft-surface\/"},{"@type":"ListItem","position":2,"name":"Sklep","item":"https:\/\/polsoft.pl\/microsoft-surface\/sklep\/"},{"@type":"ListItem","position":3,"name":"Klawiatura Microsoft Surface Signature Type Cover"}]},{"@type":"WebSite","@id":"https:\/\/polsoft.pl\/microsoft-surface\/#website","url":"https:\/\/polsoft.pl\/microsoft-surface\/","name":"Sklep Microsoft Surface","description":"Sklep Microsoft Surface","publisher":{"@id":"https:\/\/polsoft.pl\/microsoft-surface\/#organization"},"potentialAction":[{"@type":"SearchAction","target":{"@type":"EntryPoint","urlTemplate":"https:\/\/polsoft.pl\/microsoft-surface\/?s={search_term_string}"},"query-input":{"@type":"PropertyValueSpecification","valueRequired":true,"valueName":"search_term_string"}}],"inLanguage":"pl-PL"},{"@type":"Organization","@id":"https:\/\/polsoft.pl\/microsoft-surface\/#organization","name":"Polsoft Engineering Sp. z o.o.","url":"https:\/\/polsoft.pl\/microsoft-surface\/","logo":{"@type":"ImageObject","inLanguage":"pl-PL","@id":"https:\/\/polsoft.pl\/microsoft-surface\/#\/schema\/logo\/image\/","url":"https:\/\/www.polsoft.pl\/microsoft-surface\/wp-content\/uploads\/2020\/10\/microsoft_partner_logo_black_polsoft.png","contentUrl":"https:\/\/www.polsoft.pl\/microsoft-surface\/wp-content\/uploads\/2020\/10\/microsoft_partner_logo_black_polsoft.png","width":613,"height":158,"caption":"Polsoft Engineering Sp. z o.o."},"image":{"@id":"https:\/\/polsoft.pl\/microsoft-surface\/#\/schema\/logo\/image\/"}}]}},"_links":{"self":[{"href":"https:\/\/www.polsoft.pl\/microsoft-surface\/wp-json\/wp\/v2\/product\/5100","targetHints":{"allow":["GET"]}}],"collection":[{"href":"https:\/\/www.polsoft.pl\/microsoft-surface\/wp-json\/wp\/v2\/product"}],"about":[{"href":"https:\/\/www.polsoft.pl\/microsoft-surface\/wp-json\/wp\/v2\/types\/product"}],"version-history":[{"count":4,"href":"https:\/\/www.polsoft.pl\/microsoft-surface\/wp-json\/wp\/v2\/product\/5100\/revisions"}],"predecessor-version":[{"id":5401,"href":"https:\/\/www.polsoft.pl\/microsoft-surface\/wp-json\/wp\/v2\/product\/5100\/revisions\/5401"}],"wp:featuredmedia":[{"embeddable":true,"href":"https:\/\/www.polsoft.pl\/microsoft-surface\/wp-json\/wp\/v2\/media\/5381"}],"wp:attachment":[{"href":"https:\/\/www.polsoft.pl\/microsoft-surface\/wp-json\/wp\/v2\/media?parent=5100"}],"wp:term":[{"taxonomy":"product_brand","embeddable":true,"href":"https:\/\/www.polsoft.pl\/microsoft-surface\/wp-json\/wp\/v2\/product_brand?post=5100"},{"taxonomy":"product_cat","embeddable":true,"href":"https:\/\/www.polsoft.pl\/microsoft-surface\/wp-json\/wp\/v2\/product_cat?post=5100"},{"taxonomy":"product_tag","embeddable":true,"href":"https:\/\/www.polsoft.pl\/microsoft-surface\/wp-json\/wp\/v2\/product_tag?post=5100"}],"curies":[{"name":"wp","href":"https:\/\/api.w.org\/{rel}","templated":true}]}}