{"id":5108,"date":"2023-05-05T13:13:01","date_gmt":"2023-05-05T13:13:01","guid":{"rendered":"https:\/\/polsoft.pl\/microsoft-surface\/produkt\/samoprzylepne-etykiety-microsoft-surface-adaptive-kit\/"},"modified":"2026-01-23T12:47:31","modified_gmt":"2026-01-23T11:47:31","slug":"samoprzylepne-etykiety-microsoft-surface-adaptive-kit","status":"publish","type":"product","link":"https:\/\/www.polsoft.pl\/microsoft-surface\/produkt\/samoprzylepne-etykiety-microsoft-surface-adaptive-kit\/","title":{"rendered":"Samoprzylepne etykiety Microsoft Surface Adaptive Kit"},"content":{"rendered":"<p>Zestaw Surface Adaptive Kit to elastyczny zestaw narz\u0119dzi dotykowych, kt\u00f3re mo\u017cna wykorzysta\u0107 na wiele r\u00f3\u017cnych sposob\u00f3w.\u00a0Zestaw Surface Adaptive Kit to nie tylko praktyczne narz\u0119dzia, ale tak\u017ce wyraz dba\u0142o\u015bci o estetyk\u0119 i dopasowanie do Twojego stylu. U\u017cywaj\u0105c tych elastycznych narz\u0119dzi dotykowych, zyskasz wi\u0119ksz\u0105 niezale\u017cno\u015b\u0107 i komfort w codziennym u\u017cytkowaniu urz\u0105dze\u0144 Surface.<\/p>\n<p>Dostosuj zestaw Surface Adaptive Kit do swoich potrzeb i ciesz si\u0119 jego wszechstronno\u015bci\u0105. Etykiety wypuk\u0142e w r\u00f3\u017cnych kszta\u0142tach i kolorach pozwol\u0105 Ci \u0142atwo i intuicyjnie korzysta\u0107 z urz\u0105dze\u0144, w spos\u00f3b kt\u00f3ry najbardziej Ci odpowiada.<\/p>\n","protected":false},"excerpt":{"rendered":"<p>Zestaw Surface Adaptive Kit to elastyczny zestaw narz\u0119dzi dotykowych, kt\u00f3re mo\u017cna wykorzysta\u0107 na wiele r\u00f3\u017cnych sposob\u00f3w.\u00a0Zestaw Surface Adaptive Kit to nie tylko praktyczne narz\u0119dzia, ale tak\u017ce wyraz dba\u0142o\u015bci o estetyk\u0119 i dopasowanie do Twojego stylu. U\u017cywaj\u0105c tych elastycznych narz\u0119dzi dotykowych, zyskasz wi\u0119ksz\u0105 niezale\u017cno\u015b\u0107 i komfort w codziennym u\u017cytkowaniu urz\u0105dze\u0144 Surface. Dostosuj zestaw Surface Adaptive Kit [&hellip;]<\/p>\n","protected":false},"featured_media":4808,"template":"","meta":{"site-sidebar-layout":"default","site-content-layout":"default","ast-site-content-layout":"default","site-content-style":"default","site-sidebar-style":"default","ast-global-header-display":"","ast-banner-title-visibility":"","ast-main-header-display":"","ast-hfb-above-header-display":"","ast-hfb-below-header-display":"","ast-hfb-mobile-header-display":"","site-post-title":"","ast-breadcrumbs-content":"","ast-featured-img":"","footer-sml-layout":"","ast-disable-related-posts":"","theme-transparent-header-meta":"default","adv-header-id-meta":"","stick-header-meta":"","header-above-stick-meta":"","header-main-stick-meta":"","header-below-stick-meta":"","astra-migrate-meta-layouts":"default","ast-page-background-enabled":"default","ast-page-background-meta":{"desktop":{"background-color":"","background-image":"","background-repeat":"repeat","background-position":"center center","background-size":"auto","background-attachment":"scroll","background-type":"","background-media":"","overlay-type":"","overlay-color":"","overlay-opacity":"","overlay-gradient":""},"tablet":{"background-color":"","background-image":"","background-repeat":"repeat","background-position":"center center","background-size":"auto","background-attachment":"scroll","background-type":"","background-media":"","overlay-type":"","overlay-color":"","overlay-opacity":"","overlay-gradient":""},"mobile":{"background-color":"","background-image":"","background-repeat":"repeat","background-position":"center center","background-size":"auto","background-attachment":"scroll","background-type":"","background-media":"","overlay-type":"","overlay-color":"","overlay-opacity":"","overlay-gradient":""}},"ast-content-background-meta":{"desktop":{"background-color":"var(--ast-global-color-5)","background-image":"","background-repeat":"repeat","background-position":"center center","background-size":"auto","background-attachment":"scroll","background-type":"","background-media":"","overlay-type":"","overlay-color":"","overlay-opacity":"","overlay-gradient":""},"tablet":{"background-color":"var(--ast-global-color-5)","background-image":"","background-repeat":"repeat","background-position":"center center","background-size":"auto","background-attachment":"scroll","background-type":"","background-media":"","overlay-type":"","overlay-color":"","overlay-opacity":"","overlay-gradient":""},"mobile":{"background-color":"var(--ast-global-color-5)","background-image":"","background-repeat":"repeat","background-position":"center center","background-size":"auto","background-attachment":"scroll","background-type":"","background-media":"","overlay-type":"","overlay-color":"","overlay-opacity":"","overlay-gradient":""}},"_links_to":"","_links_to_target":""},"product_brand":[],"product_cat":[90],"product_tag":[],"class_list":{"0":"post-5108","1":"product","2":"type-product","3":"status-publish","4":"has-post-thumbnail","6":"product_cat-akcesoria-microsoft-surface","7":"desktop-align-left","8":"tablet-align-left","9":"mobile-align-left","11":"first","12":"instock","13":"taxable","14":"shipping-taxable","15":"purchasable","16":"product-type-simple"},"yoast_head":"<!-- This site is optimized with the Yoast SEO plugin v26.7 - https:\/\/yoast.com\/wordpress\/plugins\/seo\/ -->\n<title>Samoprzylepne etykiety Microsoft Surface Adaptive Kit - Sklep rozwi\u0105za\u0144 Microsoft Surface<\/title>\n<meta name=\"robots\" content=\"index, follow, max-snippet:-1, max-image-preview:large, max-video-preview:-1\" \/>\n<link rel=\"canonical\" href=\"https:\/\/polsoft.pl\/microsoft-surface\/produkt\/samoprzylepne-etykiety-microsoft-surface-adaptive-kit\/\" \/>\n<meta property=\"og:locale\" content=\"pl_PL\" \/>\n<meta property=\"og:type\" content=\"article\" \/>\n<meta property=\"og:title\" content=\"Samoprzylepne etykiety Microsoft Surface Adaptive Kit - Sklep rozwi\u0105za\u0144 Microsoft Surface\" \/>\n<meta property=\"og:description\" content=\"Zestaw Surface Adaptive Kit to elastyczny zestaw narz\u0119dzi dotykowych, kt\u00f3re mo\u017cna wykorzysta\u0107 na wiele r\u00f3\u017cnych sposob\u00f3w.\u00a0Zestaw Surface Adaptive Kit to nie tylko praktyczne narz\u0119dzia, ale tak\u017ce wyraz dba\u0142o\u015bci o estetyk\u0119 i dopasowanie do Twojego stylu. U\u017cywaj\u0105c tych elastycznych narz\u0119dzi dotykowych, zyskasz wi\u0119ksz\u0105 niezale\u017cno\u015b\u0107 i komfort w codziennym u\u017cytkowaniu urz\u0105dze\u0144 Surface. Dostosuj zestaw Surface Adaptive Kit [&hellip;]\" \/>\n<meta property=\"og:url\" content=\"https:\/\/polsoft.pl\/microsoft-surface\/produkt\/samoprzylepne-etykiety-microsoft-surface-adaptive-kit\/\" \/>\n<meta property=\"og:site_name\" content=\"Sklep rozwi\u0105za\u0144 Microsoft Surface\" \/>\n<meta property=\"article:modified_time\" content=\"2026-01-23T11:47:31+00:00\" \/>\n<meta property=\"og:image\" content=\"https:\/\/polsoft.pl\/microsoft-surface\/wp-content\/uploads\/2022\/06\/microsoft-surface-adaptive-kit-podglad-2-I8X-00004.jpg\" \/>\n\t<meta property=\"og:image:width\" content=\"800\" \/>\n\t<meta property=\"og:image:height\" content=\"800\" \/>\n\t<meta property=\"og:image:type\" content=\"image\/jpeg\" \/>\n<meta name=\"twitter:card\" content=\"summary_large_image\" \/>\n<meta name=\"twitter:label1\" content=\"Szacowany czas czytania\" \/>\n\t<meta name=\"twitter:data1\" content=\"1 minuta\" \/>\n<script type=\"application\/ld+json\" class=\"yoast-schema-graph\">{\"@context\":\"https:\/\/schema.org\",\"@graph\":[{\"@type\":\"WebPage\",\"@id\":\"https:\/\/polsoft.pl\/microsoft-surface\/produkt\/samoprzylepne-etykiety-microsoft-surface-adaptive-kit\/\",\"url\":\"https:\/\/polsoft.pl\/microsoft-surface\/produkt\/samoprzylepne-etykiety-microsoft-surface-adaptive-kit\/\",\"name\":\"Samoprzylepne etykiety Microsoft Surface Adaptive Kit - Sklep rozwi\u0105za\u0144 Microsoft Surface\",\"isPartOf\":{\"@id\":\"https:\/\/polsoft.pl\/microsoft-surface\/#website\"},\"primaryImageOfPage\":{\"@id\":\"https:\/\/polsoft.pl\/microsoft-surface\/produkt\/samoprzylepne-etykiety-microsoft-surface-adaptive-kit\/#primaryimage\"},\"image\":{\"@id\":\"https:\/\/polsoft.pl\/microsoft-surface\/produkt\/samoprzylepne-etykiety-microsoft-surface-adaptive-kit\/#primaryimage\"},\"thumbnailUrl\":\"https:\/\/www.polsoft.pl\/microsoft-surface\/wp-content\/uploads\/2022\/06\/microsoft-surface-adaptive-kit-podglad-2-I8X-00004.jpg\",\"datePublished\":\"2023-05-05T13:13:01+00:00\",\"dateModified\":\"2026-01-23T11:47:31+00:00\",\"breadcrumb\":{\"@id\":\"https:\/\/polsoft.pl\/microsoft-surface\/produkt\/samoprzylepne-etykiety-microsoft-surface-adaptive-kit\/#breadcrumb\"},\"inLanguage\":\"pl-PL\",\"potentialAction\":[{\"@type\":\"ReadAction\",\"target\":[\"https:\/\/polsoft.pl\/microsoft-surface\/produkt\/samoprzylepne-etykiety-microsoft-surface-adaptive-kit\/\"]}]},{\"@type\":\"ImageObject\",\"inLanguage\":\"pl-PL\",\"@id\":\"https:\/\/polsoft.pl\/microsoft-surface\/produkt\/samoprzylepne-etykiety-microsoft-surface-adaptive-kit\/#primaryimage\",\"url\":\"https:\/\/www.polsoft.pl\/microsoft-surface\/wp-content\/uploads\/2022\/06\/microsoft-surface-adaptive-kit-podglad-2-I8X-00004.jpg\",\"contentUrl\":\"https:\/\/www.polsoft.pl\/microsoft-surface\/wp-content\/uploads\/2022\/06\/microsoft-surface-adaptive-kit-podglad-2-I8X-00004.jpg\",\"width\":800,\"height\":800,\"caption\":\"Zdj\u0119cie naklejek Microsoft Surface Adaptive Kit - I8X-00004\"},{\"@type\":\"BreadcrumbList\",\"@id\":\"https:\/\/polsoft.pl\/microsoft-surface\/produkt\/samoprzylepne-etykiety-microsoft-surface-adaptive-kit\/#breadcrumb\",\"itemListElement\":[{\"@type\":\"ListItem\",\"position\":1,\"name\":\"Strona g\u0142\u00f3wna\",\"item\":\"https:\/\/polsoft.pl\/microsoft-surface\/\"},{\"@type\":\"ListItem\",\"position\":2,\"name\":\"Sklep\",\"item\":\"https:\/\/polsoft.pl\/microsoft-surface\/sklep\/\"},{\"@type\":\"ListItem\",\"position\":3,\"name\":\"Samoprzylepne etykiety Microsoft Surface Adaptive Kit\"}]},{\"@type\":\"WebSite\",\"@id\":\"https:\/\/polsoft.pl\/microsoft-surface\/#website\",\"url\":\"https:\/\/polsoft.pl\/microsoft-surface\/\",\"name\":\"Sklep Microsoft Surface\",\"description\":\"Sklep Microsoft Surface\",\"publisher\":{\"@id\":\"https:\/\/polsoft.pl\/microsoft-surface\/#organization\"},\"potentialAction\":[{\"@type\":\"SearchAction\",\"target\":{\"@type\":\"EntryPoint\",\"urlTemplate\":\"https:\/\/polsoft.pl\/microsoft-surface\/?s={search_term_string}\"},\"query-input\":{\"@type\":\"PropertyValueSpecification\",\"valueRequired\":true,\"valueName\":\"search_term_string\"}}],\"inLanguage\":\"pl-PL\"},{\"@type\":\"Organization\",\"@id\":\"https:\/\/polsoft.pl\/microsoft-surface\/#organization\",\"name\":\"Polsoft Engineering Sp. z o.o.\",\"url\":\"https:\/\/polsoft.pl\/microsoft-surface\/\",\"logo\":{\"@type\":\"ImageObject\",\"inLanguage\":\"pl-PL\",\"@id\":\"https:\/\/polsoft.pl\/microsoft-surface\/#\/schema\/logo\/image\/\",\"url\":\"https:\/\/www.polsoft.pl\/microsoft-surface\/wp-content\/uploads\/2020\/10\/microsoft_partner_logo_black_polsoft.png\",\"contentUrl\":\"https:\/\/www.polsoft.pl\/microsoft-surface\/wp-content\/uploads\/2020\/10\/microsoft_partner_logo_black_polsoft.png\",\"width\":613,\"height\":158,\"caption\":\"Polsoft Engineering Sp. z o.o.\"},\"image\":{\"@id\":\"https:\/\/polsoft.pl\/microsoft-surface\/#\/schema\/logo\/image\/\"}}]}<\/script>\n<!-- \/ Yoast SEO plugin. -->","yoast_head_json":{"title":"Samoprzylepne etykiety Microsoft Surface Adaptive Kit - Sklep rozwi\u0105za\u0144 Microsoft Surface","robots":{"index":"index","follow":"follow","max-snippet":"max-snippet:-1","max-image-preview":"max-image-preview:large","max-video-preview":"max-video-preview:-1"},"canonical":"https:\/\/polsoft.pl\/microsoft-surface\/produkt\/samoprzylepne-etykiety-microsoft-surface-adaptive-kit\/","og_locale":"pl_PL","og_type":"article","og_title":"Samoprzylepne etykiety Microsoft Surface Adaptive Kit - Sklep rozwi\u0105za\u0144 Microsoft Surface","og_description":"Zestaw Surface Adaptive Kit to elastyczny zestaw narz\u0119dzi dotykowych, kt\u00f3re mo\u017cna wykorzysta\u0107 na wiele r\u00f3\u017cnych sposob\u00f3w.\u00a0Zestaw Surface Adaptive Kit to nie tylko praktyczne narz\u0119dzia, ale tak\u017ce wyraz dba\u0142o\u015bci o estetyk\u0119 i dopasowanie do Twojego stylu. U\u017cywaj\u0105c tych elastycznych narz\u0119dzi dotykowych, zyskasz wi\u0119ksz\u0105 niezale\u017cno\u015b\u0107 i komfort w codziennym u\u017cytkowaniu urz\u0105dze\u0144 Surface. Dostosuj zestaw Surface Adaptive Kit [&hellip;]","og_url":"https:\/\/polsoft.pl\/microsoft-surface\/produkt\/samoprzylepne-etykiety-microsoft-surface-adaptive-kit\/","og_site_name":"Sklep rozwi\u0105za\u0144 Microsoft Surface","article_modified_time":"2026-01-23T11:47:31+00:00","og_image":[{"width":800,"height":800,"url":"https:\/\/polsoft.pl\/microsoft-surface\/wp-content\/uploads\/2022\/06\/microsoft-surface-adaptive-kit-podglad-2-I8X-00004.jpg","type":"image\/jpeg"}],"twitter_card":"summary_large_image","twitter_misc":{"Szacowany czas czytania":"1 minuta"},"schema":{"@context":"https:\/\/schema.org","@graph":[{"@type":"WebPage","@id":"https:\/\/polsoft.pl\/microsoft-surface\/produkt\/samoprzylepne-etykiety-microsoft-surface-adaptive-kit\/","url":"https:\/\/polsoft.pl\/microsoft-surface\/produkt\/samoprzylepne-etykiety-microsoft-surface-adaptive-kit\/","name":"Samoprzylepne etykiety Microsoft Surface Adaptive Kit - Sklep rozwi\u0105za\u0144 Microsoft Surface","isPartOf":{"@id":"https:\/\/polsoft.pl\/microsoft-surface\/#website"},"primaryImageOfPage":{"@id":"https:\/\/polsoft.pl\/microsoft-surface\/produkt\/samoprzylepne-etykiety-microsoft-surface-adaptive-kit\/#primaryimage"},"image":{"@id":"https:\/\/polsoft.pl\/microsoft-surface\/produkt\/samoprzylepne-etykiety-microsoft-surface-adaptive-kit\/#primaryimage"},"thumbnailUrl":"https:\/\/www.polsoft.pl\/microsoft-surface\/wp-content\/uploads\/2022\/06\/microsoft-surface-adaptive-kit-podglad-2-I8X-00004.jpg","datePublished":"2023-05-05T13:13:01+00:00","dateModified":"2026-01-23T11:47:31+00:00","breadcrumb":{"@id":"https:\/\/polsoft.pl\/microsoft-surface\/produkt\/samoprzylepne-etykiety-microsoft-surface-adaptive-kit\/#breadcrumb"},"inLanguage":"pl-PL","potentialAction":[{"@type":"ReadAction","target":["https:\/\/polsoft.pl\/microsoft-surface\/produkt\/samoprzylepne-etykiety-microsoft-surface-adaptive-kit\/"]}]},{"@type":"ImageObject","inLanguage":"pl-PL","@id":"https:\/\/polsoft.pl\/microsoft-surface\/produkt\/samoprzylepne-etykiety-microsoft-surface-adaptive-kit\/#primaryimage","url":"https:\/\/www.polsoft.pl\/microsoft-surface\/wp-content\/uploads\/2022\/06\/microsoft-surface-adaptive-kit-podglad-2-I8X-00004.jpg","contentUrl":"https:\/\/www.polsoft.pl\/microsoft-surface\/wp-content\/uploads\/2022\/06\/microsoft-surface-adaptive-kit-podglad-2-I8X-00004.jpg","width":800,"height":800,"caption":"Zdj\u0119cie naklejek Microsoft Surface Adaptive Kit - I8X-00004"},{"@type":"BreadcrumbList","@id":"https:\/\/polsoft.pl\/microsoft-surface\/produkt\/samoprzylepne-etykiety-microsoft-surface-adaptive-kit\/#breadcrumb","itemListElement":[{"@type":"ListItem","position":1,"name":"Strona g\u0142\u00f3wna","item":"https:\/\/polsoft.pl\/microsoft-surface\/"},{"@type":"ListItem","position":2,"name":"Sklep","item":"https:\/\/polsoft.pl\/microsoft-surface\/sklep\/"},{"@type":"ListItem","position":3,"name":"Samoprzylepne etykiety Microsoft Surface Adaptive Kit"}]},{"@type":"WebSite","@id":"https:\/\/polsoft.pl\/microsoft-surface\/#website","url":"https:\/\/polsoft.pl\/microsoft-surface\/","name":"Sklep Microsoft Surface","description":"Sklep Microsoft Surface","publisher":{"@id":"https:\/\/polsoft.pl\/microsoft-surface\/#organization"},"potentialAction":[{"@type":"SearchAction","target":{"@type":"EntryPoint","urlTemplate":"https:\/\/polsoft.pl\/microsoft-surface\/?s={search_term_string}"},"query-input":{"@type":"PropertyValueSpecification","valueRequired":true,"valueName":"search_term_string"}}],"inLanguage":"pl-PL"},{"@type":"Organization","@id":"https:\/\/polsoft.pl\/microsoft-surface\/#organization","name":"Polsoft Engineering Sp. z o.o.","url":"https:\/\/polsoft.pl\/microsoft-surface\/","logo":{"@type":"ImageObject","inLanguage":"pl-PL","@id":"https:\/\/polsoft.pl\/microsoft-surface\/#\/schema\/logo\/image\/","url":"https:\/\/www.polsoft.pl\/microsoft-surface\/wp-content\/uploads\/2020\/10\/microsoft_partner_logo_black_polsoft.png","contentUrl":"https:\/\/www.polsoft.pl\/microsoft-surface\/wp-content\/uploads\/2020\/10\/microsoft_partner_logo_black_polsoft.png","width":613,"height":158,"caption":"Polsoft Engineering Sp. z o.o."},"image":{"@id":"https:\/\/polsoft.pl\/microsoft-surface\/#\/schema\/logo\/image\/"}}]}},"_links":{"self":[{"href":"https:\/\/www.polsoft.pl\/microsoft-surface\/wp-json\/wp\/v2\/product\/5108","targetHints":{"allow":["GET"]}}],"collection":[{"href":"https:\/\/www.polsoft.pl\/microsoft-surface\/wp-json\/wp\/v2\/product"}],"about":[{"href":"https:\/\/www.polsoft.pl\/microsoft-surface\/wp-json\/wp\/v2\/types\/product"}],"version-history":[{"count":3,"href":"https:\/\/www.polsoft.pl\/microsoft-surface\/wp-json\/wp\/v2\/product\/5108\/revisions"}],"predecessor-version":[{"id":5335,"href":"https:\/\/www.polsoft.pl\/microsoft-surface\/wp-json\/wp\/v2\/product\/5108\/revisions\/5335"}],"wp:featuredmedia":[{"embeddable":true,"href":"https:\/\/www.polsoft.pl\/microsoft-surface\/wp-json\/wp\/v2\/media\/4808"}],"wp:attachment":[{"href":"https:\/\/www.polsoft.pl\/microsoft-surface\/wp-json\/wp\/v2\/media?parent=5108"}],"wp:term":[{"taxonomy":"product_brand","embeddable":true,"href":"https:\/\/www.polsoft.pl\/microsoft-surface\/wp-json\/wp\/v2\/product_brand?post=5108"},{"taxonomy":"product_cat","embeddable":true,"href":"https:\/\/www.polsoft.pl\/microsoft-surface\/wp-json\/wp\/v2\/product_cat?post=5108"},{"taxonomy":"product_tag","embeddable":true,"href":"https:\/\/www.polsoft.pl\/microsoft-surface\/wp-json\/wp\/v2\/product_tag?post=5108"}],"curies":[{"name":"wp","href":"https:\/\/api.w.org\/{rel}","templated":true}]}}