{"id":5112,"date":"2023-05-05T13:13:01","date_gmt":"2023-05-05T13:13:01","guid":{"rendered":"https:\/\/polsoft.pl\/microsoft-surface\/produkt\/rysik-surface-hub-2s-pen\/"},"modified":"2026-01-23T12:46:58","modified_gmt":"2026-01-23T11:46:58","slug":"rysik-surface-hub-2s-pen","status":"publish","type":"product","link":"https:\/\/www.polsoft.pl\/microsoft-surface\/produkt\/rysik-surface-hub-2s-pen\/","title":{"rendered":"Rysik Surface Hub 2S Pen"},"content":{"rendered":"<p>Przekszta\u0142\u0107 ka\u017cd\u0105 interakcj\u0119 z Twoim Surface Hub 2S w naturalny i p\u0142ynny proces tw\u00f3rczy. Pi\u00f3ro Surface Hub 2S Pen to kluczowe narz\u0119dzie, kt\u00f3re usuwa barier\u0119 mi\u0119dzy Twoim pomys\u0142em a jego cyfrow\u0105 realizacj\u0105, czyni\u0105c wsp\u00f3\u0142prac\u0119 i prezentowanie bardziej intuicyjnym i dynamicznym ni\u017c kiedykolwiek wcze\u015bniej. Dzi\u0119ki zaawansowanej technologii i precyzyjnej ko\u0144c\u00f3wce, cyfrowy atrament pojawia si\u0119 na ekranie natychmiast, bez zauwa\u017calnego op\u00f3\u017anienia, daj\u0105c uczucie pisania po prawdziwej tablicy. Pi\u00f3ro jest idealnie skalibrowane do pracy na du\u017cym wy\u015bwietlaczu, zapewniaj\u0105c sta\u0142\u0105 precyzj\u0119 na ca\u0142ej jego powierzchni. Zapomnij o \u0142adowaniu i skomplikowanym parowaniu \u2013 jest zawsze gotowe do u\u017cycia. Wystarczy je podnie\u015b\u0107 i zacz\u0105\u0107 pisa\u0107, a dzi\u0119ki wygodnemu, magnetycznemu mocowaniu, zawsze b\u0119dzie pod r\u0119k\u0105. To idealny instrument do prowadzenia anga\u017cuj\u0105cych prezentacji, sesji burzy m\u00f3zg\u00f3w na Microsoft Whiteboard i dynamicznej interakcji z tre\u015bci\u0105, kt\u00f3ra inspiruje ca\u0142y zesp\u00f3\u0142. Pi\u00f3ro Surface Hub 2S Pen to niezb\u0119dny element, kt\u00f3ry uwalnia pe\u0142en potencja\u0142 Twojego interaktywnego wy\u015bwietlacza, czyni\u0105c ka\u017cd\u0105 sesj\u0119 pracy bardziej produktywn\u0105, kreatywn\u0105 i anga\u017cuj\u0105c\u0105.<\/p>\n","protected":false},"excerpt":{"rendered":"<p>Przekszta\u0142\u0107 ka\u017cd\u0105 interakcj\u0119 z Twoim Surface Hub 2S w naturalny i p\u0142ynny proces tw\u00f3rczy. Pi\u00f3ro Surface Hub 2S Pen to kluczowe narz\u0119dzie, kt\u00f3re usuwa barier\u0119 mi\u0119dzy Twoim pomys\u0142em a jego cyfrow\u0105 realizacj\u0105, czyni\u0105c wsp\u00f3\u0142prac\u0119 i prezentowanie bardziej intuicyjnym i dynamicznym ni\u017c kiedykolwiek wcze\u015bniej. Dzi\u0119ki zaawansowanej technologii i precyzyjnej ko\u0144c\u00f3wce, cyfrowy atrament pojawia si\u0119 na ekranie [&hellip;]<\/p>\n","protected":false},"featured_media":19563,"template":"","meta":{"site-sidebar-layout":"default","site-content-layout":"","ast-site-content-layout":"default","site-content-style":"default","site-sidebar-style":"default","ast-global-header-display":"","ast-banner-title-visibility":"","ast-main-header-display":"","ast-hfb-above-header-display":"","ast-hfb-below-header-display":"","ast-hfb-mobile-header-display":"","site-post-title":"","ast-breadcrumbs-content":"","ast-featured-img":"","footer-sml-layout":"","ast-disable-related-posts":"","theme-transparent-header-meta":"default","adv-header-id-meta":"","stick-header-meta":"","header-above-stick-meta":"","header-main-stick-meta":"","header-below-stick-meta":"","astra-migrate-meta-layouts":"set","ast-page-background-enabled":"default","ast-page-background-meta":{"desktop":{"background-color":"","background-image":"","background-repeat":"repeat","background-position":"center center","background-size":"auto","background-attachment":"scroll","background-type":"","background-media":"","overlay-type":"","overlay-color":"","overlay-opacity":"","overlay-gradient":""},"tablet":{"background-color":"","background-image":"","background-repeat":"repeat","background-position":"center center","background-size":"auto","background-attachment":"scroll","background-type":"","background-media":"","overlay-type":"","overlay-color":"","overlay-opacity":"","overlay-gradient":""},"mobile":{"background-color":"","background-image":"","background-repeat":"repeat","background-position":"center center","background-size":"auto","background-attachment":"scroll","background-type":"","background-media":"","overlay-type":"","overlay-color":"","overlay-opacity":"","overlay-gradient":""}},"ast-content-background-meta":{"desktop":{"background-color":"var(--ast-global-color-5)","background-image":"","background-repeat":"repeat","background-position":"center center","background-size":"auto","background-attachment":"scroll","background-type":"","background-media":"","overlay-type":"","overlay-color":"","overlay-opacity":"","overlay-gradient":""},"tablet":{"background-color":"var(--ast-global-color-5)","background-image":"","background-repeat":"repeat","background-position":"center center","background-size":"auto","background-attachment":"scroll","background-type":"","background-media":"","overlay-type":"","overlay-color":"","overlay-opacity":"","overlay-gradient":""},"mobile":{"background-color":"var(--ast-global-color-5)","background-image":"","background-repeat":"repeat","background-position":"center center","background-size":"auto","background-attachment":"scroll","background-type":"","background-media":"","overlay-type":"","overlay-color":"","overlay-opacity":"","overlay-gradient":""}},"_links_to":"","_links_to_target":""},"product_brand":[],"product_cat":[90],"product_tag":[],"class_list":{"0":"post-5112","1":"product","2":"type-product","3":"status-publish","4":"has-post-thumbnail","6":"product_cat-akcesoria-microsoft-surface","7":"desktop-align-left","8":"tablet-align-left","9":"mobile-align-left","11":"first","12":"instock","13":"taxable","14":"shipping-taxable","15":"purchasable","16":"product-type-simple"},"yoast_head":"<!-- This site is optimized with the Yoast SEO plugin v26.7 - https:\/\/yoast.com\/wordpress\/plugins\/seo\/ -->\n<title>Rysik Surface Hub 2S Pen - Sklep rozwi\u0105za\u0144 Microsoft Surface<\/title>\n<meta name=\"robots\" content=\"index, follow, max-snippet:-1, max-image-preview:large, max-video-preview:-1\" \/>\n<link rel=\"canonical\" href=\"https:\/\/polsoft.pl\/microsoft-surface\/produkt\/rysik-surface-hub-2s-pen\/\" \/>\n<meta property=\"og:locale\" content=\"pl_PL\" \/>\n<meta property=\"og:type\" content=\"article\" \/>\n<meta property=\"og:title\" content=\"Rysik Surface Hub 2S Pen - Sklep rozwi\u0105za\u0144 Microsoft Surface\" \/>\n<meta property=\"og:description\" content=\"Przekszta\u0142\u0107 ka\u017cd\u0105 interakcj\u0119 z Twoim Surface Hub 2S w naturalny i p\u0142ynny proces tw\u00f3rczy. Pi\u00f3ro Surface Hub 2S Pen to kluczowe narz\u0119dzie, kt\u00f3re usuwa barier\u0119 mi\u0119dzy Twoim pomys\u0142em a jego cyfrow\u0105 realizacj\u0105, czyni\u0105c wsp\u00f3\u0142prac\u0119 i prezentowanie bardziej intuicyjnym i dynamicznym ni\u017c kiedykolwiek wcze\u015bniej. Dzi\u0119ki zaawansowanej technologii i precyzyjnej ko\u0144c\u00f3wce, cyfrowy atrament pojawia si\u0119 na ekranie [&hellip;]\" \/>\n<meta property=\"og:url\" content=\"https:\/\/polsoft.pl\/microsoft-surface\/produkt\/rysik-surface-hub-2s-pen\/\" \/>\n<meta property=\"og:site_name\" content=\"Sklep rozwi\u0105za\u0144 Microsoft Surface\" \/>\n<meta property=\"article:modified_time\" content=\"2026-01-23T11:46:58+00:00\" \/>\n<meta property=\"og:image\" content=\"https:\/\/polsoft.pl\/microsoft-surface\/wp-content\/uploads\/2025\/07\/Rysik-Pioro-Microsoft-Surface.jpg\" \/>\n\t<meta property=\"og:image:width\" content=\"2400\" \/>\n\t<meta property=\"og:image:height\" content=\"2000\" \/>\n\t<meta property=\"og:image:type\" content=\"image\/jpeg\" \/>\n<meta name=\"twitter:card\" content=\"summary_large_image\" \/>\n<meta name=\"twitter:label1\" content=\"Szacowany czas czytania\" \/>\n\t<meta name=\"twitter:data1\" content=\"1 minuta\" \/>\n<script type=\"application\/ld+json\" class=\"yoast-schema-graph\">{\"@context\":\"https:\/\/schema.org\",\"@graph\":[{\"@type\":\"WebPage\",\"@id\":\"https:\/\/polsoft.pl\/microsoft-surface\/produkt\/rysik-surface-hub-2s-pen\/\",\"url\":\"https:\/\/polsoft.pl\/microsoft-surface\/produkt\/rysik-surface-hub-2s-pen\/\",\"name\":\"Rysik Surface Hub 2S Pen - Sklep rozwi\u0105za\u0144 Microsoft Surface\",\"isPartOf\":{\"@id\":\"https:\/\/polsoft.pl\/microsoft-surface\/#website\"},\"primaryImageOfPage\":{\"@id\":\"https:\/\/polsoft.pl\/microsoft-surface\/produkt\/rysik-surface-hub-2s-pen\/#primaryimage\"},\"image\":{\"@id\":\"https:\/\/polsoft.pl\/microsoft-surface\/produkt\/rysik-surface-hub-2s-pen\/#primaryimage\"},\"thumbnailUrl\":\"https:\/\/www.polsoft.pl\/microsoft-surface\/wp-content\/uploads\/2025\/07\/Rysik-Pioro-Microsoft-Surface.jpg\",\"datePublished\":\"2023-05-05T13:13:01+00:00\",\"dateModified\":\"2026-01-23T11:46:58+00:00\",\"breadcrumb\":{\"@id\":\"https:\/\/polsoft.pl\/microsoft-surface\/produkt\/rysik-surface-hub-2s-pen\/#breadcrumb\"},\"inLanguage\":\"pl-PL\",\"potentialAction\":[{\"@type\":\"ReadAction\",\"target\":[\"https:\/\/polsoft.pl\/microsoft-surface\/produkt\/rysik-surface-hub-2s-pen\/\"]}]},{\"@type\":\"ImageObject\",\"inLanguage\":\"pl-PL\",\"@id\":\"https:\/\/polsoft.pl\/microsoft-surface\/produkt\/rysik-surface-hub-2s-pen\/#primaryimage\",\"url\":\"https:\/\/www.polsoft.pl\/microsoft-surface\/wp-content\/uploads\/2025\/07\/Rysik-Pioro-Microsoft-Surface.jpg\",\"contentUrl\":\"https:\/\/www.polsoft.pl\/microsoft-surface\/wp-content\/uploads\/2025\/07\/Rysik-Pioro-Microsoft-Surface.jpg\",\"width\":2400,\"height\":2000},{\"@type\":\"BreadcrumbList\",\"@id\":\"https:\/\/polsoft.pl\/microsoft-surface\/produkt\/rysik-surface-hub-2s-pen\/#breadcrumb\",\"itemListElement\":[{\"@type\":\"ListItem\",\"position\":1,\"name\":\"Strona g\u0142\u00f3wna\",\"item\":\"https:\/\/polsoft.pl\/microsoft-surface\/\"},{\"@type\":\"ListItem\",\"position\":2,\"name\":\"Sklep\",\"item\":\"https:\/\/polsoft.pl\/microsoft-surface\/sklep\/\"},{\"@type\":\"ListItem\",\"position\":3,\"name\":\"Rysik Surface Hub 2S Pen\"}]},{\"@type\":\"WebSite\",\"@id\":\"https:\/\/polsoft.pl\/microsoft-surface\/#website\",\"url\":\"https:\/\/polsoft.pl\/microsoft-surface\/\",\"name\":\"Sklep Microsoft Surface\",\"description\":\"Sklep Microsoft Surface\",\"publisher\":{\"@id\":\"https:\/\/polsoft.pl\/microsoft-surface\/#organization\"},\"potentialAction\":[{\"@type\":\"SearchAction\",\"target\":{\"@type\":\"EntryPoint\",\"urlTemplate\":\"https:\/\/polsoft.pl\/microsoft-surface\/?s={search_term_string}\"},\"query-input\":{\"@type\":\"PropertyValueSpecification\",\"valueRequired\":true,\"valueName\":\"search_term_string\"}}],\"inLanguage\":\"pl-PL\"},{\"@type\":\"Organization\",\"@id\":\"https:\/\/polsoft.pl\/microsoft-surface\/#organization\",\"name\":\"Polsoft Engineering Sp. z o.o.\",\"url\":\"https:\/\/polsoft.pl\/microsoft-surface\/\",\"logo\":{\"@type\":\"ImageObject\",\"inLanguage\":\"pl-PL\",\"@id\":\"https:\/\/polsoft.pl\/microsoft-surface\/#\/schema\/logo\/image\/\",\"url\":\"https:\/\/www.polsoft.pl\/microsoft-surface\/wp-content\/uploads\/2020\/10\/microsoft_partner_logo_black_polsoft.png\",\"contentUrl\":\"https:\/\/www.polsoft.pl\/microsoft-surface\/wp-content\/uploads\/2020\/10\/microsoft_partner_logo_black_polsoft.png\",\"width\":613,\"height\":158,\"caption\":\"Polsoft Engineering Sp. z o.o.\"},\"image\":{\"@id\":\"https:\/\/polsoft.pl\/microsoft-surface\/#\/schema\/logo\/image\/\"}}]}<\/script>\n<!-- \/ Yoast SEO plugin. -->","yoast_head_json":{"title":"Rysik Surface Hub 2S Pen - Sklep rozwi\u0105za\u0144 Microsoft Surface","robots":{"index":"index","follow":"follow","max-snippet":"max-snippet:-1","max-image-preview":"max-image-preview:large","max-video-preview":"max-video-preview:-1"},"canonical":"https:\/\/polsoft.pl\/microsoft-surface\/produkt\/rysik-surface-hub-2s-pen\/","og_locale":"pl_PL","og_type":"article","og_title":"Rysik Surface Hub 2S Pen - Sklep rozwi\u0105za\u0144 Microsoft Surface","og_description":"Przekszta\u0142\u0107 ka\u017cd\u0105 interakcj\u0119 z Twoim Surface Hub 2S w naturalny i p\u0142ynny proces tw\u00f3rczy. Pi\u00f3ro Surface Hub 2S Pen to kluczowe narz\u0119dzie, kt\u00f3re usuwa barier\u0119 mi\u0119dzy Twoim pomys\u0142em a jego cyfrow\u0105 realizacj\u0105, czyni\u0105c wsp\u00f3\u0142prac\u0119 i prezentowanie bardziej intuicyjnym i dynamicznym ni\u017c kiedykolwiek wcze\u015bniej. Dzi\u0119ki zaawansowanej technologii i precyzyjnej ko\u0144c\u00f3wce, cyfrowy atrament pojawia si\u0119 na ekranie [&hellip;]","og_url":"https:\/\/polsoft.pl\/microsoft-surface\/produkt\/rysik-surface-hub-2s-pen\/","og_site_name":"Sklep rozwi\u0105za\u0144 Microsoft Surface","article_modified_time":"2026-01-23T11:46:58+00:00","og_image":[{"width":2400,"height":2000,"url":"https:\/\/polsoft.pl\/microsoft-surface\/wp-content\/uploads\/2025\/07\/Rysik-Pioro-Microsoft-Surface.jpg","type":"image\/jpeg"}],"twitter_card":"summary_large_image","twitter_misc":{"Szacowany czas czytania":"1 minuta"},"schema":{"@context":"https:\/\/schema.org","@graph":[{"@type":"WebPage","@id":"https:\/\/polsoft.pl\/microsoft-surface\/produkt\/rysik-surface-hub-2s-pen\/","url":"https:\/\/polsoft.pl\/microsoft-surface\/produkt\/rysik-surface-hub-2s-pen\/","name":"Rysik Surface Hub 2S Pen - Sklep rozwi\u0105za\u0144 Microsoft Surface","isPartOf":{"@id":"https:\/\/polsoft.pl\/microsoft-surface\/#website"},"primaryImageOfPage":{"@id":"https:\/\/polsoft.pl\/microsoft-surface\/produkt\/rysik-surface-hub-2s-pen\/#primaryimage"},"image":{"@id":"https:\/\/polsoft.pl\/microsoft-surface\/produkt\/rysik-surface-hub-2s-pen\/#primaryimage"},"thumbnailUrl":"https:\/\/www.polsoft.pl\/microsoft-surface\/wp-content\/uploads\/2025\/07\/Rysik-Pioro-Microsoft-Surface.jpg","datePublished":"2023-05-05T13:13:01+00:00","dateModified":"2026-01-23T11:46:58+00:00","breadcrumb":{"@id":"https:\/\/polsoft.pl\/microsoft-surface\/produkt\/rysik-surface-hub-2s-pen\/#breadcrumb"},"inLanguage":"pl-PL","potentialAction":[{"@type":"ReadAction","target":["https:\/\/polsoft.pl\/microsoft-surface\/produkt\/rysik-surface-hub-2s-pen\/"]}]},{"@type":"ImageObject","inLanguage":"pl-PL","@id":"https:\/\/polsoft.pl\/microsoft-surface\/produkt\/rysik-surface-hub-2s-pen\/#primaryimage","url":"https:\/\/www.polsoft.pl\/microsoft-surface\/wp-content\/uploads\/2025\/07\/Rysik-Pioro-Microsoft-Surface.jpg","contentUrl":"https:\/\/www.polsoft.pl\/microsoft-surface\/wp-content\/uploads\/2025\/07\/Rysik-Pioro-Microsoft-Surface.jpg","width":2400,"height":2000},{"@type":"BreadcrumbList","@id":"https:\/\/polsoft.pl\/microsoft-surface\/produkt\/rysik-surface-hub-2s-pen\/#breadcrumb","itemListElement":[{"@type":"ListItem","position":1,"name":"Strona g\u0142\u00f3wna","item":"https:\/\/polsoft.pl\/microsoft-surface\/"},{"@type":"ListItem","position":2,"name":"Sklep","item":"https:\/\/polsoft.pl\/microsoft-surface\/sklep\/"},{"@type":"ListItem","position":3,"name":"Rysik Surface Hub 2S Pen"}]},{"@type":"WebSite","@id":"https:\/\/polsoft.pl\/microsoft-surface\/#website","url":"https:\/\/polsoft.pl\/microsoft-surface\/","name":"Sklep Microsoft Surface","description":"Sklep Microsoft Surface","publisher":{"@id":"https:\/\/polsoft.pl\/microsoft-surface\/#organization"},"potentialAction":[{"@type":"SearchAction","target":{"@type":"EntryPoint","urlTemplate":"https:\/\/polsoft.pl\/microsoft-surface\/?s={search_term_string}"},"query-input":{"@type":"PropertyValueSpecification","valueRequired":true,"valueName":"search_term_string"}}],"inLanguage":"pl-PL"},{"@type":"Organization","@id":"https:\/\/polsoft.pl\/microsoft-surface\/#organization","name":"Polsoft Engineering Sp. z o.o.","url":"https:\/\/polsoft.pl\/microsoft-surface\/","logo":{"@type":"ImageObject","inLanguage":"pl-PL","@id":"https:\/\/polsoft.pl\/microsoft-surface\/#\/schema\/logo\/image\/","url":"https:\/\/www.polsoft.pl\/microsoft-surface\/wp-content\/uploads\/2020\/10\/microsoft_partner_logo_black_polsoft.png","contentUrl":"https:\/\/www.polsoft.pl\/microsoft-surface\/wp-content\/uploads\/2020\/10\/microsoft_partner_logo_black_polsoft.png","width":613,"height":158,"caption":"Polsoft Engineering Sp. z o.o."},"image":{"@id":"https:\/\/polsoft.pl\/microsoft-surface\/#\/schema\/logo\/image\/"}}]}},"_links":{"self":[{"href":"https:\/\/www.polsoft.pl\/microsoft-surface\/wp-json\/wp\/v2\/product\/5112","targetHints":{"allow":["GET"]}}],"collection":[{"href":"https:\/\/www.polsoft.pl\/microsoft-surface\/wp-json\/wp\/v2\/product"}],"about":[{"href":"https:\/\/www.polsoft.pl\/microsoft-surface\/wp-json\/wp\/v2\/types\/product"}],"version-history":[{"count":2,"href":"https:\/\/www.polsoft.pl\/microsoft-surface\/wp-json\/wp\/v2\/product\/5112\/revisions"}],"predecessor-version":[{"id":19565,"href":"https:\/\/www.polsoft.pl\/microsoft-surface\/wp-json\/wp\/v2\/product\/5112\/revisions\/19565"}],"wp:featuredmedia":[{"embeddable":true,"href":"https:\/\/www.polsoft.pl\/microsoft-surface\/wp-json\/wp\/v2\/media\/19563"}],"wp:attachment":[{"href":"https:\/\/www.polsoft.pl\/microsoft-surface\/wp-json\/wp\/v2\/media?parent=5112"}],"wp:term":[{"taxonomy":"product_brand","embeddable":true,"href":"https:\/\/www.polsoft.pl\/microsoft-surface\/wp-json\/wp\/v2\/product_brand?post=5112"},{"taxonomy":"product_cat","embeddable":true,"href":"https:\/\/www.polsoft.pl\/microsoft-surface\/wp-json\/wp\/v2\/product_cat?post=5112"},{"taxonomy":"product_tag","embeddable":true,"href":"https:\/\/www.polsoft.pl\/microsoft-surface\/wp-json\/wp\/v2\/product_tag?post=5112"}],"curies":[{"name":"wp","href":"https:\/\/api.w.org\/{rel}","templated":true}]}}